{"id":165,"date":"2023-04-11T18:08:31","date_gmt":"2023-04-11T16:08:31","guid":{"rendered":"https:\/\/amboslo.esteri.it\/chi-siamo\/la-rete-consolare\/"},"modified":"2025-11-25T10:13:37","modified_gmt":"2025-11-25T09:13:37","slug":"la-rete-consolare","status":"publish","type":"page","link":"https:\/\/amboslo.esteri.it\/en\/chi-siamo\/la-rete-consolare\/","title":{"rendered":"The Consular Network"},"content":{"rendered":"<p><img loading=\"lazy\" decoding=\"async\" class=\" wp-image-334 img-fluid\" src=\"https:\/\/amboslo.esteri.it\/wp-content\/uploads\/2023\/08\/Scandinavia_Rete_Consolare-300x251.png\" alt=\"Rete_Consolare_Norvegia_Islanda\" width=\"453\" height=\"379\" srcset=\"https:\/\/amboslo.esteri.it\/wp-content\/uploads\/2023\/08\/Scandinavia_Rete_Consolare-300x251.png 300w, https:\/\/amboslo.esteri.it\/wp-content\/uploads\/2023\/08\/Scandinavia_Rete_Consolare-768x644.png 768w, https:\/\/amboslo.esteri.it\/wp-content\/uploads\/2023\/08\/Scandinavia_Rete_Consolare.png 940w\" sizes=\"auto, (max-width: 453px) 100vw, 453px\" \/><\/p>\n<h4><strong>1. NORWAY<\/strong><\/h4>\n<p>The Italian Consular network in Norway consists of four Honorary Vice Consulates (Bergen, Stavanger, Troms\u00f8 and Trondheim) and two Honorary Consular Agencies (\u00c5lesund and Svolv\u00e6r), all under the jurisdiction of the Italian Embassy in Oslo.<\/p>\n<p><em>The Decrees of functions for the Italian Honorary Vice Consuls and Consular Agents are available at the Italian version of this page.<\/em><\/p>\n<p><strong>BERGEN<br \/>\nHonorary Vice Consulate in Bergen (Vestland)<br \/>\n<\/strong>Honorary Vice Consul <strong>Andrea MAGUGLIANI<br \/>\n<\/strong>Nesttunbrekka 31, 5221 Nesttun<br \/>\nOpening hours: Wednesday 19:30-21:00 (by appointment)<\/p>\n<p><a href=\"mailto:bergen.onorario@esteri.it\">bergen.onorario@esteri.it<\/a><\/p>\n<p>The Honorary Consular Office will be closed until July 31, 2025. During this period, please contact the Embassy in Oslo for any urgency or need.<\/p>\n<p><strong>STAVANGER<br \/>\n<\/strong><strong>Honorary Vice Consulate in Stavanger (Rogaland)<\/strong><br \/>\nHonorary Vice Consul <strong>Alessia GALFANO<\/strong><br \/>\nVestre Svanholmen 1, 4313 Sandnes<br \/>\nMail address: POB 101 Forus, 4068 STAVANGER<br \/>\nPh. (+47) 47638203<br \/>\n<a href=\"mailto:stavanger.onorario@esteri.it\">stavanger.onorario@esteri.it<\/a><\/p>\n<p><strong>SVOLV\u00c6R<br \/>\n<\/strong><strong>Honorary Consular Agency in Svolv\u00e6r (Nordland)<\/strong><br \/>\nConsular Agent <strong>Anniken ELLINGSEN AARSTEIN<\/strong><br \/>\nHavnekvartalet c\/o Nordnorsk Revisjon AS, Svolv\u00e6r<br \/>\nMail address: POB 3, Havnekvartalet, 8301 SVOLV\u00c6R<br \/>\nPh. (+47) 94 49 97 23<br \/>\n<a href=\"mailto:anniken@nordnorskrevisjon.no\">anniken@nordnorskrevisjon.no<\/a><\/p>\n<p><strong>TRONDHEIM<br \/>\n<\/strong><strong>Honorary Vice Consulate in Trondheim (Tr\u00f8ndelag)<\/strong><br \/>\nHonorary Vice Consul <strong>Giuseppe MARINELLI<\/strong><br \/>\nBr\u00f8setvegen 2A, 7045 TRONDHEIM<br \/>\nPh. (+47) 46 57 33 10<br \/>\n<a href=\"mailto:trondheim.onorario@esteri.it\">trondheim.onorario@esteri.it<\/a><br \/>\nWeb: <a href=\"http:\/\/www.consolatotrondheim.no\" target=\"_blank\" rel=\"noopener\">www.consolatotrondheim.no<\/a><\/p>\n<p><strong>TROMS\u00d8<br \/>\n<\/strong><strong>Honorary Vice Consulate in Troms\u00f8 (Troms og Finnmark, Svalbard)<br \/>\n<\/strong>Honorary Vice Consul <strong>Alessandro BELLELI<\/strong><br \/>\n\u00d8vre Markveg 11, 9011 TROMS\u00d8<br \/>\nPh. (+47) 972 90 969 (To be used for emergencies only &#8211; in case of actual and urgent need)<br \/>\n<a href=\"mailto:tromsoe.onorario@esteri.it\" target=\"_blank\" rel=\"noopener\">tromsoe.onorario@esteri.it<\/a><\/p>\n<p>&nbsp;<\/p>\n<p><strong>\u00c5LESUND<br \/>\n<\/strong><strong>Honorary Vice Consulate in \u00c5lesund (M\u00f8re og Romsdal)<\/strong><\/p>\n<p>Honorary Vice Consul <strong>Nina Helene OTTERLEI<\/strong><br \/>\nTennfjordvegen 113, 6264 TENNFJORD<br \/>\nPh. (+47) 905 00 907<br \/>\n<a href=\"mailto:aalesund.onorario@esteri.it\" target=\"_blank\" rel=\"noopener\">aalesund.onorario@esteri.it<\/a><br \/>\nOpening hours: Monday 16:00-17:00 (by appointment)<\/p>\n<p>&nbsp;<\/p>\n<p>o o o o o o o o<\/p>\n<p>&nbsp;<\/p>\n<h4><strong>2. ICELAND<\/strong><\/h4>\n<p>Italy is represented in Iceland by a Honorary Consul General in Reykjav\u00edk, under the jurisdiction of the Italian Embassy in Oslo.<\/p>\n<p><strong>Italian Honorary Consulate General in Reykjav\u00edk<\/strong><br \/>\nHonorary Consul General <strong>Rosa Bj\u00f6rg J\u00d3NSD\u00d3TTIR<\/strong><br \/>\nSu\u00f0urlandsbraut 6 (2nd floor to the left), 108 Reykjav\u00edk<br \/>\nPh. (+354) 698 1223<br \/>\n<a href=\"mailto:reykjavik.onorario@esteri.it\">reykjavik.onorario@esteri.it<\/a><br \/>\nOpening hours: Friday from 14:00 to 16:00 (UTC), by appointment<\/p>\n","protected":false},"excerpt":{"rendered":"1. NORWAY The Italian Consular network in Norway consists of four Honorary Vice Consulates (Bergen, Stavanger, Troms\u00f8 and Trondheim) and two Honorary Consular Agencies (\u00c5lesund and Svolv\u00e6r), all under the jurisdiction of the Italian Embassy in Oslo. The Decrees of functions for the Italian Honorary Vice Consuls and Consular Agents are available at the Italian [&hellip;]","protected":false},"author":1,"featured_media":0,"parent":142,"menu_order":8,"comment_status":"closed","ping_status":"closed","template":"","meta":{"footnotes":""},"class_list":["post-165","page","type-page","status-publish","hentry"],"_links":{"self":[{"href":"https:\/\/amboslo.esteri.it\/en\/wp-json\/wp\/v2\/pages\/165","targetHints":{"allow":["GET"]}}],"collection":[{"href":"https:\/\/amboslo.esteri.it\/en\/wp-json\/wp\/v2\/pages"}],"about":[{"href":"https:\/\/amboslo.esteri.it\/en\/wp-json\/wp\/v2\/types\/page"}],"author":[{"embeddable":true,"href":"https:\/\/amboslo.esteri.it\/en\/wp-json\/wp\/v2\/users\/1"}],"replies":[{"embeddable":true,"href":"https:\/\/amboslo.esteri.it\/en\/wp-json\/wp\/v2\/comments?post=165"}],"version-history":[{"count":7,"href":"https:\/\/amboslo.esteri.it\/en\/wp-json\/wp\/v2\/pages\/165\/revisions"}],"predecessor-version":[{"id":6834,"href":"https:\/\/amboslo.esteri.it\/en\/wp-json\/wp\/v2\/pages\/165\/revisions\/6834"}],"up":[{"embeddable":true,"href":"https:\/\/amboslo.esteri.it\/en\/wp-json\/wp\/v2\/pages\/142"}],"wp:attachment":[{"href":"https:\/\/amboslo.esteri.it\/en\/wp-json\/wp\/v2\/media?parent=165"}],"curies":[{"name":"wp","href":"https:\/\/api.w.org\/{rel}","templated":true}]}}