{"id":2214,"date":"2023-10-23T09:49:01","date_gmt":"2023-10-23T07:49:01","guid":{"rendered":"https:\/\/amboslo.esteri.it\/?page_id=2214"},"modified":"2024-08-30T10:55:01","modified_gmt":"2024-08-30T08:55:01","slug":"a-i-r-e-domande-frequenti","status":"publish","type":"page","link":"https:\/\/amboslo.esteri.it\/it\/servizi-consolari-e-visti\/servizi-per-il-cittadino-italiano\/servizi-elettorali__trashed\/a-i-r-e-domande-frequenti\/","title":{"rendered":"A.I.R.E. &#8211; Domande frequenti"},"content":{"rendered":"<p><strong>A.I.R.E. (Anagrafe Italiani Residenti all&#8217;Estero)<\/strong><\/p>\n<p><em>1. Come funziona il portale FAST IT?<br \/>\n<\/em><em>2. Come posso informare il Consolato di un cambio di indirizzo?<br \/>\n3. Come posso iscrivere all&#8217;AIRE i miei figli (minorenni o neonati)?<\/em><br \/>\n<em>4. Decorrenza dell&#8217;iscrizione all&#8217;AIRE, quando e chi la stabilisce?<\/em><br \/>\n<em>5. Come posso cambiare il mio Comune AIRE di riferimento in Italia?<\/em><br \/>\n<em>6. Come posso ottenere un certificato di iscrizione allo schedario consolare?<\/em><br \/>\n<em>7. Come faccio a sapere se la mia richiesta di iscrizione in AIRE o il mio cambio di indirizzo sono stati registrati?<\/em><br \/>\n<em>8. Che cosa succede se non ci si iscrive all\u2019AIRE?<\/em><br \/>\n<em>9. Chi NON si deve registrare all&#8217;AIRE?<\/em><\/p>\n<p><strong>1. Come funziona il portale FAST IT?<\/strong><br \/>\nPer poter accedere per la prima volta ai servizi consolari disponibili sul portale FAST IT bisogna seguire i seguenti<br \/>\npassaggi:<br \/>\n<span style=\"text-decoration: underline;\">&#8211; Registrati.<\/span><br \/>\nSi dovr\u00e0 confermare il possesso della cittadinanza italiana.<br \/>\nSar\u00e0 necessario indicare un indirizzo mail e una password (da un minimo di 8 caratteri ad un massimo di<br \/>\n16, perlomeno una lettera maiuscola, un numero e un carattere speciale).<br \/>\n<span style=\"text-decoration: underline;\">&#8211; Attiva l&#8217;account.<\/span><br \/>\nSi ricever\u00e0 una mail all\u2019indirizzo indicato, chiedendo di attivare l\u2019account (cliccare sul link<br \/>\ndi ATTIVAZIONE UTENZA).<br \/>\nQualora l\u2019account non sia attivato entro 72 ore, dovr\u00e0 essere richiesto un nuovo codice di attivazione<br \/>\n(INVIO NUOVO CODICE DI ATTIVAZIONE).<br \/>\n<span style=\"text-decoration: underline;\">&#8211; Se ti sei iscritto all&#8217;AIRE prima dell&#8217;introduzione del portale FAST IT, invia una richiesta per visualizzare la<\/span><br \/>\n<span style=\"text-decoration: underline;\">propria scheda anagrafica&#8221;(c.d. ASON).<\/span><br \/>\nLa pratica per \u201cVisualizzare la propria scheda anagrafica\u201d consiste semplicemente nel caricamento di un<br \/>\ndocumento d\u2019identit\u00e0, possibilmente italiano anche se scaduto per verificare l\u2019identit\u00e0 dell\u2019utente. Una<br \/>\nvolta definita la pratica ASON da parte dell\u2019ufficio consolare, il cittadino potr\u00e0 visualizzare i propri dati<br \/>\npersonali presenti nello schedario consolare.<br \/>\nIl servizio \u201cVisualizzare la propria scheda anagrafica\u201d (ASON) consiste in una semplice visualizzazione dei<br \/>\npropri dati e non comporta nessuna variazione o richiesta d\u2019iscrizione AIRE.<br \/>\n<span style=\"text-decoration: underline;\">&#8211; Compila la richiesta.<\/span><br \/>\nDopo aver attivato l\u2019account, si dovr\u00e0 accedere al sistema per compilare la richiesta di iscrizione AIRE on<br \/>\nline (ANAGRAFE CONSOLARE E AIRE).<\/p>\n<p>I servizi attualmente disponibili su Fast IT sono:<br \/>\n<span style=\"text-decoration: underline;\">&#8211; Iscrizione all&#8217;AIRE<\/span><br \/>\nOgni cittadino italiano MAGGIORENNE potr\u00e0 presentare la propria richiesta INDIVIDUALE di inserimento nello schedario consolare per la successiva iscrizione AIRE allegando un documento che attesti il soggiorno o la residenza.<br \/>\nPer documento attestante la residenza si intende un documento ufficiale rilasciato dalle autorit\u00e0 locali (come <em>Registreringsbevis<\/em> o <em>Bostedsattest<\/em> per la Norvegia, e <em>Registers Iceland<\/em> per l&#8217;Islanda).<br \/>\nVanno quindi caricate sul portale:<br \/>\n&#8211; copia del documento d\u2019identit\u00e0 (almeno delle pagine contenenti il numero del documento, le generalit\u00e0, la firma del titolare) di tutte le persone che si iscrivono<br \/>\n&#8211; copia della prova della residenza<br \/>\nL\u2019iscrizione decorre dalla data di inserimento della domanda sul Fast It.<br \/>\nLa notifica dell\u2019avvenuta iscrizione spetta al Comune italiano che avverte direttamente il cittadino all\u2019estero.<br \/>\n<span style=\"text-decoration: underline;\">&#8211; Cambio indirizzo<\/span><br \/>\nVanno caricati sul portale:<br \/>\n&#8211; copia del documento d\u2019identit\u00e0 (almeno delle pagine contenenti il numero del documento, le generalit\u00e0, la firma del titolare)<br \/>\n&#8211; copia firmata del modulo di richiesta compilato online seguendo i passaggi richiesti online<br \/>\n<span style=\"text-decoration: underline;\">&#8211; Verifica della propria scheda anagrafica.<\/span><br \/>\nL&#8217;operatore consolare trova i dati della richiesta gi\u00e0 caricati sul portale consolare e, controllata la documentazione<br \/>\nprodotta, trasmette l&#8217;istanza al Comune di competenza. <strong>Per questo \u00e8 importante inserire i propri dati e l\u2019indirizzo<\/strong><br \/>\n<strong>in modo corretto e completo.<\/strong><\/p>\n<p><strong>2. Come posso informare il Consolato di un cambio di indirizzo?<br \/>\n<\/strong>In caso di cambio di indirizzo, la cui la variazione puo&#8217; essere comunicata alla Cancelleria Consolare compilando l\u2019apposito <a href=\"https:\/\/amboslo.esteri.it\/wp-content\/uploads\/2023\/09\/cambioindirizzo.pdf\" target=\"_blank\" rel=\"noopener\"><strong>modulo<\/strong><\/a>\u00a0(con allegata copia del\u00a0documento di identit\u00e0) da inviare via email a\u00a0<a href=\"mailto:consolato.oslo@esteri.it\">consolato.oslo@esteri.it<\/a> o per posta ordinaria.\u00a0L\u2019aggiornamento \u00e8 necessario per poter fruire dei servizi consolari (ad es. rilascio di passaporti, documenti d\u2019identit\u00e0, di dichiarazioni, ecc.), votare all\u2019estero e ricevere le comunicazioni delle Autorit\u00e0 italiane.<\/p>\n<p><strong>3. Come posso iscrivere all&#8217;AIRE i miei figli (minorenni o neonati)?<\/strong><br \/>\n<span style=\"text-decoration: underline;\">&#8211; Iscrizione A.I.R.E. di un minore convivente con entrambi i genitori<\/span><br \/>\n<strong>Si effettua l\u2019iscrizione AIRE secondo indicazioni presenti in Iscrizione all\u2019AIRE per i residenti in<\/strong><br \/>\n<strong>Norvegia\/Iscrizione all\u2019AIRE per i residenti in Islanda.<\/strong><br \/>\nBasta pertanto un solo formulario per tutta la famiglia con le firme di entrambi i genitori.<br \/>\n<span style=\"text-decoration: underline;\">&#8211; Iscrizione AIRE di un minore convivente con un solo genitore<\/span><br \/>\nLa richiesta di iscrizione\/variazione AIRE di un minore non convivente con entrambi i genitori <span style=\"text-decoration: underline;\">deve<\/span><br \/>\n<span style=\"text-decoration: underline;\">essere sottoscritta da entrambi gli esercenti la responsabilit\u00e0 genitoriale e corredata dalle copie dei<\/span><br \/>\n<span style=\"text-decoration: underline;\">documenti d&#8217;identit\u00e0 di entrambi i firmatari.<\/span><br \/>\nIn difetto dell&#8217;espressione di volont\u00e0 di entrambi i genitori, la domanda dovr\u00e0 essere comunque<br \/>\nintegrata con il foglio consenso non firmato e con le spiegazioni del mancato consenso. Il consenso deve<br \/>\nessere attuale, ossia non pi\u00f9 di 6 mesi dalla firma.<br \/>\nQualora l\u2019interessato non possa fornire il consenso dell\u2019altro genitore, ad esempio per morte dell&#8217;altro<br \/>\ngenitore o per provvedimento giurisdizionale interdittivo della sua genitorialit\u00e0 o perch\u00e9 il minore \u00e8<br \/>\nstato riconosciuto da un solo genitore, dovr\u00e0 fornire evidenza documentale della situazione dichiarata.<br \/>\nQualora l&#8217;interessato dichiari invece la semplice impossibilit\u00e0 di ottenere il consenso dell&#8217;altro genitore,<br \/>\nad esempio, nel caso di irreperibilit\u00e0 dello stesso, dovr\u00e0 fornire le ultime coordinate conosciute dove<br \/>\nrisulta potenzialmente rintracciabile, intendendo come tali non solo l&#8217;indirizzo, ma anche eventuali<br \/>\ncontatti telefonici o di posta elettronica.<br \/>\n<span style=\"text-decoration: underline;\">&#8211; Iscrizione AIRE di un neonato<\/span><br \/>\nSe un neonato nasce in Norvegia e risieder\u00e0 all\u2019estero con entrambi i genitori o con un solo genitore, straniero o<br \/>\nitaliano, l\u2019iscrizione AIRE del neonato verr\u00e0 effettuata automaticamente con la richiesta di trascrizione della<br \/>\nnascita senza necessit\u00e0 di presentare una iscrizione AIRE; basta solo inviare la <strong>richiesta di trascrizione nascita<\/strong>.<\/p>\n<p><strong>4. Decorrenza dell&#8217;iscrizione all&#8217;AIRE, quando e chi la stabilisce?<\/strong><br \/>\nLa data di decorrenza AIRE viene stabilita dal comune italiano, non dall\u2019ufficio consolare.<br \/>\nSecondo il D.L 25 marzo 2019 n.22 (c.d. \u201cDecreto Brexit\u201d) art.16 comma 3, l\u2019iscrizione all\u2019AIRE produrr\u00e0 i suoi<br \/>\neffetti a decorrere dalla <strong>data in cui il cittadino presenta la richiesta AIRE<\/strong>\u00a0all\u2019Ufficio Consolare competente.<br \/>\nEventuali richieste sulla data di decorrenza AIRE vanno indirizzate direttamente al Comune in Italia, unico ente<br \/>\ncompetente per stabilire tale data.<\/p>\n<p><strong>5. Come posso cambiare il mio Comune AIRE di riferimento in Italia?<\/strong><br \/>\nLa richiesta di cambio di comune AIRE pu\u00f2 essere inviata unicamente per email all\u2019indirizzo <a href=\"mailto:consolato.oslo@esteri.it\" target=\"_blank\" rel=\"noopener\">consolato.oslo@esteri.it<\/a> utilizzando il <a href=\"https:\/\/amboslo.esteri.it\/wp-content\/uploads\/2024\/02\/Modulo-trasferimento-Comune-AIRE.pdf\">modulo firmato con copia del documento d&#8217;identit\u00e0 del dichiarante<\/a>.<br \/>\nI cittadini gi\u00e0 iscritti nell&#8217;AIRE di un comune possono richiedere di spostare tale iscrizione presso un altro comune, presentando apposita domanda nei casi previsti dalla legge, che sono solo quelli indicati di seguito:<br \/>\n1. Trasferimento nell&#8217;AIRE di un comune nella cui APR (Anagrafe della popolazione residente in Italia) sono iscritti membri del nucleo familiare.<br \/>\n2. Trasferimento nell&#8217;AIRE di un comune nella cui AIRE sono gi\u00e0 iscritti membri del nucleo familiare.<br \/>\nIn casi diversi da questi due sopra elencati, il trasferimento \u00e8 soggetto alla valutazione dei due comuni interessati.<br \/>\nIn caso di accettazione della domanda di trasferimento AIRE, viene spostata anche l&#8217;iscrizione nelle liste elettorali del nuovo Comune.<br \/>\nPer spostare assieme a s\u00e9 i figli minorenni \u00e8 <span style=\"text-decoration: underline;\">necessario allegare anche la dichiarazione di assenso firmata da <\/span><span style=\"text-decoration: underline;\">entrambi i genitori<\/span>; i figli maggiorenni invece devono presentare una richiesta di trasferimento individuale.<\/p>\n<p><strong>6. Come posso ottenere un certificato di iscrizione allo schedario consolare?<\/strong><br \/>\nLa Cancelleria Consolare pu\u00f2 comunque rilasciare ai cittadini iscritti nel proprio schedario consolare e residenti nella Circoscrizione, i seguenti certificati consolari anagrafici, validi solo all&#8217;estero oppure da esibire in Italia a soggetti privati:<br \/>\n&#8211; certificato di iscrizione consolare\/famiglia anagrafica (art. 8)<br \/>\n&#8211; certificato di iscrizione consolare individuale (art. 8)<br \/>\n&#8211; certificato di stato civile individuale (art. 2b)<br \/>\n&#8211; certificato di cittadinanza italiana individuale (art. 4a)<\/p>\n<p>I cittadini italiani iscritti nello schedario consolare di Oslo ed iscritti all&#8217;AIRE devono richiedere i certificati consolari anagrafici possibilmente per posta elettronica al seguente indirizzo: <a href=\"mailto:consolato.oslo@esteri.it\">consolato.oslo@esteri.it<\/a><br \/>\nGli Uffici Consolari non possono inoltre rilasciare certificati di iscrizione AIRE, n\u00e9 certificati di stato di famiglia, n\u00e9 certificati di residenza. Per un certificato di iscrizione AIRE (da non confondere con &#8220;Certificato di iscrizione allo schedario consolare&#8221;) si dovr\u00e0 richiederlo direttamente al comune in Italia, unico ente autorizzato al rilascio.<\/p>\n<p><strong>7. Come faccio a sapere se la mia richiesta di iscrizione in AIRE o il mio cambio di indirizzo sono stati registrati?<\/strong><br \/>\nAttraverso il portale FAST.IT si pu\u00f2 controllare lo stato della pratica in qualsiasi momento, quando lo stato della pratica \u00e8 \u201cDEFINITA\u201d oppure \u201cTRASMESSO AL COMUNE\u201d vuol dire che la pratica \u00e8 conclusa dal punto di vista consolare.<br \/>\nPer eventuali verifiche sul proprio AIRE i cittadini dovranno interpellare direttamente il proprio Comune.<\/p>\n<p><strong>8. Che cosa succede se non ci si iscrive all\u2019AIRE?<\/strong><\/p>\n<p>Con la Legge 30 dicembre 2023, n. 213 (art. 1, comma 242),\u00a0<span style=\"text-decoration: underline;\">\u00e8 stata introdotta una sanzione pecuniaria in caso di mancata iscrizione all\u2019AIRE<\/span>.<\/p>\n<p>Per ulteriori informazioni, clicca qui:\u00a0<a href=\"https:\/\/www.esteri.it\/it\/servizi-consolari-e-visti\/italiani-all-estero\/aire_0\/\" target=\"_blank\" rel=\"noopener\">https:\/\/www.esteri.it\/it\/servizi-consolari-e-visti\/italiani-all-estero\/aire_0\/<\/a><\/p>\n<p><strong>9. Chi NON si deve registrare all&#8217;AIRE?<\/strong><br \/>\nSono esentati dall&#8217;obbligo dell\u2019iscrizione all&#8217;AIRE:<br \/>\n&#8211; le persone che si recano all&#8217;estero per un periodo di tempo inferiore all&#8217;anno;<br \/>\n&#8211; i lavoratori stagionali;<br \/>\n&#8211; i dipendenti di ruolo dello Stato in servizio all&#8217;estero, notificati alle autorit\u00e0 locali ai sensi delle<br \/>\nConvenzioni di Vienna del 1961 e del 1963 sulle relazioni diplomatiche e consolari;<br \/>\n&#8211; i militari in servizio presso gli Uffici e le strutture della NATO.<\/p>\n","protected":false},"excerpt":{"rendered":"A.I.R.E. (Anagrafe Italiani Residenti all&#8217;Estero) 1. Come funziona il portale FAST IT? 2. Come posso informare il Consolato di un cambio di indirizzo? 3. Come posso iscrivere all&#8217;AIRE i miei figli (minorenni o neonati)? 4. Decorrenza dell&#8217;iscrizione all&#8217;AIRE, quando e chi la stabilisce? 5. Come posso cambiare il mio Comune AIRE di riferimento in Italia? [&hellip;]","protected":false},"author":4,"featured_media":0,"parent":70,"menu_order":0,"comment_status":"closed","ping_status":"closed","template":"","meta":{"footnotes":""},"class_list":["post-2214","page","type-page","status-publish","hentry"],"_links":{"self":[{"href":"https:\/\/amboslo.esteri.it\/it\/wp-json\/wp\/v2\/pages\/2214","targetHints":{"allow":["GET"]}}],"collection":[{"href":"https:\/\/amboslo.esteri.it\/it\/wp-json\/wp\/v2\/pages"}],"about":[{"href":"https:\/\/amboslo.esteri.it\/it\/wp-json\/wp\/v2\/types\/page"}],"author":[{"embeddable":true,"href":"https:\/\/amboslo.esteri.it\/it\/wp-json\/wp\/v2\/users\/4"}],"replies":[{"embeddable":true,"href":"https:\/\/amboslo.esteri.it\/it\/wp-json\/wp\/v2\/comments?post=2214"}],"version-history":[{"count":6,"href":"https:\/\/amboslo.esteri.it\/it\/wp-json\/wp\/v2\/pages\/2214\/revisions"}],"predecessor-version":[{"id":3767,"href":"https:\/\/amboslo.esteri.it\/it\/wp-json\/wp\/v2\/pages\/2214\/revisions\/3767"}],"up":[{"embeddable":true,"href":"https:\/\/amboslo.esteri.it\/it\/wp-json\/wp\/v2\/pages\/70"}],"wp:attachment":[{"href":"https:\/\/amboslo.esteri.it\/it\/wp-json\/wp\/v2\/media?parent=2214"}],"curies":[{"name":"wp","href":"https:\/\/api.w.org\/{rel}","templated":true}]}}