{"id":2216,"date":"2023-10-23T09:51:34","date_gmt":"2023-10-23T07:51:34","guid":{"rendered":"https:\/\/amboslo.esteri.it\/?page_id=2216"},"modified":"2024-02-28T13:09:07","modified_gmt":"2024-02-28T12:09:07","slug":"passaporti-e-carte-didentita-domande-frequenti","status":"publish","type":"page","link":"https:\/\/amboslo.esteri.it\/it\/servizi-consolari-e-visti\/servizi-per-il-cittadino-italiano\/servizi-elettorali__trashed\/passaporti-e-carte-didentita-domande-frequenti\/","title":{"rendered":"Passaporti e carte d&#8217;identit\u00e0 &#8211; Domande frequenti"},"content":{"rendered":"<p><em>1. Come faccio a ottenere un nuovo passaporto?<\/em><br \/>\n<em>2. Come faccio ad ottenere una nuova carta di identit\u00e0?<\/em><br \/>\n<em>3. Mi \u00e8 stato rubato \/ ho smarrito un mio documento. Cosa faccio?<\/em><br \/>\n<em>4. Vorrei che i miei figli viaggiassero per e dall\u2019Italia con i nonni. Di quali documenti\/ autorizzazioni ho bisogno?<\/em><\/p>\n<p><strong>1. Come faccio ad ottenere un nuovo passaporto?<\/strong><br \/>\nCompilare l\u2019apposito modulo di richiesta ed inviarlo con i relativi allegati alla Cancelleria Consolare. La domanda<br \/>\npu\u00f2 essere anticipata per posta elettronica (<a href=\"mailto:consolato.oslo@esteri.it\">consolato.oslo@esteri.it<\/a>) allegando copia dei documenti di identit\u00e0.<br \/>\nIl vecchio libretto e l\u2019originale della domanda potranno essere consegnate alla Cancelleria Consolare il giorno<br \/>\ndell\u2019appuntamento per la rilevazione delle impronte digitali.<br \/>\nPer il rilascio di documenti per minori vi \u00e8 l\u2019obbligo dell\u2019assenso firmato da entrambi i genitori o da chi esercita la<br \/>\nresponsabilit\u00e0 genitoriale.<br \/>\nOccorrono inoltre due foto formato tessera, 35&#215;40, recenti (fatte negli ultimi 6 mesi). Per l\u2019emissione di passaporto<br \/>\nper i minori di 12 anni \u00e8 obbligatoria la legalizzazione delle fotografie presso la Cancelleria Consolare o presso gli<br \/>\nuffici dei Vice Consoli Onorari, previo appuntamento con gli stessi (i moduli per l&#8217;autentica della foto sono<br \/>\ndisponibili qui)<br \/>\nSe il passaporto deve essere spedito per posta, allegare una busta preaffrancata indicante l&#8217;indirizzo del<br \/>\ndestinatario e con affrancatura che copra il costo di una spedizione raccomandata in Norvegia (a partire da 230-<br \/>\nNOK per una busta piccola \u2013 spessore fino a 2 cm\/ grandezza massima 17.6&#215;25 cm &#8211; 278,- NOK circa per una busta<br \/>\ngrande \u2013 spessore fino a 2 cm\/ grandezza massima 25&#215;35.3 cm).<br \/>\nL&#8217;emissione del passaporto \u00e8 soggetta ad una percezione consolare che varia leggermente a cadenza trimestrale<br \/>\nsulla base della fluttuazione del tasso di cambio EUR\/NOK. Per la tariffa da pagare clicca qui.<br \/>\nIl pagamento \u00e8 da effettuarsi nel giorno dell\u2019appuntamento con carta di debito\/credito appartenente al circuito<br \/>\nBank Axept.<br \/>\nNel caso in cui si renda necessario (per minori di 12 anni e per coloro i cui dati biometrici siano stati rilevati presso<br \/>\ngli Uffici dei Vice Consoli Onorario) spedire il passaporto, sar\u00e0 possibile procedere al pagamento tramite accredito<br \/>\nbancario solo dopo aver ricevuto istruzioni dalla Cancelleria Consolare.<\/p>\n<p><strong>2. Come faccio ad ottenere una nuova carta di identit\u00e0?<\/strong><br \/>\nLa carta d&#8217;identit\u00e0 elettronica viene rilasciata esclusivamente ai cittadini Italiani regolarmente residenti nella<br \/>\ncircoscrizione consolare di Ambasciata d\u2019Italia a Oslo, che siano gi\u00e0 registrati in AIRE (Anagrafe degli Italiani<br \/>\nResidenti all\u2019Estero). <span style=\"text-decoration: underline;\">\u00c8 altres\u00ec indispensabile possedere il codice fiscale<\/span>.<br \/>\nLa richiesta della carta d\u2019identit\u00e0 elettronica deve essere <span style=\"text-decoration: underline;\">presentata inviando il modulo apposito compilato<\/span>, l\u2019atto<br \/>\ndi assenso di entrambi genitori nel caso in cui il richiedente sia un minore di 18 anni e copia di un documento di<br \/>\nidentit\u00e0 valido per e-mail a <a href=\"mailto:consolato.oslo@esteri.it\">consolato.oslo@esteri.it<\/a><br \/>\nIl giorno dell\u2019appuntamento in Ambasciata saranno acquisite le impronte digitali (salvo per i minori di anni 12) e<br \/>\nverr\u00e0 richiesta la produzione della Carta di identit\u00e0 elettronica.<\/p>\n<p><strong>3. Mi \u00e8 stato rubato \/ ho smarrito un mio documento. Cosa faccio?<\/strong><br \/>\nSi prega di telefonare all&#8217;Ambasciata \u00e8 dalle 8:00 alle 17:00. L&#8217;orario di apertura al pubblico \u00e8 dal luned\u00ec al venerd\u00ec<br \/>\ndalle 9:30 alle 12.30. Telefono: +47 23084908 \/ 10 &#8211; Email: <a href=\"mailto:consolato.oslo@esteri.it\">consolato.oslo@esteri.it<\/a><br \/>\nL\u2019eventuale ritiro del documento potr\u00e0 avvenire direttamente presso la Cancelleria Consolare o tramite invio per<br \/>\nposta, con spese di spedizione a carico del richiedente.<br \/>\nIn caso di furto o smarrimento, <span style=\"text-decoration: underline;\">per chiedere un nuovo passaporto o una nuova carta di identit\u00e0 \u00e8 necessario <\/span><br \/>\n<span style=\"text-decoration: underline;\">recarsi personalmente presso la Cancelleria Consolare con copia della denuncia presentata presso le autorit\u00e0 di <\/span><br \/>\n<span style=\"text-decoration: underline;\">Polizia locali, ove devono essere riportati obbligatoriamente gli estremi del documento smarrito<\/span>. Una volta<br \/>\nvalutato il caso da parte della Cancelleria Consolare, sar\u00e0 possibile presentare domanda per l\u2019emissione del nuovo<br \/>\npassaporto o di nuova carta di identit\u00e0.<br \/>\nPer i possessori di una patente di guida italiana, in caso di smarrimento\/furto, l&#8217;emissione di nuova patente va<br \/>\nrichiesta direttamente alla Motorizzazione Civile di appartenenza.<\/p>\n<p><strong>4. Vorrei che i miei figli viaggiassero in e dall\u2019Italia con i nonni.<\/strong> <strong>Di quali documenti\/ autorizzazioni ho bisogno?<\/strong><br \/>\nNei casi in cui i minori viaggino da e per l\u2019Italia da soli (affidati all\u2019assistente di volo) o accompagnati da persone<br \/>\nche non sono i genitori (nonni, zii, amici, ecc.) occorre che i minori stessi siano autorizzati con una apposita<br \/>\n<span style=\"text-decoration: underline;\">dichiarazione<\/span> rilasciata da chi pu\u00f2 dare l\u2019autorizzazione al viaggio (i genitori o chi ne fa legalmente le veci).<br \/>\nNella <span style=\"text-decoration: underline;\">dichiarazione di accompagnamento<\/span>, da inviare alla Cancelleria Consolare, deve essere menzionato il nome<br \/>\ndella persona, dell\u2019ente o della compagnia di trasporto a cui i minori medesimi sono affidati.<br \/>\nTale dichiarazione deve essere poi sottoscritta dagli interessati e dall\u2019autorit\u00e0 competente al rilascio del passaporto<br \/>\n(a Oslo, dalla Cancelleria consolare) che rilascia apposita attestazione.<br \/>\nI minori devono comunque essere in possesso di un proprio documento di viaggio (passaporto\/carta di identit\u00e0)<\/p>\n","protected":false},"excerpt":{"rendered":"1. Come faccio a ottenere un nuovo passaporto? 2. Come faccio ad ottenere una nuova carta di identit\u00e0? 3. Mi \u00e8 stato rubato \/ ho smarrito un mio documento. Cosa faccio? 4. Vorrei che i miei figli viaggiassero per e dall\u2019Italia con i nonni. Di quali documenti\/ autorizzazioni ho bisogno? 1. Come faccio ad ottenere [&hellip;]","protected":false},"author":4,"featured_media":0,"parent":70,"menu_order":0,"comment_status":"closed","ping_status":"closed","template":"","meta":{"footnotes":""},"class_list":["post-2216","page","type-page","status-publish","hentry"],"_links":{"self":[{"href":"https:\/\/amboslo.esteri.it\/it\/wp-json\/wp\/v2\/pages\/2216","targetHints":{"allow":["GET"]}}],"collection":[{"href":"https:\/\/amboslo.esteri.it\/it\/wp-json\/wp\/v2\/pages"}],"about":[{"href":"https:\/\/amboslo.esteri.it\/it\/wp-json\/wp\/v2\/types\/page"}],"author":[{"embeddable":true,"href":"https:\/\/amboslo.esteri.it\/it\/wp-json\/wp\/v2\/users\/4"}],"replies":[{"embeddable":true,"href":"https:\/\/amboslo.esteri.it\/it\/wp-json\/wp\/v2\/comments?post=2216"}],"version-history":[{"count":4,"href":"https:\/\/amboslo.esteri.it\/it\/wp-json\/wp\/v2\/pages\/2216\/revisions"}],"predecessor-version":[{"id":3174,"href":"https:\/\/amboslo.esteri.it\/it\/wp-json\/wp\/v2\/pages\/2216\/revisions\/3174"}],"up":[{"embeddable":true,"href":"https:\/\/amboslo.esteri.it\/it\/wp-json\/wp\/v2\/pages\/70"}],"wp:attachment":[{"href":"https:\/\/amboslo.esteri.it\/it\/wp-json\/wp\/v2\/media?parent=2216"}],"curies":[{"name":"wp","href":"https:\/\/api.w.org\/{rel}","templated":true}]}}