{"id":2223,"date":"2023-10-23T10:04:37","date_gmt":"2023-10-23T08:04:37","guid":{"rendered":"https:\/\/amboslo.esteri.it\/?page_id=2223"},"modified":"2024-02-28T13:10:33","modified_gmt":"2024-02-28T12:10:33","slug":"matrimonio-domande-frequenti","status":"publish","type":"page","link":"https:\/\/amboslo.esteri.it\/it\/servizi-consolari-e-visti\/servizi-per-il-cittadino-italiano\/servizi-elettorali__trashed\/matrimonio-domande-frequenti\/","title":{"rendered":"Matrimonio &#8211; Domande frequenti"},"content":{"rendered":"<ol>\n<li><em>Mi sono sposato\/a in Norvegia\/Islanda. Come posso trascrivere il mio matrimonio in Italia?<\/em><\/li>\n<li><em>Mi voglio sposare in Norvegia. Cosa devo fare?<\/em><\/li>\n<li><em>Mi voglio sposare in Italia. Cosa devo fare?<\/em><\/li>\n<li><em>Quali sono i documenti necessari per le pubblicazioni di matrimonio?<\/em><\/li>\n<li><em>Sono sposato\/a con un italiano\/a. Come faccio ad acquisire la cittadinanza italiana?<\/em><\/li>\n<li><em>Intendo sposarmi in Norvegia con cittadino\/a norvegese: posso cambiare il mio cognome acquisendo\/aggiungendo quello del coniuge?<\/em><\/li>\n<\/ol>\n<p><strong>1. Mi sono sposato\/a in Norvegia\/Islanda. Come posso trascrivere il mio matrimonio in Italia?<\/strong><\/p>\n<p>NORVEGIA:<br \/>\nPer richiedere la trascrizione in Italia di un matrimonio celebrato in Norvegia, occorre presentare, per mezzo posta o a mano presso la Cancelleria consolare a Oslo, la seguente documentazione:<br \/>\n&#8211; il modulo di domanda;<br \/>\n&#8211; il certificato di matrimonio originale corredato di apostille (da procurarsi presso il\u00a0<em>Statsforvalteren<\/em>);<br \/>\n&#8211; una copia del documento di identit\u00e0 di entrambi i coniugi.<\/p>\n<p>Successivamente la Cancelleria consolare provveder\u00e0 a tradurre e a trasmettere l\u2019atto al Comune o ai Comuni A.I.R.E. di riferimento dei coniugi.<\/p>\n<p>ISLANDA:<br \/>\nNel caso di un matrimonio celebrato in Islanda \u00e8 possibile rivolgersi al Console onorario a Reykjav\u00edk che, una volta presa visione della domanda e in seguito ad un\u2019eventuale traduzione dell\u2019atto islandese, contatter\u00e0 la Cancelleria consolare a Oslo per il successivo invio ai Comuni.<br \/>\nNel caso di un matrimonio celebrato in Norvegia o in Islanda tra persone dello stesso sesso il Comune provveder\u00e0 a trascrivere l\u2019atto come unione civile.<\/p>\n<p><strong>2. Mi voglio sposare in Norvegia. Cosa devo fare?<\/strong><br \/>\nIl connazionale iscritto AIRE che intende sposarsi in Norvegia pu\u00f2 richiedere presso questa Ambasciata un\u2019attestazione di assenza impedimenti per contrarre matrimonio (<em>Erkl\u00e6ring om at det ikke foreligger <\/em><em>hindringer for \u00e5 inng\u00e5 ekteskap<\/em>) da presentare alle autorit\u00e0 locali.<br \/>\nA tal fine occorre presentare la seguente documentazione:<br \/>\n&#8211; autocertificazione compilata e sottoscritta dalle parti;<br \/>\n&#8211; dichiarazione sostitutiva per matrimonio (sottoscritta dai futuri sposi, anche nel caso in cui uno dei due sia di cittadinanza straniera);<br \/>\n&#8211; copia del documento d\u2019identit\u00e0 di entrambi.<\/p>\n<p>I moduli per l\u2019autocertificazione e la dichiarazione sostitutiva sono disponibili nella sezione Modulistica.<br \/>\nDi seguito la Cancelleria Consolare effettuer\u00e0 richiesta di attestato di stato civile presso il Comune A.I.R.E o il Comune di nascita dei connazionali, idoneo a provare l\u2019inesistenza di impedimenti.<br \/>\nL\u2019attestazione di assenza impedimenti (<em>Erkl\u00e6ring<\/em>) prodotta dalla Cancelleria Consolare sar\u00e0 rilasciata solo sulla base del positivo esito degli accertamenti. Una volta ricevuta conferma dal Comune, sar\u00e0 quindi possibile ritirare l&#8217;attestato (con validit\u00e0 di 6 mesi) presso questa Sede previo pagamento del costo amministrativo previsto.<\/p>\n<p><strong>3. Mi voglio sposare in Italia. Cosa devo fare?<\/strong><br \/>\nI connazionali iscritti AIRE che vogliono sposarsi in Italia devono render nota tale intenzione ai fini delle pubblicazioni del matrimonio presso questa Cancelleria Consolare.<br \/>\nA tale scopo occorrer\u00e0 presentare la seguente documentazione:<br \/>\n&#8211; autocertificazione sottoscritta dalle parti;<br \/>\n&#8211; dichiarazione sostitutiva per matrimonio (solo per i cittadini italiani);<br \/>\n&#8211; copia del documento di identit\u00e0 di entrambi.<\/p>\n<p>I moduli per l\u2019autocertificazione e la dichiarazione sostitutiva sono disponibili nella sezione Modulistica.<\/p>\n<p><strong>4. Quali sono i documenti necessari per le pubblicazioni di matrimonio?<\/strong><br \/>\nPer il <span style=\"text-decoration: underline;\">cittadino italiano residente in Norvegia<\/span>:<br \/>\n&#8211; Copia del proprio passaporto.<br \/>\nPer il <span style=\"text-decoration: underline;\">cittadino norvegese<\/span>:<br \/>\n&#8211; Estratto dell\u2019atto di nascita \u201c<em>f\u00f8dselsattest<\/em>\u201d debitamente legalizzato per mezzo di apostille e tradotto in italiano;<br \/>\n&#8211; Nulla osta (dichiarazione di assenza impedimenti) rilasciato dall\u2019Anagrafe Centrale Norvegese <em>Folkeregister\/Skatteetaten<\/em> debitamente legalizzato per mezzo di apostille e tradotto in italiano;<br \/>\n&#8211; Copia del proprio passaporto.<\/p>\n<p>Per il <span style=\"text-decoration: underline;\">cittadino straniero residente in Norvegia<\/span>:<br \/>\n&#8211; \u201c<em>Utskrift av opplysninger registret i det sentrale folkeregister<\/em>\u201d da richiedere al Folkeregister;<br \/>\n&#8211; Nulla osta al matrimonio o certificato di stato libero rilasciato dal proprio Consolato\/Ambasciata in Norvegia;<br \/>\n&#8211; Copia del proprio passaporto.<br \/>\nPer il <span style=\"text-decoration: underline;\">cittadino straniero non residente in Norvegia<\/span>:<br \/>\n&#8211; Nulla osta al matrimonio rilasciato dall\u2019Anagrafe del paese di provenienza tradotto in italiano e legalizzato\/certificato dal Consolato italiano nel paese di provenienza;<br \/>\n&#8211; Copia del proprio passaporto.<\/p>\n<p>Le pubblicazioni di matrimonio vengono effettuate esclusivamente presso l\u2019Ambasciata d\u2019Italia ad Oslo dietro appuntamento, e sono obbligatorie per i cittadini italiani iscritti all\u2019AIRE che intendono sposarsi in Italia o in Ambasciata.<br \/>\nEsse devono restare affisse all\u2019albo della Cancelleria Consolare per un periodo di 8 giorni lavorativi al termine del quale l\u2019Ambasciata rilascia il certificato di avvenute pubblicazioni e la delega per il comune italiano dove verr\u00e0 celebrato il matrimonio.<\/p>\n<p><em>N.B.<\/em> I cittadini italiani residenti all\u2019estero che intendono sposarsi in un comune norvegese non necessitano delle pubblicazioni di matrimonio. Per ottenere informazioni circa la procedura ed i documenti necessari si prega di contattare il Folkeregister (dalla Norvegia: numero verde 80080000; dall&#8217;estero numero 004 722077000, selezionando l&#8217;opzione 2).<\/p>\n<p><strong>5. Sono sposato\/a con un italiano\/a. Come faccio ad acquisire la cittadinanza italiana?<\/strong><br \/>\nAttualmente la domanda per l\u2019acquisizione della cittadinanza italiana per matrimonio va presentata direttamente online accedendo al portale specificatamente creato del Ministero dell\u2019Interno. Successivamente sar\u00e0 possibile presentarsi presso questa Ambasciata su appuntamento.<\/p>\n<p><strong>6. Intendo sposarmi in Norvegia con cittadino\/a norvegese: posso cambiare il mio cognome acquisendo\/aggiungendo quello del coniuge?<\/strong><\/p>\n<p>No. In base alle disposizioni nazionali i cittadini italiani possono modificare le proprie generalit\u00e0 (nome e cognome) solo su autorizzazione della Prefettura della provincia italiana di ultima residenza.\u00a0Qualsiasi opzione espressa presso le autorit\u00e0 norvegesi &#8211; <em>Skatteetaten\/Folkeregister<\/em> &#8211; non viene recepita automaticamente delle autorit\u00e0 italiane.<\/p>\n","protected":false},"excerpt":{"rendered":"Mi sono sposato\/a in Norvegia\/Islanda. Come posso trascrivere il mio matrimonio in Italia? Mi voglio sposare in Norvegia. Cosa devo fare? Mi voglio sposare in Italia. Cosa devo fare? Quali sono i documenti necessari per le pubblicazioni di matrimonio? Sono sposato\/a con un italiano\/a. Come faccio ad acquisire la cittadinanza italiana? Intendo sposarmi in Norvegia [&hellip;]","protected":false},"author":4,"featured_media":0,"parent":70,"menu_order":0,"comment_status":"closed","ping_status":"closed","template":"","meta":{"footnotes":""},"class_list":["post-2223","page","type-page","status-publish","hentry"],"_links":{"self":[{"href":"https:\/\/amboslo.esteri.it\/it\/wp-json\/wp\/v2\/pages\/2223","targetHints":{"allow":["GET"]}}],"collection":[{"href":"https:\/\/amboslo.esteri.it\/it\/wp-json\/wp\/v2\/pages"}],"about":[{"href":"https:\/\/amboslo.esteri.it\/it\/wp-json\/wp\/v2\/types\/page"}],"author":[{"embeddable":true,"href":"https:\/\/amboslo.esteri.it\/it\/wp-json\/wp\/v2\/users\/4"}],"replies":[{"embeddable":true,"href":"https:\/\/amboslo.esteri.it\/it\/wp-json\/wp\/v2\/comments?post=2223"}],"version-history":[{"count":6,"href":"https:\/\/amboslo.esteri.it\/it\/wp-json\/wp\/v2\/pages\/2223\/revisions"}],"predecessor-version":[{"id":3177,"href":"https:\/\/amboslo.esteri.it\/it\/wp-json\/wp\/v2\/pages\/2223\/revisions\/3177"}],"up":[{"embeddable":true,"href":"https:\/\/amboslo.esteri.it\/it\/wp-json\/wp\/v2\/pages\/70"}],"wp:attachment":[{"href":"https:\/\/amboslo.esteri.it\/it\/wp-json\/wp\/v2\/media?parent=2223"}],"curies":[{"name":"wp","href":"https:\/\/api.w.org\/{rel}","templated":true}]}}