{"id":2227,"date":"2023-10-23T10:10:25","date_gmt":"2023-10-23T08:10:25","guid":{"rendered":"https:\/\/amboslo.esteri.it\/?page_id=2227"},"modified":"2024-02-28T13:11:13","modified_gmt":"2024-02-28T12:11:13","slug":"stato-civile-domande-frequenti","status":"publish","type":"page","link":"https:\/\/amboslo.esteri.it\/it\/servizi-consolari-e-visti\/servizi-per-il-cittadino-italiano\/servizi-elettorali__trashed\/stato-civile-domande-frequenti\/","title":{"rendered":"Stato civile &#8211; Domande frequenti"},"content":{"rendered":"<ol>\n<li><em>Il mio nome\/cognome sul documento d\u2019identit\u00e0 italiano non corrisponde al mio nome\/cognome indicato su un documento straniero. Cosa posso fare?<\/em><\/li>\n<li><em>Mio figlio pu\u00f2 prendere anche il cognome materno in fase di trascrizione dell&#8217;atto di nascita?<\/em><\/li>\n<li><em>Ho bisogno di un atto di stato civile rilasciato dal Comune italiano (nascita, matrimonio ecc.). Posso richiederlo in Consolato?<\/em><\/li>\n<li><em>La cancelleria consolare rilascia certificati consolari anagrafici?<\/em><\/li>\n<\/ol>\n<p><strong>1. Il mio nome\/cognome sul documento d\u2019identit\u00e0 italiano non corrisponde al mio nome\/cognome indicato su un documento straniero. Cosa posso fare?<\/strong><\/p>\n<p>In alcuni casi \u00e8 possibile che vi sia una discrepanza tra il nome\/cognome indicato in un documento d&#8217;identit\u00e0 italiano rispetto ad uno (o pi\u00f9) straniero.<br \/>\nLe amministrazioni pubbliche a tal riguardo richiedono un certificato di &#8220;stessa persona&#8221;, con il quale si dichiara che i documenti attestano l&#8217;identit\u00e0 della stessa persona, nonostante la differenza nelle generalit\u00e0.<br \/>\nPer il rilascio del certificato di &#8220;stessa persona&#8221; o \u201cconcordanza\u201d \u00e8 necessario presentarsi di persona, previo appuntamento, presso l&#8217;Ambasciata italiana ad Oslo o far pervenire alla stessa Ambasciata, per posta ordinaria, i seguenti documenti (non per e-mail):<br \/>\n&#8211; Richiesta scritta e firmata dall&#8217;interessato\/a in carta;<br \/>\n&#8211; Fotocopia dei documenti d&#8217;identit\u00e0 italiani o stranieri con i dati anagrafici diversi;<br \/>\n&#8211; Busta di ritorno preaffrancata con l&#8217;indirizzo dell&#8217;interessato (per chi fosse interessato alla spedizione di ritorno per posta ordinaria).<br \/>\nIl servizio \u00e8 a pagamento.<\/p>\n<p><strong>2. Mio figlio pu\u00f2 prendere anche il cognome materno in fase di trascrizione dell&#8217;atto di nascita?<\/strong><br \/>\nI genitori, di comune accordo, possono decidere di trasmettere al figlio, al momento della nascita, anche il cognome materno oltre a quello paterno.<br \/>\nGli atti di nascita stranieri di figli di genitori entrambi esclusivamente italiani, presentati per la trascrizione in Italia, che gi\u00e0 rechino il cognome materno IN AGGIUNTA a quello paterno sono quindi accettati dall&#8217;Ambasciata e dai Comuni italiani.<\/p>\n<p><strong>3. Ho bisogno di un atto di stato civile rilasciato dal Comune italiano (nascita, matrimonio ecc.). Posso richiederlo in Consolato?<\/strong><br \/>\n<strong>No<\/strong>. Le Ambasciate non possono rilasciare certificati di stato civile: certificato di nascita, certificato di matrimonio, ecc. Questi certificati, che sono spesso necessari all&#8217;estero per il disbrigo di pratiche di vario tipo, devono essere richiesti direttamente dagli interessati al Comune italiano dove sono registrati.<br \/>\nPer motivi pratici, si consiglia di richiedere sempre i certificati internazionali o &#8220;plurilingue&#8221; Si fa presente che per i certificati italiani (atto di nascita\/matrimonio\/divorzio\/morte) da far valere in Norvegia occorre sempre avere l&#8217;apostille (l&#8217;apostille in Italia \u00e8 rilasciata dalla Prefettura della Provincia<br \/>\nin cui il certificato \u00e8 stato emesso) e, nel caso non fossero accettati in lingua inglese, devono essere tradotti in lingua norvegese da un traduttore certificato.<br \/>\n\u00c8 comunque buona norma visitare il sito web del Comune per avere informazioni pi\u00f9 precise circa la procedura di richiesta dall&#8217;estero dei certificati di stato civile.<\/p>\n<p><strong>4. La Cancelleria Consolare rilascia certificati consolari anagrafici?<\/strong><br \/>\nL&#8217;Ambasciata rilascia ai cittadini iscritti nel proprio schedario consolare (AIRE) e residenti in Norvegia o in Islanda i seguenti certificati consolari anagrafici, validi solo all&#8217;estero oppure da esibire in Italia:<br \/>\n&#8211; certificato di iscrizione consolare\/famiglia anagrafica<br \/>\n&#8211; certificato di iscrizione consolare individuale<br \/>\n&#8211; certificato di stato civile individuale<br \/>\n&#8211; certificato di cittadinanza italiana individuale<\/p>\n<p>Per il rilascio di un certificato individuale di stato libero, necessario per la celebrazione di un matrimonio, visita la specifica sezione del sito web.<br \/>\nL&#8217;Ambasciata non pu\u00f2 inoltre rilasciare certificati di iscrizione AIRE, n\u00e9 certificati di stato di famiglia, n\u00e9 certificati di residenza.<br \/>\nI cittadini italiani iscritti nello schedario consolare di Oslo ed iscritti all&#8217;AIRE devono richiedere i certificati consolari anagrafici possibilmente per posta elettronica al seguente indirizzo: <a href=\"mailto:consolato.oslo@esteri.it\">consolato.oslo@esteri.it<\/a><\/p>\n","protected":false},"excerpt":{"rendered":"Il mio nome\/cognome sul documento d\u2019identit\u00e0 italiano non corrisponde al mio nome\/cognome indicato su un documento straniero. Cosa posso fare? Mio figlio pu\u00f2 prendere anche il cognome materno in fase di trascrizione dell&#8217;atto di nascita? Ho bisogno di un atto di stato civile rilasciato dal Comune italiano (nascita, matrimonio ecc.). Posso richiederlo in Consolato? La [&hellip;]","protected":false},"author":4,"featured_media":0,"parent":70,"menu_order":0,"comment_status":"closed","ping_status":"closed","template":"","meta":{"footnotes":""},"class_list":["post-2227","page","type-page","status-publish","hentry"],"_links":{"self":[{"href":"https:\/\/amboslo.esteri.it\/it\/wp-json\/wp\/v2\/pages\/2227","targetHints":{"allow":["GET"]}}],"collection":[{"href":"https:\/\/amboslo.esteri.it\/it\/wp-json\/wp\/v2\/pages"}],"about":[{"href":"https:\/\/amboslo.esteri.it\/it\/wp-json\/wp\/v2\/types\/page"}],"author":[{"embeddable":true,"href":"https:\/\/amboslo.esteri.it\/it\/wp-json\/wp\/v2\/users\/4"}],"replies":[{"embeddable":true,"href":"https:\/\/amboslo.esteri.it\/it\/wp-json\/wp\/v2\/comments?post=2227"}],"version-history":[{"count":5,"href":"https:\/\/amboslo.esteri.it\/it\/wp-json\/wp\/v2\/pages\/2227\/revisions"}],"predecessor-version":[{"id":3180,"href":"https:\/\/amboslo.esteri.it\/it\/wp-json\/wp\/v2\/pages\/2227\/revisions\/3180"}],"up":[{"embeddable":true,"href":"https:\/\/amboslo.esteri.it\/it\/wp-json\/wp\/v2\/pages\/70"}],"wp:attachment":[{"href":"https:\/\/amboslo.esteri.it\/it\/wp-json\/wp\/v2\/media?parent=2227"}],"curies":[{"name":"wp","href":"https:\/\/api.w.org\/{rel}","templated":true}]}}