{"id":2240,"date":"2023-10-23T10:26:11","date_gmt":"2023-10-23T08:26:11","guid":{"rendered":"https:\/\/amboslo.esteri.it\/?page_id=2240"},"modified":"2024-02-28T13:20:00","modified_gmt":"2024-02-28T12:20:00","slug":"timbri-apostille-assistenza-legale-e-percezioni-consolari-domande-frequenti","status":"publish","type":"page","link":"https:\/\/amboslo.esteri.it\/it\/servizi-consolari-e-visti\/servizi-per-il-cittadino-italiano\/servizi-elettorali__trashed\/timbri-apostille-assistenza-legale-e-percezioni-consolari-domande-frequenti\/","title":{"rendered":"Timbri apostille, assistenza legale e percezioni consolari &#8211; Domande frequenti"},"content":{"rendered":"<ol>\n<li><em>Le autorit\u00e0 richiedono l\u2019apostille sui miei certificati originali. Che cos\u2019\u00e8 l\u2019apostille e come posso procurarmela?<\/em><\/li>\n<li><em>Ho bisogno dell\u2019assistenza di un avvocato che parla italiano in Norvegia. A chi mi posso rivolgere?<\/em><\/li>\n<li><em>Come posso effettuare pagamenti online delle percezioni consolari?<\/em><\/li>\n<\/ol>\n<p><strong>1. Le autorit\u00e0 richiedono l\u2019apostille sui miei certificati originali. Che cos\u2019\u00e8 l\u2019apostille e come posso procurarmela?<\/strong><\/p>\n<p>L&#8217;apostilla o apostille \u00e8 una certificazione che convalida sul piano internazionale, con pieno valore giuridico, l&#8217;autenticit\u00e0 di atti pubblici. Tale istituto giuridico \u00e8 riconosciuto da tutti gli Stati, Norvegia e Islanda compresi, parte della Convenzione dell\u2019Aja del 5 ottobre 1961. <span style=\"text-decoration: underline;\">L&#8217;apostille \u00e8 dunque una specifica annotazione che deve essere apposta sull\u2019originale, o copia legalizzata, del certificato dalle autorit\u00e0 competenti del Paese interessato.<\/span><br \/>\nIn <strong>Norvegia<\/strong>, l\u2019autorit\u00e0 designata per rilasciare l\u2019apostille \u00e8 il <em>Statsforvalteren<\/em> ad apporre l\u2019apostille sui certificati originali norvegesi.<br \/>\nIn <strong>Italia<\/strong>, \u00e8 possibile procurarsi l\u2019apostille presso la Prefettura della provincia di competenza.<br \/>\nIn <strong>Islanda<\/strong>, per ottenere l\u2019apostille, \u00e8 necessario rivolgersi agli uffici del Ministero degli Affari Esteri:<br \/>\n<a href=\"https:\/\/www.government.is\/ministries\/ministry-for-foreign-affairs\/\" target=\"_blank\" rel=\"noopener\">https:\/\/www.government.is\/ministries\/ministry-for-foreign-affairs\/<\/a><\/p>\n<p><strong>2. Ho bisogno dell\u2019assistenza di un avvocato che parla italiano in Norvegia. A chi mi posso rivolgere?<\/strong><\/p>\n<p>Sul sito troverete i nominativi e i recapiti di alcuni avvocati ai quali \u00e8 possibile rivolgersi in caso di necessit\u00e0, ferma restando la possibilit\u00e0 di rivolgersi ad altri professionisti di propria fiducia.<br \/>\n<a href=\"https:\/\/amboslo.esteri.it\/it\/chi-siamo\/gli-uffici\/avvocati\/\" target=\"_blank\" rel=\"noopener\">L\u2019elenco<\/a> presente su questo sito \u00e8 stato definito in base alle richieste d&#8217;inserimento avanzate dagli stessi professionisti e deve quindi considerarsi aperto e non esaustivo. L\u2019Ambasciata non risponde della qualit\u00e0 del servizio prestato dagli stessi, del loro operato e delle tariffe praticate. L\u2019inclusione nell\u2019elenco non<br \/>\nimplica alcuna raccomandazione da parte dell\u2019Ambasciata.<br \/>\nI professionisti elencati soddisfano i seguenti requisiti minimi:<br \/>\n&#8211; conoscenza della lingua italiana e norvegese;<br \/>\n&#8211; abilitazione legale all&#8217;esercizio della professione in Norvegia e iscrizione nel relativo albo e\/o ordine professionale;<br \/>\n&#8211; conoscenza della legislazione locale e italiana nello specifico settore di attivit\u00e0, ovvero rapporti di associazione o collaborazione con studi legali in Italia.<\/p>\n<p><strong>3. Come posso effettuare pagamenti online delle percezioni consolari?<\/strong><\/p>\n<p>NB: Si precisa che l\u2019addebito delle commissioni per i pagamenti effettuati da conti stranieri \u00e8 a carico dell\u2019utente. Pertanto si raccomanda di scegliere sempre \u201cpaid by sender\u201d al momento dell\u2019impostazione del bonifico.<br \/>\nPer il pagamento online di servizi consolari si prega di utilizzare il seguente conto bancario:<br \/>\nBanca: Sparebank 1 \u00d8stlandet, Numero conto: 18132935676, Intestatario conto: Ambasciata d&#8217;Italia, IBAN: NO8218132935676, SWIFT\/BIC: SHEDNO22<br \/>\nIl pagamento va sempre effettuato in NOK.<br \/>\nNella causale va sempre specificato: NOME \u2013 COGNOME \u2013 OGGETTO DEL PAGAMENTO<br \/>\nPer le spedizioni postali (per esempio nel caso del passaporto rilasciato a figli minori), il richiedente dovr\u00e0 provvedere personalmente all\u2019acquisto dei francobolli e all\u2019invio della busta preaffrancata a questa Ambasciata, con affrancatura sufficiente a coprire il costo di una spedizione raccomandata da Oslo al proprio indirizzo in Norvegia. La busta preaffrancata, per la spedizione raccomandata, deve<br \/>\nessere di medie dimensioni (23&#215;16 cm).<br \/>\nPer ulteriori informazioni contattare la Cancelleria Consolare.<\/p>\n","protected":false},"excerpt":{"rendered":"Le autorit\u00e0 richiedono l\u2019apostille sui miei certificati originali. Che cos\u2019\u00e8 l\u2019apostille e come posso procurarmela? Ho bisogno dell\u2019assistenza di un avvocato che parla italiano in Norvegia. A chi mi posso rivolgere? Come posso effettuare pagamenti online delle percezioni consolari? 1. Le autorit\u00e0 richiedono l\u2019apostille sui miei certificati originali. Che cos\u2019\u00e8 l\u2019apostille e come posso procurarmela? [&hellip;]","protected":false},"author":4,"featured_media":0,"parent":70,"menu_order":0,"comment_status":"closed","ping_status":"closed","template":"","meta":{"footnotes":""},"class_list":["post-2240","page","type-page","status-publish","hentry"],"_links":{"self":[{"href":"https:\/\/amboslo.esteri.it\/it\/wp-json\/wp\/v2\/pages\/2240","targetHints":{"allow":["GET"]}}],"collection":[{"href":"https:\/\/amboslo.esteri.it\/it\/wp-json\/wp\/v2\/pages"}],"about":[{"href":"https:\/\/amboslo.esteri.it\/it\/wp-json\/wp\/v2\/types\/page"}],"author":[{"embeddable":true,"href":"https:\/\/amboslo.esteri.it\/it\/wp-json\/wp\/v2\/users\/4"}],"replies":[{"embeddable":true,"href":"https:\/\/amboslo.esteri.it\/it\/wp-json\/wp\/v2\/comments?post=2240"}],"version-history":[{"count":5,"href":"https:\/\/amboslo.esteri.it\/it\/wp-json\/wp\/v2\/pages\/2240\/revisions"}],"predecessor-version":[{"id":3194,"href":"https:\/\/amboslo.esteri.it\/it\/wp-json\/wp\/v2\/pages\/2240\/revisions\/3194"}],"up":[{"embeddable":true,"href":"https:\/\/amboslo.esteri.it\/it\/wp-json\/wp\/v2\/pages\/70"}],"wp:attachment":[{"href":"https:\/\/amboslo.esteri.it\/it\/wp-json\/wp\/v2\/media?parent=2240"}],"curies":[{"name":"wp","href":"https:\/\/api.w.org\/{rel}","templated":true}]}}