{"id":267,"date":"2023-08-28T12:40:31","date_gmt":"2023-08-28T10:40:31","guid":{"rendered":"https:\/\/amboslo.esteri.it\/?page_id=267"},"modified":"2023-08-29T12:22:50","modified_gmt":"2023-08-29T10:22:50","slug":"italia-e-islanda-sede-accreditata","status":"publish","type":"page","link":"https:\/\/amboslo.esteri.it\/it\/italia-e-islanda-sede-accreditata\/","title":{"rendered":"Italia e Islanda (sede accreditata)"},"content":{"rendered":"<p>L&#8217;Ambasciata di Oslo ha l&#8217;Islanda come Paese di accreditamento secondario.<\/p>\n<p>In Islanda l&#8217;Italia \u00e8 presente con un\u00a0Consolato Generale Onorario in Reykjav\u00edk\u00a0sotto la giurisdizione dell&#8217;Ambasciata di Oslo.<\/p>\n<p><a href=\"https:\/\/amboslo.esteri.it\/ambasciata_oslo\/it\/ambasciata\/la_rete_consolare\/la-rete-consolare.html\"><strong>Console Generale Onorario Rosa Bj\u00f6rg J\u00f3nsd\u00f3ttir<br \/>\nContatti<\/strong><\/a><\/p>\n<p><img loading=\"lazy\" decoding=\"async\" class=\"alignnone wp-image-270 img-fluid\" src=\"https:\/\/amboslo.esteri.it\/wp-content\/uploads\/2023\/08\/flag_of_italy.svg_-300x200.png\" alt=\"flag_of_italy.svg\" width=\"111\" height=\"74\" srcset=\"https:\/\/amboslo.esteri.it\/wp-content\/uploads\/2023\/08\/flag_of_italy.svg_-300x200.png 300w, https:\/\/amboslo.esteri.it\/wp-content\/uploads\/2023\/08\/flag_of_italy.svg_-1024x682.png 1024w, https:\/\/amboslo.esteri.it\/wp-content\/uploads\/2023\/08\/flag_of_italy.svg_-768x512.png 768w, https:\/\/amboslo.esteri.it\/wp-content\/uploads\/2023\/08\/flag_of_italy.svg_.png 1139w\" sizes=\"auto, (max-width: 111px) 100vw, 111px\" \/>\u00a0 \u00a0 \u00a0 \u00a0 <img loading=\"lazy\" decoding=\"async\" class=\"alignnone wp-image-272 img-fluid\" src=\"https:\/\/amboslo.esteri.it\/wp-content\/uploads\/2023\/08\/flag_of_iceland.svg_-300x216.png\" alt=\"flag_of_iceland.svg\" width=\"101\" height=\"73\" srcset=\"https:\/\/amboslo.esteri.it\/wp-content\/uploads\/2023\/08\/flag_of_iceland.svg_-300x216.png 300w, https:\/\/amboslo.esteri.it\/wp-content\/uploads\/2023\/08\/flag_of_iceland.svg_-1024x737.png 1024w, https:\/\/amboslo.esteri.it\/wp-content\/uploads\/2023\/08\/flag_of_iceland.svg_-768x553.png 768w, https:\/\/amboslo.esteri.it\/wp-content\/uploads\/2023\/08\/flag_of_iceland.svg_.png 1140w\" sizes=\"auto, (max-width: 101px) 100vw, 101px\" \/><\/p>\n<p><strong>Rapporti bilaterali e diplomazia<\/strong><\/p>\n<p>L\u2019Ambasciata si impegna a rafforzare i rapporti bilaterali tra Islanda e Italia in ambito politico, economico, culturale e scientifico. Nell\u2019ambito della <strong>diplomazia politica,\u00a0<\/strong>Italia e Islanda condividono valori fondamentali, hanno posizioni simili e sovente convergenti sui principali temi internazionali. I rapporti politici si sviluppano sia in ambito bilaterale sia attraverso la comune appartenenza alle principali organizzazioni internazionali (ONU, NATO, OSCE, Consiglio d\u2019Europa) e grazie alla partecipazione a programmi multilaterali.<\/p>\n<p>Nel contesto della\u00a0<strong>diplomazia economica<\/strong>, invece, i rapporti bilaterali tra Roma e Reykjavik sono caratterizzati da un numero sempre crescente di scambi commerciali, oltre che da promettenti prospettive di crescita. L\u2019Ambasciata fornisce assistenza agli imprenditori italiani sul commercio, le possibilit\u00e0 di mercato, gli investimenti e il contatto con imprese locali.<\/p>\n<p>Per quanto concerne invece la\u00a0<strong>cooperazione scientifica<\/strong>, l\u2019Ambasciata \u00e8 attivamente impegnata a sostenere e rafforzare la collaborazione tra Italia e Islanda nel settore della scienza e della tecnologia e lavora per favorire ogni forma di collaborazione tra scuole, universit\u00e0, centri di ricerca, associazioni, organismi e istituzioni.<\/p>\n<p>Infine, la\u00a0<strong>diplomazia culturale<\/strong> \u00e8 una dimensione di priorit\u00e0 nella politica estera italiana. L\u2019Ambasciata lavora attivamente per rafforzare le relazioni culturali bilaterali, promuovendo la conoscenza e la diffusione della letteratura, delle arti visive e della lingua italiana in Islanda. L\u2019Ambasciata appoggia anche l\u2019attivit\u00e0 di altre entit\u00e0 italiane attive nel settore della promozione della lingua e della cultura italiane come i gruppi islandesi della Societ\u00e0 Dante Alighieri.<\/p>\n","protected":false},"excerpt":{"rendered":"L&#8217;Ambasciata di Oslo ha l&#8217;Islanda come Paese di accreditamento secondario. In Islanda l&#8217;Italia \u00e8 presente con un\u00a0Consolato Generale Onorario in Reykjav\u00edk\u00a0sotto la giurisdizione dell&#8217;Ambasciata di Oslo. Console Generale Onorario Rosa Bj\u00f6rg J\u00f3nsd\u00f3ttir Contatti \u00a0 \u00a0 \u00a0 \u00a0 Rapporti bilaterali e diplomazia L\u2019Ambasciata si impegna a rafforzare i rapporti bilaterali tra Islanda e Italia in ambito [&hellip;]","protected":false},"author":1,"featured_media":0,"parent":0,"menu_order":6,"comment_status":"closed","ping_status":"closed","template":"","meta":{"footnotes":""},"class_list":["post-267","page","type-page","status-publish","hentry"],"_links":{"self":[{"href":"https:\/\/amboslo.esteri.it\/it\/wp-json\/wp\/v2\/pages\/267","targetHints":{"allow":["GET"]}}],"collection":[{"href":"https:\/\/amboslo.esteri.it\/it\/wp-json\/wp\/v2\/pages"}],"about":[{"href":"https:\/\/amboslo.esteri.it\/it\/wp-json\/wp\/v2\/types\/page"}],"author":[{"embeddable":true,"href":"https:\/\/amboslo.esteri.it\/it\/wp-json\/wp\/v2\/users\/1"}],"replies":[{"embeddable":true,"href":"https:\/\/amboslo.esteri.it\/it\/wp-json\/wp\/v2\/comments?post=267"}],"version-history":[{"count":3,"href":"https:\/\/amboslo.esteri.it\/it\/wp-json\/wp\/v2\/pages\/267\/revisions"}],"predecessor-version":[{"id":307,"href":"https:\/\/amboslo.esteri.it\/it\/wp-json\/wp\/v2\/pages\/267\/revisions\/307"}],"wp:attachment":[{"href":"https:\/\/amboslo.esteri.it\/it\/wp-json\/wp\/v2\/media?parent=267"}],"curies":[{"name":"wp","href":"https:\/\/api.w.org\/{rel}","templated":true}]}}