{"id":275,"date":"2023-08-28T12:41:56","date_gmt":"2023-08-28T10:41:56","guid":{"rendered":"https:\/\/amboslo.esteri.it\/?page_id=275"},"modified":"2025-09-11T15:23:04","modified_gmt":"2025-09-11T13:23:04","slug":"cooperazione-politica","status":"publish","type":"page","link":"https:\/\/amboslo.esteri.it\/it\/italia-e-islanda-sede-accreditata\/cooperazione-politica\/","title":{"rendered":"Relazioni bilaterali"},"content":{"rendered":"<p>I rapporti tra Italia e Islanda sono tradizionalmente molto amichevoli. I due paesi hanno posizioni simili e spesso convergenti sulla maggior parte delle principali questioni internazionali. Entrambi i paesi sono membri della NATO e delle principali organizzazioni internazionali.<\/p>\n<p>I\u00a0<strong>contatti politici bilaterali<\/strong>, intensificatisi fra 2008 (visita a Roma dell\u2019allora Ministro degli Esteri Gisladottir) e 2009 (incontro a Roma fra l\u2019allora Ministro degli Esteri Frattini e il suo omologo islandese Skarph\u00e9\u00f0insson; visita a Reykjav\u00edk dell\u2019allora Sottosegretario Mantica), si sono successivamente rarefatti, anche alla luce di un certo \u201cripiegamento\u201d dell\u2019Islanda, conseguente alla nota fortissima crisi finanziaria.<\/p>\n<p>Il 2 giugno 2011, il Presidente della Repubblica Gr\u00edmsson ha partecipato alle celebrazioni per il 150\u00b0 anniversario dell\u2019Unit\u00e0 d\u2019Italia.<\/p>\n<p>Il 9 novembre 2012 ha avuto luogo a Roma l\u2019incontro tra il Ministro per l\u2019Industria e l\u2019innovazione islandese, Steingr\u00edmur J. Sigf\u00fasson ed il Ministro dell\u2019Economia Vittorio Grilli. Il Ministro degli Esteri Sveinsson ha compiuto una visita a Roma il 25 giugno 2015, durante la quale ha incontrato il Ministro degli Esteri Gentiloni.<\/p>\n<p>Nel febbraio 2018 il Segretario Generale Amb. Elisabetta Belloni si \u00e9 incontrato a Roma con il suo omologo islandese, Amb. Sturla Sigurjonsson.<\/p>\n<p>L\u2019ultima visita di Stato italiana in Islanda \u00e8 quella del Presidente Scalfaro, e risale al giugno 1997.<\/p>\n<p>Nel maggio 2022 il Ministro degli Affari Esteri Luigi Di Maio ha incontrato il suo omologo Th\u00f3rd\u00eds Kolbr\u00fan Reykfj\u00f6rd Gylfad\u00f3ttir.<\/p>\n<p>Nel giugno 2022 il Ministro della Difesa Lorenzo Guerini si \u00e8 recato in visita ufficiale in Islanda per incontrare la Task Force dell&#8217;Aeronautica Militare coinvolta nell&#8217;operazione di sorveglianza aerea della NATO in Islanda e per incontri politici con le autorit\u00e0 islandesi. Tra i temi discussi figuravano la guerra in Ucraina, la NATO, il concetto strategico, la cooperazione industriale e le prospettive geostrategiche.<\/p>\n<p>Nel giugno 2022 il Segretario Generale della Farnesina Amb. Ettore Francesco Sequi ha ricevuto a Roma per consultazioni bilaterali il Segretario Permanente di Stato dell&#8217;Islanda, Amb. Martin Eyjolfsson.<\/p>\n<p>Nel maggio 2023 il Primo Ministro Giorgia Meloni si \u00e8 recata in visita ufficiale in Islanda per incontrare la sua controparte Katr\u00edn Jakobsd\u00f3ttir.<\/p>\n<p>Dal 16-18 ottobre 2024, il Capo di Gabinetto del Ministro dell\u2019Universit\u00e0 e della Ricerca, Marcella Panucci, ha preso parte alla conferenza Arctic Circle di Reykjav\u00edk e ha firmato assiem al Ministro pro-tempore dell\u2019Ambiente, Energia e Clima, Gu\u00f0laugur \u00de\u00f3r \u00de\u00f3r\u00f0arson, un MoU sulla collaborazione nel settore dell\u2019energia geotermica.<\/p>\n","protected":false},"excerpt":{"rendered":"I rapporti tra Italia e Islanda sono tradizionalmente molto amichevoli. I due paesi hanno posizioni simili e spesso convergenti sulla maggior parte delle principali questioni internazionali. Entrambi i paesi sono membri della NATO e delle principali organizzazioni internazionali. I\u00a0contatti politici bilaterali, intensificatisi fra 2008 (visita a Roma dell\u2019allora Ministro degli Esteri Gisladottir) e 2009 (incontro [&hellip;]","protected":false},"author":1,"featured_media":0,"parent":267,"menu_order":0,"comment_status":"closed","ping_status":"closed","template":"","meta":{"footnotes":""},"class_list":["post-275","page","type-page","status-publish","hentry"],"_links":{"self":[{"href":"https:\/\/amboslo.esteri.it\/it\/wp-json\/wp\/v2\/pages\/275","targetHints":{"allow":["GET"]}}],"collection":[{"href":"https:\/\/amboslo.esteri.it\/it\/wp-json\/wp\/v2\/pages"}],"about":[{"href":"https:\/\/amboslo.esteri.it\/it\/wp-json\/wp\/v2\/types\/page"}],"author":[{"embeddable":true,"href":"https:\/\/amboslo.esteri.it\/it\/wp-json\/wp\/v2\/users\/1"}],"replies":[{"embeddable":true,"href":"https:\/\/amboslo.esteri.it\/it\/wp-json\/wp\/v2\/comments?post=275"}],"version-history":[{"count":5,"href":"https:\/\/amboslo.esteri.it\/it\/wp-json\/wp\/v2\/pages\/275\/revisions"}],"predecessor-version":[{"id":6073,"href":"https:\/\/amboslo.esteri.it\/it\/wp-json\/wp\/v2\/pages\/275\/revisions\/6073"}],"up":[{"embeddable":true,"href":"https:\/\/amboslo.esteri.it\/it\/wp-json\/wp\/v2\/pages\/267"}],"wp:attachment":[{"href":"https:\/\/amboslo.esteri.it\/it\/wp-json\/wp\/v2\/media?parent=275"}],"curies":[{"name":"wp","href":"https:\/\/api.w.org\/{rel}","templated":true}]}}