{"id":284,"date":"2023-08-28T12:46:59","date_gmt":"2023-08-28T10:46:59","guid":{"rendered":"https:\/\/amboslo.esteri.it\/?page_id=284"},"modified":"2025-09-15T11:47:33","modified_gmt":"2025-09-15T09:47:33","slug":"cooperazione-culturale","status":"publish","type":"page","link":"https:\/\/amboslo.esteri.it\/it\/italia-e-islanda-sede-accreditata\/cooperazione-culturale\/","title":{"rendered":"Diplomazia culturale"},"content":{"rendered":"<p class=\"boxLevel04\">La cultura \u00e8 una dimensione di priorit\u00e0 nella politica estera italiana e nell&#8217;attivit\u00e0 dell&#8217;Ambasciata d&#8217;Italia ad Oslo. Insieme alla Societ\u00e0 Dante Alighieri, l&#8217;Ambasciata lavora attivamente per rafforzare le relazioni culturali bilaterali e per promuovere la lingua e la cultura italiane.<\/p>\n<p class=\"boxLevel04\"><a href=\"http:\/\/www.ladante.it\/\" target=\"_blank\" rel=\"noopener\"><span lang=\"IT\"><strong>Societ\u00e0 Dante Alighieri<\/strong><\/span><\/a><strong><span lang=\"IT\"><br \/>\n<\/span><\/strong><span lang=\"IT\">La Societ\u00e0 Dante Alighieri ha, come noto, l&#8217;obbiettivo di tutelare e diffondere la lingua e la cultura italiane nel mondo, ravvivando i legami spirituali dei connazionali all\u2019estero con la madre patria e alimentando tra gli stranieri l\u2019amore e il culto per la civilt\u00e0 italiana. La Societ\u00e0 dispone di oltre 400 comitati diffusi in circa sessanta paesi ed \u00e8 attivamente presente anche in Norvegia. Per i Comitati della Societ\u00e0 Dante Alighieri in Norvegia, vedere questa <a href=\"https:\/\/amboslo.esteri.it\/it\/italia-e-norvegia\/diplomazia-culturale\/\">pagina<\/a>.<\/span><\/p>\n<ul>\n<li><span lang=\"IT\"><strong>Certificazione della lingua italiana<\/strong><br \/>\nLa certificazione linguistica ha la funzione di documentare i livelli di competenza cos\u00ec come indicati nel Quadro di Riferimento Comune per le Lingue Europee.<\/span>\u00a0Per la certificazione \u00e8 stato creato,\u00a0su richiesta del M.I.U.R., il CLIQ, Consorzio Lingua Italiana di Qualit\u00e0, per promuovere gli esami degli Enti pi\u00f9 prestigiosi. Attualmente sono 4 gli enti riconosciuti dal consorzio CLIQ e ogni Ente promuove il proprio esame: la Societ\u00e0 Dante Alighieri, l\u2019Universit\u00e0 per Stranieri di Perugia, l\u2019 Universit\u00e0 per Stranieri di Siena e l\u2019Universit\u00e0 degli Studi Roma Tre.<\/p>\n<ul>\n<li>Le certificazioni rilasciate sono:\n<ul>\n<li>PLIDA (Programma Lingua Italiana Dante Alighieri), rilasciato dalla Societ\u00e0 Dante Alighieri;<\/li>\n<li>CELI (Certificato di Lingua Italiana), rilasciato dall\u2019Universit\u00e0 per Stranieri di Perugia;<\/li>\n<li>CILS (Certificato di Italiano Lingua Straniera), rilasciato dall\u2019Universit\u00e0 per Stranieri di Siena;<\/li>\n<li>IT (Certificato di competenza generale in italiano come lingua straniera), rilasciato dall\u2019Universit\u00e0 degli Studi Roma Tre<\/li>\n<\/ul>\n<\/li>\n<\/ul>\n<\/li>\n<\/ul>\n<p>Per ulteriori informazioni consultare i siti web dei singoli Enti.<\/p>\n<p>Per la<strong>\u00a0certificazione PLIDA:<\/strong> <a href=\"http:\/\/www.societadantealighieri.org\/it\/plida\" target=\"_blank\" rel=\"noopener\">http:\/\/www.societadantealighieri.org\/it\/plida<\/a><\/p>\n<ul>\n<li><strong>Uni-Italia<\/strong><\/li>\n<\/ul>\n<p>\u00e8 attiva dal 2010 nella promozione all&#8217;estero del sistema universitario e di formazione superiore italiano. Uni-Italia fornisce informazioni e assistenza ed organizza attivit\u00e0 all&#8217;estero:\u00a0<a href=\"http:\/\/www.uni-italia.it\/\" target=\"_blank\" rel=\"noopener\">http:\/\/www.uni-italia.it\/<\/a><\/p>\n","protected":false},"excerpt":{"rendered":"La cultura \u00e8 una dimensione di priorit\u00e0 nella politica estera italiana e nell&#8217;attivit\u00e0 dell&#8217;Ambasciata d&#8217;Italia ad Oslo. Insieme alla Societ\u00e0 Dante Alighieri, l&#8217;Ambasciata lavora attivamente per rafforzare le relazioni culturali bilaterali e per promuovere la lingua e la cultura italiane. Societ\u00e0 Dante Alighieri La Societ\u00e0 Dante Alighieri ha, come noto, l&#8217;obbiettivo di tutelare e diffondere [&hellip;]","protected":false},"author":1,"featured_media":0,"parent":267,"menu_order":4,"comment_status":"closed","ping_status":"closed","template":"","meta":{"footnotes":""},"class_list":["post-284","page","type-page","status-publish","hentry"],"_links":{"self":[{"href":"https:\/\/amboslo.esteri.it\/it\/wp-json\/wp\/v2\/pages\/284","targetHints":{"allow":["GET"]}}],"collection":[{"href":"https:\/\/amboslo.esteri.it\/it\/wp-json\/wp\/v2\/pages"}],"about":[{"href":"https:\/\/amboslo.esteri.it\/it\/wp-json\/wp\/v2\/types\/page"}],"author":[{"embeddable":true,"href":"https:\/\/amboslo.esteri.it\/it\/wp-json\/wp\/v2\/users\/1"}],"replies":[{"embeddable":true,"href":"https:\/\/amboslo.esteri.it\/it\/wp-json\/wp\/v2\/comments?post=284"}],"version-history":[{"count":6,"href":"https:\/\/amboslo.esteri.it\/it\/wp-json\/wp\/v2\/pages\/284\/revisions"}],"predecessor-version":[{"id":6169,"href":"https:\/\/amboslo.esteri.it\/it\/wp-json\/wp\/v2\/pages\/284\/revisions\/6169"}],"up":[{"embeddable":true,"href":"https:\/\/amboslo.esteri.it\/it\/wp-json\/wp\/v2\/pages\/267"}],"wp:attachment":[{"href":"https:\/\/amboslo.esteri.it\/it\/wp-json\/wp\/v2\/media?parent=284"}],"curies":[{"name":"wp","href":"https:\/\/api.w.org\/{rel}","templated":true}]}}