{"id":286,"date":"2023-08-28T12:47:27","date_gmt":"2023-08-28T10:47:27","guid":{"rendered":"https:\/\/amboslo.esteri.it\/?page_id=286"},"modified":"2023-09-28T10:30:50","modified_gmt":"2023-09-28T08:30:50","slug":"cooperazione-scientifica","status":"publish","type":"page","link":"https:\/\/amboslo.esteri.it\/it\/italia-e-islanda-sede-accreditata\/cooperazione-scientifica\/","title":{"rendered":"Diplomazia scientifica"},"content":{"rendered":"<p>L&#8217;Ambasciata d&#8217;Italia ad Oslo \u00e8 attivamente impegnata a sostenere e rafforzare la collaborazione tra Italia e Islanda nel settore della scienza e della tecnologia. A tal fine l&#8217;Ambasciata lavora per promuovere il sistema scientifico e tecnologico italiano e favorire ogni forma di collaborazione possibile.<\/p>\n<ul>\n<li><a href=\"https:\/\/www.researchitaly.it\/home\/\" target=\"_blank\" rel=\"noopener\">Research Italy<\/a>: il portale della ricerca italiana.<\/li>\n<li><a href=\"https:\/\/innovitalia.esteri.it\/\" target=\"_blank\" rel=\"noopener\">Innovitalia<\/a> \u00e8 la piattaforma per la diffusione di informazioni e per il networking degli attori della ricerca e dell&#8217;innovazione italiana all&#8217;estero. Innovitalia favorisce le relazioni tra il sistema della ricerca scientifica in Italia e all\u2019estero e la condivisione di opportunit\u00e0 e idee provenienti dal mondo dell\u2019innovazione, della ricerca internazionale e dalla rete dei ricercatori italiani all\u2019estero.<\/li>\n<li><a href=\"https:\/\/euraxess.ec.europa.eu\/\" target=\"_blank\" rel=\"noopener\">Euraxess &#8211; researchers in motion<\/a> \u00e8 un&#8217;iniziativa della Commissione Europea finalizzata a rendere le carriere scientifiche europee pi\u00f9 attrattive per i ricercatori di tutto il mondo e a facilitare la mobilit\u00e0 dei ricercatori nei Paesi UE.<\/li>\n<li><a href=\"https:\/\/www.euraxess.it\/\" target=\"_blank\" rel=\"noopener\">Euraxess Italy<\/a> &#8211; \u00e8 parte dell\u2019iniziativa Euraxess &#8211; Researchers in Motion: offre informazioni mirate e servizi di accoglienza ai ricercatori che trascorrono un periodo in Italia attraverso un portale nazionale e un network di Centri.<\/li>\n<li>Il progetto\u00a0<a href=\"https:\/\/www.facebook.com\/scienzasenzaconfini.comitesoslo\/\" target=\"_blank\" rel=\"noopener\">Scienza senza confini<\/a> ha realizzato la pubblicazione &#8220;Experiences and Projects of Italians in Norway and Iceland&#8221;, che contiene vari contributi di ricercatori italiani in Islanda. La pubblicazione pu\u00f2 essere visionata\u00a0<a href=\"https:\/\/issuu.com\/comitesoslo\/docs\/ssc_pubblicazione\" target=\"_blank\" rel=\"noopener\">qui<\/a>. Per contattare i responsabili del progetto e dare un proprio contributo, scrivete a\u00a0<a href=\"mailto:ssc@comitesoslo.org\">ssc@comitesoslo.org<\/a><\/li>\n<\/ul>\n<header class=\"entry-header\"><\/header>\n<div class=\"entry-content\">\n<h3>Quadro istituzionale<\/h3>\n<p>Le attivit\u00e0 bilaterali devono favorire:<\/p>\n<ul>\n<li>la\u00a0realizzazione di reti europee di ricerca\u00a0in settori d\u2019eccellenza per il nostro Paese;<\/li>\n<li>l\u2019inserimento di gruppi di ricerca\u00a0ed aziende italiane coinvolti in reti di sviluppo di progetti nati per iniziativa del Paese di accreditamento;<\/li>\n<li>lo sviluppo di maggiori interazioni\u00a0con i Delegati Nazionali ai Programmi di ricerca dell\u2019Unione Europea;<\/li>\n<li>l\u2019interazione con le realt\u00e0 del nostro Paese\u00a0impegnate nella\u00a0divulgazione\u00a0dei programmi di ricerca e formazione della Commissione Europea e con gli enti rappresentativi di gruppi di ricercatori quali Associazioni e Societ\u00e0 scientifiche;<\/li>\n<li>il processo di\u00a0mobilit\u00e0 dei ricercatori\u00a0stimolando la realizzazione di reti di formazione o di infrastrutture di ricerca;<\/li>\n<li>la definizione di\u00a0interventi di respiro europeo\u00a0nell\u2019ambito della programmazione annuale;<\/li>\n<li>il potenziamento del\u00a0dialogo\u00a0tra addetti scientifici, anche mettendo a disposizione le rispettive conoscenze in fatto di elaborazione di reti di ricerca;<\/li>\n<li>l\u2019integrazione di temi del PQ di ricerca dell\u2019UE\u00a0in fase di preparazione di Protocolli Bilaterali.<\/li>\n<\/ul>\n<h3>Settori scientifici di rilievo per l\u2019Italia<\/h3>\n<p>I settori prioritari strategici per un proficuo scambio di informazioni scientifiche tra l\u2019Italia e l&#8217;Islanda sono:<\/p>\n<ul>\n<li>medicina<\/li>\n<li>genetica<\/li>\n<li>settore energetico e in special modo la geotermia<\/li>\n<\/ul>\n<\/div>\n","protected":false},"excerpt":{"rendered":"L&#8217;Ambasciata d&#8217;Italia ad Oslo \u00e8 attivamente impegnata a sostenere e rafforzare la collaborazione tra Italia e Islanda nel settore della scienza e della tecnologia. A tal fine l&#8217;Ambasciata lavora per promuovere il sistema scientifico e tecnologico italiano e favorire ogni forma di collaborazione possibile. Research Italy: il portale della ricerca italiana. Innovitalia \u00e8 la piattaforma [&hellip;]","protected":false},"author":1,"featured_media":0,"parent":267,"menu_order":6,"comment_status":"closed","ping_status":"closed","template":"","meta":{"footnotes":""},"class_list":["post-286","page","type-page","status-publish","hentry"],"_links":{"self":[{"href":"https:\/\/amboslo.esteri.it\/it\/wp-json\/wp\/v2\/pages\/286","targetHints":{"allow":["GET"]}}],"collection":[{"href":"https:\/\/amboslo.esteri.it\/it\/wp-json\/wp\/v2\/pages"}],"about":[{"href":"https:\/\/amboslo.esteri.it\/it\/wp-json\/wp\/v2\/types\/page"}],"author":[{"embeddable":true,"href":"https:\/\/amboslo.esteri.it\/it\/wp-json\/wp\/v2\/users\/1"}],"replies":[{"embeddable":true,"href":"https:\/\/amboslo.esteri.it\/it\/wp-json\/wp\/v2\/comments?post=286"}],"version-history":[{"count":3,"href":"https:\/\/amboslo.esteri.it\/it\/wp-json\/wp\/v2\/pages\/286\/revisions"}],"predecessor-version":[{"id":678,"href":"https:\/\/amboslo.esteri.it\/it\/wp-json\/wp\/v2\/pages\/286\/revisions\/678"}],"up":[{"embeddable":true,"href":"https:\/\/amboslo.esteri.it\/it\/wp-json\/wp\/v2\/pages\/267"}],"wp:attachment":[{"href":"https:\/\/amboslo.esteri.it\/it\/wp-json\/wp\/v2\/media?parent=286"}],"curies":[{"name":"wp","href":"https:\/\/api.w.org\/{rel}","templated":true}]}}