{"id":296,"date":"2023-08-28T12:50:11","date_gmt":"2023-08-28T10:50:11","guid":{"rendered":"https:\/\/amboslo.esteri.it\/?page_id=296"},"modified":"2023-09-28T10:33:02","modified_gmt":"2023-09-28T08:33:02","slug":"stabilirsi-in-islanda","status":"publish","type":"page","link":"https:\/\/amboslo.esteri.it\/it\/italia-e-islanda-sede-accreditata\/stabilirsi-in-islanda\/","title":{"rendered":"Stabilirsi in Islanda"},"content":{"rendered":"<p>I cittadini italiani possono soggiornare in Islanda per soggiorni brevi non superiori a 3 mesi \u2013 \u00e8 necessario il possesso del passaporto o della carta d&#8217;identit\u00e0 italiana (preferibilmente nel nuovo modello elettronico). Coloro che cercano lavoro possono risiedere in Islanda fino ad un massimo di 6 mesi.<\/p>\n<p>In questo secondo caso occorre registrarsi presso il Registro nazionale (<a href=\"https:\/\/www.skra.is\/english\/people\/change-of-address\/moving-to-iceland\/\" target=\"_blank\" rel=\"noopener\">Registers Iceland<\/a>). Sul sito Registers Iceland sono indicati con chiarezza tutti gli adempimenti da svolgere a seconda delle varie situazioni personali.<\/p>\n<p>Per maggiori dettagli \u00e8 possibile consultare i seguenti siti internet (in lingua inglese):<\/p>\n<ul>\n<li>Il\u00a0<a href=\"https:\/\/www.mcc.is\/im-from-eea-efta\/from-eea-efta-general-info\/\" target=\"_blank\" rel=\"noopener\">Multicultural and information center<\/a>, un servizio sociale molto dinamico e semplice da utilizzare;<\/li>\n<li>Il sito web della Direzione dell&#8217;Immigrazione (<a href=\"http:\/\/utl.is\/index.php\/en\/\" target=\"_blank\" rel=\"noopener\">Directorate of Immigration<\/a><a href=\"http:\/\/utl.is\/index.php\/en\/)\">)<\/a>;<\/li>\n<li>Il sito web di<a href=\"https:\/\/www.skra.is\/english\/individuals\/\" target=\"_blank\" rel=\"noopener\">\u00a0Registers Iceland<\/a>;<\/li>\n<li>Per i nuovi arrivati, per domande o richieste di assistenza:\u00a0<a href=\"https:\/\/newiniceland.is\/\" target=\"_blank\" rel=\"noopener\">https:\/\/newiniceland.is\/<\/a><\/li>\n<\/ul>\n<h4><strong>Vuoi lavorare in Islanda?<\/strong><\/h4>\n<p>Visita il sito\u00a0<a href=\"https:\/\/www.island.is\/en\">https:\/\/www.island.is\/en<\/a>\u00a0(in inglese) per informazioni su come trovare lavoro e sul diritto del lavoro islandese (alla sezione &#8220;business &amp; industry&#8221;), e per altre informazioni utili per sistemarsi in Islanda.<\/p>\n<p>E\u2019 anche utile visitare il sito dell\u2019<a href=\"https:\/\/vinnumalastofnun.is\/en\" target=\"_blank\" rel=\"noopener\">Ufficio del collocamento<\/a>\u00a0(in inglese).<\/p>\n<h4><strong>Vuoi studiare in Islanda?<\/strong><\/h4>\n<p>Ecco alcune informazioni sull&#8217;organizzazione degli studi e sulle scuole in Islanda.<\/p>\n<ul>\n<li><strong>Organizzazione degli studi<\/strong><\/li>\n<\/ul>\n<p>L\u2019istruzione \u00e8 obbligatoria fino a 16 anni.<\/p>\n<p>Gli islandesi ottengono l&#8217;equivalente del diploma di maturit\u00e0 dopo 10 anni di scuola primaria (istruzione obbligatoria e gratuita) e 3 di scuola superiore (non obbligatoria).<\/p>\n<p>Spesso, prima di entrare all\u2019Universit\u00e0, i giovani islandesi lavorano o vanno all&#8217;estero per un anno.<\/p>\n<p>Come negli altri paesi UE, gli\u00a0<strong>studi universitari<\/strong>\u00a0sono organizzati in tre fasi:<\/p>\n<ul>\n<li>La laurea triennale: comunemente indicata come B.A. per gli studi letterari, B.S. per gli studi scientifici e B.Ed. per gli studi in ambito pedagogico; la laurea triennale viene rilasciata al conseguimento di 180 crediti ECTS.<\/li>\n<li>Il Master (Meistaragr\u00e1\u00f0a) (M.A., M.S.) ha la durata di un anno solare (minimo 90 crediti ECTS) o due anni accademici (minimo 120 crediti ECTS). Per il conseguimento della laurea \u00e8 richiesta una tesi o il completamento di un progetto di ricerca.<\/li>\n<li>Il Dottorato (doktorsgr\u00e1\u00f0a).<\/li>\n<\/ul>\n<p>L&#8217;anno accademico dura da inizio settembre a fine dicembre per il primo semestre, quindi da inizio gennaio a met\u00e0 maggio per il secondo. Ad eccezione dei corsi di medicina e odontoiatria (che sono a numero chiuso) non sono previsti test di accesso.<\/p>\n<p>La valutazione viene effettuata su una scala da 0 a 10, con un voto minimo richiesto 5. I corsi sono suddivisi in crediti, 30 crediti ECTS corrispondono ad un semestre di studio a tempo pieno.<\/p>\n<ul>\n<li><strong>Le Universit\u00e0<\/strong><\/li>\n<\/ul>\n<p>Ci sono 6 universit\u00e0 in Islanda, due delle quali si trovano a Reykjavik, la capitale. La maggior parte sono universit\u00e0 pubbliche.<br \/>\nPer informazioni si pu\u00f2 accedere il sito\u00a0<a href=\"https:\/\/study.iceland.is\/study-in-iceland\/universities-in-iceland\" target=\"_blank\" rel=\"noopener\">https:\/\/study.iceland.is\/study-in-iceland\/universities-in-iceland\u00a0<\/a>oppure contattare le diverse universit\u00e0.<\/p>\n<ul>\n<li>L\u2019<a href=\"http:\/\/english.hi.is\/\" target=\"_blank\" rel=\"noopener\">Universit\u00e0 d\u2019Islanda<\/a>: \u00e8 la pi\u00f9 antica e la maggiore universit\u00e0 islandese, situata a Reykjavik. L&#8217;Universit\u00e0 conta circa 14.000 studenti. \u00c8 suddivisa in 6 facolt\u00e0: scienze sociali, medicina, scienze umane, scienze pedagogiche, ingegneria e scienze naturali.<\/li>\n<li>L&#8217;<a href=\"http:\/\/en.ru.is\/\" target=\"_blank\" rel=\"noopener\">Universit\u00e0 di Reykjav\u00edk<\/a>\u00a0\u00e8 privata, ed \u00e8 composta da quattro facolt\u00e0: giurisprudenza, informatica, ingegneria, sport, psicologia e economia. L&#8217;Universit\u00e0 conta 3.500 studenti. Collabora con aziende islandesi e straniere con focus sull&#8217;innovazione.<\/li>\n<li>L\u2019<a href=\"http:\/\/english.unak.is\/\" target=\"_blank\" rel=\"noopener\">Universit\u00e0 di Akureyri<\/a>: si trova nel nord dell&#8217;isola, nella quarta citt\u00e0 del Paese (17.800 abitanti). Ha circa 1.500 studenti. L&#8217;Universit\u00e0 ha tre facolt\u00e0 principali: medicina, lettere e filosofia ed economia. \u00c8 anche l&#8217;unica universit\u00e0 specializzata in studi artici.<\/li>\n<li>L&#8217;<a href=\"http:\/\/holar.is\/en\/english\" target=\"_blank\" rel=\"noopener\">Universit\u00e0 di H\u00f3lar<\/a>\u00a0si trova vicino a Sau\u00f0\u00e1rkr\u00f3kur (circa 2700 abitanti), nel nord dell&#8217;Islanda. \u00c8 uno dei siti storici dell&#8217;isola. Include la facolt\u00e0 di agraria, la facolt\u00e0 di studi equestri e la facolt\u00e0 di studi sul turismo rurale.<\/li>\n<li><a href=\"http:\/\/www.lbhi.is\/en\/english\" target=\"_blank\" rel=\"noopener\">Universit\u00e0 islandese di agricolturaUniversit\u00e0 islandese di agricoltura<\/a>\u00a0si trova a Hvanneyri, nella parte occidentale del paese. Gli studi proposti si concentrano sulle risorse e l&#8217;ambiente, compresa l&#8217;agricoltura, le scienze equine, l&#8217;ambiente e la conservazione della natura.<\/li>\n<li><a href=\"http:\/\/www.bifroshttp\/\/www.bifrost.is\/english\/t.is\/english\/\" target=\"_blank\" rel=\"noopener\">University of Bifr\u00f6st<\/a>\u00a0si trova nella parte occidentale del paese, vicino a Borgarnes. Offre corsi in economia e scienze sociali. L&#8217;Universit\u00e0 promuove i collegamenti con le aziende.<\/li>\n<li>L&#8217;<a href=\"http:\/\/www.lhi.is\/en\" target=\"_blank\" rel=\"noopener\">Accademia di Belle Arti<\/a>\u00a0\u00e8 specializzata nei settori del design e dell&#8217;architettura, delle arti dello spettacolo, dell&#8217;arte e della musica.<\/li>\n<\/ul>\n<p>Per ulteriori informazioni si pu\u00f2 visitare il sito del\u00a0<a href=\"http:\/\/eng.menntamalaraduneyti.is\/education-in-icelanhttp:\/\/eng.menntamalaraduneyti.is\/education-in-iceland\/Educational_system\/d\/Educational_system\/\" target=\"_blank\" rel=\"noopener\">Ministero dell\u2019Educazione<\/a>.<\/p>\n","protected":false},"excerpt":{"rendered":"I cittadini italiani possono soggiornare in Islanda per soggiorni brevi non superiori a 3 mesi \u2013 \u00e8 necessario il possesso del passaporto o della carta d&#8217;identit\u00e0 italiana (preferibilmente nel nuovo modello elettronico). Coloro che cercano lavoro possono risiedere in Islanda fino ad un massimo di 6 mesi. In questo secondo caso occorre registrarsi presso il [&hellip;]","protected":false},"author":1,"featured_media":0,"parent":267,"menu_order":16,"comment_status":"closed","ping_status":"closed","template":"","meta":{"footnotes":""},"class_list":["post-296","page","type-page","status-publish","hentry"],"_links":{"self":[{"href":"https:\/\/amboslo.esteri.it\/it\/wp-json\/wp\/v2\/pages\/296","targetHints":{"allow":["GET"]}}],"collection":[{"href":"https:\/\/amboslo.esteri.it\/it\/wp-json\/wp\/v2\/pages"}],"about":[{"href":"https:\/\/amboslo.esteri.it\/it\/wp-json\/wp\/v2\/types\/page"}],"author":[{"embeddable":true,"href":"https:\/\/amboslo.esteri.it\/it\/wp-json\/wp\/v2\/users\/1"}],"replies":[{"embeddable":true,"href":"https:\/\/amboslo.esteri.it\/it\/wp-json\/wp\/v2\/comments?post=296"}],"version-history":[{"count":6,"href":"https:\/\/amboslo.esteri.it\/it\/wp-json\/wp\/v2\/pages\/296\/revisions"}],"predecessor-version":[{"id":1130,"href":"https:\/\/amboslo.esteri.it\/it\/wp-json\/wp\/v2\/pages\/296\/revisions\/1130"}],"up":[{"embeddable":true,"href":"https:\/\/amboslo.esteri.it\/it\/wp-json\/wp\/v2\/pages\/267"}],"wp:attachment":[{"href":"https:\/\/amboslo.esteri.it\/it\/wp-json\/wp\/v2\/media?parent=296"}],"curies":[{"name":"wp","href":"https:\/\/api.w.org\/{rel}","templated":true}]}}