{"id":41,"date":"2023-04-11T18:07:19","date_gmt":"2023-04-11T16:07:19","guid":{"rendered":"https:\/\/ambasciatapraga.esteri.it\/?page_id=41"},"modified":"2023-08-28T12:34:42","modified_gmt":"2023-08-28T10:34:42","slug":"numeri-di-emergenza","status":"publish","type":"page","link":"https:\/\/amboslo.esteri.it\/it\/chi-siamo\/numeri-di-emergenza\/","title":{"rendered":"Numeri di emergenza"},"content":{"rendered":"<p><strong>Cellulare di EMERGENZA (+47) 92 42 42 70<\/strong><\/p>\n<p>Utilizzare il cellulare di emergenza <span style=\"text-decoration: underline;\">solo<\/span> in caso di effettiva ed urgente necessit\u00e0 nell&#8217;orario di chiusura della Sede, fino alle ore 22:00, nonch\u00e9 nei fine settimana e nei giorni festivi.<\/p>\n<p>Dopo le ore 22:00 \u00e8 possibile contattare il Ministero degli Affari Esteri al numero (+39) 06 3691 2790<\/p>\n<p>NB: in caso di furto, smarrimento o deterioramento dei documenti d\u2019identit\u00e0, il rilascio di un documento di viaggio provvisorio (ETD \u2013 Emergency Travel Document) sar\u00e0 possibile unicamente nei giorni lavorativi durante gli orari di apertura dell\u2019Ambasciata.<\/p>\n","protected":false},"excerpt":{"rendered":"Cellulare di EMERGENZA (+47) 92 42 42 70 Utilizzare il cellulare di emergenza solo in caso di effettiva ed urgente necessit\u00e0 nell&#8217;orario di chiusura della Sede, fino alle ore 22:00, nonch\u00e9 nei fine settimana e nei giorni festivi. Dopo le ore 22:00 \u00e8 possibile contattare il Ministero degli Affari Esteri al numero (+39) 06 3691 [&hellip;]","protected":false},"author":1,"featured_media":0,"parent":13,"menu_order":6,"comment_status":"closed","ping_status":"closed","template":"","meta":{"footnotes":""},"class_list":["post-41","page","type-page","status-publish","hentry"],"_links":{"self":[{"href":"https:\/\/amboslo.esteri.it\/it\/wp-json\/wp\/v2\/pages\/41","targetHints":{"allow":["GET"]}}],"collection":[{"href":"https:\/\/amboslo.esteri.it\/it\/wp-json\/wp\/v2\/pages"}],"about":[{"href":"https:\/\/amboslo.esteri.it\/it\/wp-json\/wp\/v2\/types\/page"}],"author":[{"embeddable":true,"href":"https:\/\/amboslo.esteri.it\/it\/wp-json\/wp\/v2\/users\/1"}],"replies":[{"embeddable":true,"href":"https:\/\/amboslo.esteri.it\/it\/wp-json\/wp\/v2\/comments?post=41"}],"version-history":[{"count":4,"href":"https:\/\/amboslo.esteri.it\/it\/wp-json\/wp\/v2\/pages\/41\/revisions"}],"predecessor-version":[{"id":265,"href":"https:\/\/amboslo.esteri.it\/it\/wp-json\/wp\/v2\/pages\/41\/revisions\/265"}],"up":[{"embeddable":true,"href":"https:\/\/amboslo.esteri.it\/it\/wp-json\/wp\/v2\/pages\/13"}],"wp:attachment":[{"href":"https:\/\/amboslo.esteri.it\/it\/wp-json\/wp\/v2\/media?parent=41"}],"curies":[{"name":"wp","href":"https:\/\/api.w.org\/{rel}","templated":true}]}}