{"id":424,"date":"2023-09-04T10:41:55","date_gmt":"2023-09-04T08:41:55","guid":{"rendered":"https:\/\/amboslo.esteri.it\/?page_id=424"},"modified":"2023-09-29T13:19:01","modified_gmt":"2023-09-29T11:19:01","slug":"certificato-del-casellario-giudiziale","status":"publish","type":"page","link":"https:\/\/amboslo.esteri.it\/it\/servizi-consolari-e-visti\/servizi-per-il-cittadino-italiano\/albo-consolare-e-altri-servizi\/certificato-del-casellario-giudiziale\/","title":{"rendered":"Certificato del casellario giudiziale"},"content":{"rendered":"<p>Chi risiede all\u2019estero, cittadino italiano o straniero, pu\u00f2 richiedere il certificato del casellario giudiziale relativo alla sua persona indirizzando la richiesta ad una qualunque Procura della Repubblica (Ufficio del Casellario Giudiziale), indipendentemente dal luogo di nascita o di residenza.<\/p>\n<p><span style=\"text-decoration: underline;\">Gli Uffici Consolari non rilasciano certificati penali n\u00e9 possono avviare le richieste per conto di terzi.<\/span><\/p>\n<p>Il certificato \u00e8 rilasciato solo in lingua italiana e, se rilasciato dall\u2019ufficio del casellario di Bolzano, in lingua tedesca.<\/p>\n<p>Si fa presente che il certificato penale da far valere in Norvegia deve sempre avere l&#8217;apostille (l&#8217;apostille in Italia \u00e8 rilasciata dalla Prefettura della Provincia in cui il certificato \u00e8 stato emesso) e dovr\u00e0 esser <a href=\"https:\/\/amboslo.esteri.it\/it\/servizi-consolari-e-visti\/servizi-per-il-cittadino-italiano\/traduzione-e-legalizzazione-dei-documenti\/\" target=\"_blank\" rel=\"noopener\">tradotto in lingua norvegese da un traduttore certificato<\/a>.<\/p>\n<p>Tutte le informazioni sulla richiesta del certificato penale sono disponibili nella pagina web del <a href=\"https:\/\/www.giustizia.it\/giustizia\/it\/mg_3_3_2.page\" target=\"_blank\" rel=\"noopener\">Ministero della Giustizia<\/a>.<\/p>\n<p>In caso di dubbi o chiarimenti \u00e8 necessario rivolgersi direttamente all&#8217;Ufficio della Procura della Repubblica prescelto. Si riportano di seguito i contatti della Procura della Repubblica di Roma, che risponde anche in lingua inglese:<\/p>\n<p><strong>Procura della Repubblica presso il Tribunale di Roma<\/strong><br \/>\nVia Mario Amato n. 13\/152 (Piazzale Clodio)<br \/>\n00195 ROMA (RM)<br \/>\nTel. 06 38701 \u2013 06 38704012 \u2013 06 38704009<br \/>\nFax 06 39736135<br \/>\nE-mail: <a href=\"mailto:casellario.procura.roma@giustizia.it\">casellario.procura.roma@giustizia.it<\/a><\/p>\n<p>Per maggiori informazioni clicca <a href=\"https:\/\/www.giustizia.it\/giustizia\/it\/mg_3_3_2.page\" target=\"_blank\" rel=\"noopener\">qui<\/a>.<\/p>\n","protected":false},"excerpt":{"rendered":"Chi risiede all\u2019estero, cittadino italiano o straniero, pu\u00f2 richiedere il certificato del casellario giudiziale relativo alla sua persona indirizzando la richiesta ad una qualunque Procura della Repubblica (Ufficio del Casellario Giudiziale), indipendentemente dal luogo di nascita o di residenza. Gli Uffici Consolari non rilasciano certificati penali n\u00e9 possono avviare le richieste per conto di terzi. [&hellip;]","protected":false},"author":4,"featured_media":0,"parent":76,"menu_order":2,"comment_status":"closed","ping_status":"closed","template":"","meta":{"footnotes":""},"class_list":["post-424","page","type-page","status-publish","hentry"],"_links":{"self":[{"href":"https:\/\/amboslo.esteri.it\/it\/wp-json\/wp\/v2\/pages\/424","targetHints":{"allow":["GET"]}}],"collection":[{"href":"https:\/\/amboslo.esteri.it\/it\/wp-json\/wp\/v2\/pages"}],"about":[{"href":"https:\/\/amboslo.esteri.it\/it\/wp-json\/wp\/v2\/types\/page"}],"author":[{"embeddable":true,"href":"https:\/\/amboslo.esteri.it\/it\/wp-json\/wp\/v2\/users\/4"}],"replies":[{"embeddable":true,"href":"https:\/\/amboslo.esteri.it\/it\/wp-json\/wp\/v2\/comments?post=424"}],"version-history":[{"count":4,"href":"https:\/\/amboslo.esteri.it\/it\/wp-json\/wp\/v2\/pages\/424\/revisions"}],"predecessor-version":[{"id":1161,"href":"https:\/\/amboslo.esteri.it\/it\/wp-json\/wp\/v2\/pages\/424\/revisions\/1161"}],"up":[{"embeddable":true,"href":"https:\/\/amboslo.esteri.it\/it\/wp-json\/wp\/v2\/pages\/76"}],"wp:attachment":[{"href":"https:\/\/amboslo.esteri.it\/it\/wp-json\/wp\/v2\/media?parent=424"}],"curies":[{"name":"wp","href":"https:\/\/api.w.org\/{rel}","templated":true}]}}