{"id":44,"date":"2023-04-11T18:10:45","date_gmt":"2023-04-11T16:10:45","guid":{"rendered":"https:\/\/ambasciatapraga.esteri.it\/?page_id=44"},"modified":"2025-09-11T12:12:59","modified_gmt":"2025-09-11T10:12:59","slug":"diplomazia-culturale","status":"publish","type":"page","link":"https:\/\/amboslo.esteri.it\/it\/italia-e-norvegia\/diplomazia-culturale\/","title":{"rendered":"Diplomazia culturale"},"content":{"rendered":"<p class=\"boxLevel04\">La cultura \u00e8 una dimensione di priorit\u00e0 nella politica estera italiana e nell&#8217;attivit\u00e0 dell&#8217;Ambasciata d&#8217;Italia ad Oslo. Insieme all&#8217;Istituto Italiano di Cultura di Oslo e la Societ\u00e0 Dante Alighieri, l&#8217;Ambasciata lavora attivamente per rafforzare le relazioni culturali bilaterali e per promuovere la lingua e la cultura italiane.<\/p>\n<p>Per notizie su\u00a0<strong>eventi di carattere culturale ed artistico<\/strong>\u00a0visitare il sito dell&#8217;<a href=\"https:\/\/iicoslo.esteri.it\/iic_oslo\/it\" target=\"_blank\" rel=\"noopener\">Istituto Italiano di Cultura<\/a> e la sezione News di questo sito.<\/p>\n<ul>\n<li class=\"boxLevel04\"><span lang=\"IT\"><strong>Istituto Italiano di Cultura a Oslo<\/strong><\/span>\n<ul>\n<li><span lang=\"IT\"><strong>Servizi al pubblico:<\/strong><br \/>\n&#8211; una Biblioteca italiana per la consultazione e il prestito di libri, cd, videocassette, audiocassette e dvd<br \/>\n<\/span><span lang=\"IT\">&#8211; una sala per la lettura di riviste e giornali italiani<br \/>\n<\/span><span lang=\"IT\">&#8211; un servizio di informazione e documentazione sull\u2019Italia nel campo culturale<br \/>\n&#8211;\u00a0<\/span><span lang=\"IT\">un servizio di orientamento universitario e di informazione su scuole. accademie e universit\u00e0 italiane.<\/span><\/li>\n<li><span lang=\"IT\">Inoltre, l\u2019Istituto Italiano di Cultura di Oslo:<br \/>\n&#8211;\u00a0ospita proiezioni video, mostre, concerti, conferenze, seminari e molti altri eventi culturali<br \/>\n&#8211;\u00a0<\/span><span lang=\"IT\">si occupa dell\u2019aggiornamento degli insegnanti d\u2019italiano in Norvegia<br \/>\n<\/span><span lang=\"IT\">&#8211; gestisce le assegnazioni delle borse di studio offerte dal governo italiano ai cittadini norvegesi<\/span><span lang=\"IT\"><br \/>\n<\/span><\/li>\n<li><span lang=\"IT\"><strong>Collaborazioni<\/strong><br \/>\n<\/span><span lang=\"IT\">Per gli eventi di maggior respiro l&#8217;Istituto si avvale della collaborazione:<br \/>\n&#8211;\u00a0<\/span><span lang=\"IT\">degli Uffici italiani competenti (Ambasciata, ICE, Ufficio dell\u2019Addetto Scientifico, ENIT);<br \/>\n&#8211;\u00a0<\/span>di istituzioni artistiche e museali locali quali il Nasjonalmuseet, Norsk Form, Kistefos-Museet, Henie Onstad Kunstsenter, Norsk Filminstitutt;<br \/>\n&#8211;\u00a0<span lang=\"IT\">degli altri Istituti di cultura e Centri culturali europei presenti ad Oslo;<br \/>\n&#8211;\u00a0<\/span><span lang=\"IT\">dei Comitati norvegesi della Dante Alighieri;<br \/>\n<\/span><span lang=\"IT\">&#8211; delle Universit\u00e0 e delle Accademie norvegesi;<br \/>\n&#8211;\u00a0<\/span><span lang=\"IT\">di numerose istituzioni\u00a0facenti capo al\u00a0dal Ministero della Cultura o al Ministero degli Affari Esteri norvegesi.<\/span><\/li>\n<\/ul>\n<\/li>\n<\/ul>\n<p style=\"padding-left: 80px;\">Tra i principali\u00a0<strong>Festival<\/strong>\u00a0cui l&#8217;Istituto partecipa attivamente si annoverano:<br \/>\n&#8211;\u00a0Bj\u00f8rnsson Festivalen, Molde<br \/>\n&#8211; International Film Festival, Haugesund<br \/>\n&#8211; Festspillene i Bergen<br \/>\n&#8211; Oslo World Music Festival<br \/>\n&#8211; Oslo Church Music Festival<br \/>\n&#8211; Molde Jazz Festival<br \/>\n&#8211; Ultima &#8211; Oslo Contemporary Music Festival<br \/>\n&#8211; Kongsberg Jazzfestival<\/p>\n<ul>\n<li><span lang=\"IT\"><strong>Societ\u00e0 Dante Alighieri<\/strong><\/span><\/li>\n<\/ul>\n<p style=\"padding-left: 40px;\"><span lang=\"IT\">La <a href=\"https:\/\/danteoslo.blogspot.com\/\" target=\"_blank\" rel=\"noopener\">Societ\u00e0 Dante Alighieri<\/a> ha, come noto, l&#8217;obbiettivo di tutelare e diffondere la lingua e la cultura italiane nel mondo, ravvivando i legami spirituali dei connazionali all\u2019estero con la madre patria e alimentando tra gli stranieri l\u2019amore e il culto per la civilt\u00e0 italiana. La Societ\u00e0 dispone di oltre 400 comitati diffusi in circa sessanta paesi ed \u00e8 attivamente presente anche in Norvegia.\u00a0<\/span><\/p>\n<ul>\n<li><strong>Comites<\/strong><\/li>\n<\/ul>\n<p style=\"padding-left: 40px;\">I Comites sono comitati di italiani residenti all&#8217;estero eletti direttamente dai concittadini ogni 5 anni. I membri del Comites (che vanno da 12 a 18) si impegnano a tutelare i diritti e le necessit\u00e0 dei cittadini italiani espatriati, contribuendo alla loro integrazione. Svolgono un&#8217;opera molto importante perch\u00e8, attraverso eventi di promozione culturale, analisi e ricerche, agevolano l&#8217;inserimento della collettivit\u00e0 nel contesto locale. Vai al sito del Comites di Oslo: <a href=\"http:\/\/comitesoslo.org\/\" target=\"_blank\" rel=\"noopener\">http:\/\/comitesoslo.org\/<\/a><\/p>\n<ul>\n<li><span lang=\"IT\"><strong>Certificazione della lingua italiana<\/strong><\/span><\/li>\n<\/ul>\n<p style=\"padding-left: 40px;\"><span lang=\"IT\">La certificazione linguistica ha la funzione di documentare i livelli di competenza cos\u00ec come indicati nel Quadro di Riferimento Comune per le Lingue Europee.<\/span>\u00a0Per la certificazione \u00e8 stato creato,\u00a0su richiesta del M.I.U.R., il CLIQ, Consorzio Lingua Italiana di Qualit\u00e0, per promuovere gli esami degli Enti pi\u00f9 prestigiosi. Attualmente sono 4 gli enti riconosciuti dal consorzio CLIQ e ogni Ente promuove il proprio esame: la Societ\u00e0 Dante Alighieri, l\u2019Universit\u00e0 per Stranieri di Perugia, l\u2019 Universit\u00e0 per Stranieri di Siena e l\u2019Universit\u00e0 degli Studi Roma Tre.<\/p>\n<p style=\"padding-left: 40px;\">Le certificazioni rilasciate sono:<br \/>\n\u2013 PLIDA (Programma Lingua Italiana Dante Alighieri), rilasciato dalla Societ\u00e0 Dante Alighieri;<br \/>\n\u2013 CELI (Certificato di Lingua Italiana), rilasciato dall\u2019Universit\u00e0 per Stranieri di Perugia;<br \/>\n\u2013 CILS (Certificato di Italiano Lingua Straniera), rilasciato dall\u2019Universit\u00e0 per Stranieri di Siena;<br \/>\n&#8211;\u00a0 IT (Certificato di competenza generale in italiano come lingua straniera), rilasciato dall\u2019Universit\u00e0 degli Studi Roma Tre.<br \/>\nPer ulteriori informazioni consultare <a href=\"https:\/\/danteoslo.blogspot.com\/\">il sito.<\/a><\/p>\n<p style=\"padding-left: 40px;\">In Norvegia \u00e8 possibile ottenere\u00a0<strong>solo la certificazione PLIDA<\/strong>\u00a0grazie alla collaborazione tra i Comitati norvegesi della Societ\u00e0 Dante Alighieri e l&#8217;Istituto Italiano di Cultura di Oslo. Per maggiori informazioni contattare\u00a0<a href=\"https:\/\/iicoslo.esteri.it\/iic_oslo\/it\/\" target=\"_blank\" rel=\"noopener\">https:\/\/iicoslo.esteri.it\/iic_oslo\/it\/<\/a><br \/>\n<a href=\"http:\/\/www.societadantealighieri.org\/it\/plida\" target=\"_blank\" rel=\"noopener\">http:\/\/www.societadantealighieri.org\/it\/plida<\/a><span lang=\"IT\">\u00a0<\/span><\/p>\n<ul>\n<li><span lang=\"IT\"><strong>Borse di studio<\/strong><\/span><\/li>\n<\/ul>\n<p style=\"padding-left: 40px;\"><span lang=\"IT\">Per informazioni utili concernenti le borse di studio offerte dal Governo italiano ai cittadini stranieri contattare <a href=\"https:\/\/iicoslo.esteri.it\/it\/lingua-e-cultura\/studiare-in-italia\/\" target=\"_blank\" rel=\"noopener\">l&#8217;Istituto Italiano di Cultura di Oslo<\/a>.<\/span><\/p>\n<p style=\"padding-left: 40px;\">Per i contributi del Governo italiano per la promozione della lingua e della cultura italiana nel mondo consultare la voce a sinistra.<\/p>\n<p style=\"padding-left: 40px;\">\u00e8 attiva dal 2010 nella promozione all&#8217;estero del sistema universitario e di formazione superiore italiano. Uni-Italia fornisce informazioni e assistenza ed organizza\u00a0attivit\u00e0 all&#8217;estero in collaborazione con con la Rete diplomatico-consolare e gli Istituti Italiani di Cultura.<br \/>\nSito di Uni-Italia:\u00a0<a href=\"https:\/\/uni-italia.it\/\" target=\"_blank\" rel=\"noopener\">http:\/\/www.uni-italia.it<\/a><\/p>\n<ul>\n<li>Saggi e guide tematiche<\/li>\n<\/ul>\n<p style=\"padding-left: 40px;\">I saggi e le guide tematiche sulla Norvegia si trovano a questa <a href=\"https:\/\/amboslo.esteri.it\/it\/italia-e-islanda-sede-accreditata\/cooperazione-economica\/guide-tematiche-norvegia\/\">pagina<\/a>.<\/p>\n<ul>\n<li><strong>Riconoscimento dei titoli di studio italiani in Norvegia<\/strong><\/li>\n<\/ul>\n<p style=\"padding-left: 40px;\">Per ottenere il riconoscimento dei titoli di studio italiani rivolgersi a:<\/p>\n<ul>\n<li>l&#8217;Agenzia norvegese per la garanzia della qualit\u00e0 dell&#8217;istruzione (Nokut) <a href=\"http:\/\/www.nokut.no\/\" target=\"_blank\" rel=\"noopener\">http:\/\/www.nokut.no\/<\/a>. Per qualifiche in medicina e altri campi dell&#8217;educazione sanitaria, contattare la Direzione Sanitaria norvegese: <a href=\"https:\/\/www.helsedirektoratet.no\/english\/authorisation-and-license-for-health-personnel\" target=\"_blank\" rel=\"noopener\">https:\/\/www.helsedirektoratet.no\/english\/authorisation-and-license-for-health-personnel<\/a><\/li>\n<\/ul>\n<ul>\n<li>Riconoscimento dei titoli di studio stranieri per studiare in Italia<\/li>\n<\/ul>\n<p style=\"padding-left: 40px;\">Per ottenere il riconoscimento dei titoli di studio stranieri serve una &#8220;Dichiarazione di valore&#8221; emessa dall&#8217;Ufficio Consolare. Per maggiori informazioni, si prega di consultare questa <a href=\"https:\/\/amboslo.esteri.it\/it\/servizi-consolari-e-visti\/servizi-per-il-cittadino-straniero\/traduzione-e-legalizzazione-dei-documenti\/\" target=\"_blank\" rel=\"noopener\">sezione<\/a>.<\/p>\n<p>&nbsp;<\/p>\n<ul>\n<li><strong>Guida turistica di Oslo &#8220;<a href=\"https:\/\/amboslo.esteri.it\/wp-content\/uploads\/2024\/09\/Piccoli-pezzi-dItalia-a-Oslo-_2024.pdf\" target=\"_blank\" rel=\"noopener\">Piccoli pezzi d&#8217;Italia a Oslo<\/a>&#8220;<\/strong><\/li>\n<\/ul>\n<p>&nbsp;<\/p>\n","protected":false},"excerpt":{"rendered":"La cultura \u00e8 una dimensione di priorit\u00e0 nella politica estera italiana e nell&#8217;attivit\u00e0 dell&#8217;Ambasciata d&#8217;Italia ad Oslo. Insieme all&#8217;Istituto Italiano di Cultura di Oslo e la Societ\u00e0 Dante Alighieri, l&#8217;Ambasciata lavora attivamente per rafforzare le relazioni culturali bilaterali e per promuovere la lingua e la cultura italiane. Per notizie su\u00a0eventi di carattere culturale ed artistico\u00a0visitare [&hellip;]","protected":false},"author":1,"featured_media":0,"parent":14,"menu_order":2,"comment_status":"closed","ping_status":"closed","template":"","meta":{"footnotes":""},"class_list":["post-44","page","type-page","status-publish","hentry"],"_links":{"self":[{"href":"https:\/\/amboslo.esteri.it\/it\/wp-json\/wp\/v2\/pages\/44","targetHints":{"allow":["GET"]}}],"collection":[{"href":"https:\/\/amboslo.esteri.it\/it\/wp-json\/wp\/v2\/pages"}],"about":[{"href":"https:\/\/amboslo.esteri.it\/it\/wp-json\/wp\/v2\/types\/page"}],"author":[{"embeddable":true,"href":"https:\/\/amboslo.esteri.it\/it\/wp-json\/wp\/v2\/users\/1"}],"replies":[{"embeddable":true,"href":"https:\/\/amboslo.esteri.it\/it\/wp-json\/wp\/v2\/comments?post=44"}],"version-history":[{"count":7,"href":"https:\/\/amboslo.esteri.it\/it\/wp-json\/wp\/v2\/pages\/44\/revisions"}],"predecessor-version":[{"id":5940,"href":"https:\/\/amboslo.esteri.it\/it\/wp-json\/wp\/v2\/pages\/44\/revisions\/5940"}],"up":[{"embeddable":true,"href":"https:\/\/amboslo.esteri.it\/it\/wp-json\/wp\/v2\/pages\/14"}],"wp:attachment":[{"href":"https:\/\/amboslo.esteri.it\/it\/wp-json\/wp\/v2\/media?parent=44"}],"curies":[{"name":"wp","href":"https:\/\/api.w.org\/{rel}","templated":true}]}}