{"id":45,"date":"2023-04-11T18:10:55","date_gmt":"2023-04-11T16:10:55","guid":{"rendered":"https:\/\/ambasciatapraga.esteri.it\/?page_id=45"},"modified":"2025-09-11T12:40:18","modified_gmt":"2025-09-11T10:40:18","slug":"diplomazia-scientifica","status":"publish","type":"page","link":"https:\/\/amboslo.esteri.it\/it\/italia-e-norvegia\/diplomazia-scientifica\/","title":{"rendered":"Diplomazia scientifica"},"content":{"rendered":"<p>L\u2019Ambasciata d\u2019Italia ad Oslo \u00e8 attivamente impegnata a sostenere e rafforzare la collaborazione tra Italia e Norvegia nel settore della scienza e della tecnologia. A tal fine l\u2019Ambasciata lavora per promuovere il sistema scientifico e tecnologico italiano e favorire ogni forma di collaborazione possibile.<\/p>\n<ul>\n<li><a href=\"https:\/\/www.researchitaly.it\/home\/\" target=\"_blank\" rel=\"noopener\">Research Italy<\/a>: il portale della ricerca italiana.<\/li>\n<li><a href=\"https:\/\/innovitalia.esteri.it\/\" target=\"_blank\" rel=\"noopener\">Innovitalia<\/a>\u00a0\u00e8 la piattaforma per la diffusione di informazioni e per il networking degli attori della ricerca e dell\u2019innovazione italiana all\u2019estero. Innovitalia favorisce le relazioni tra il sistema della ricerca scientifica in Italia e all\u2019estero e la condivisione di opportunit\u00e0 e idee provenienti dal mondo dell\u2019innovazione, della ricerca internazionale e dalla rete dei ricercatori italiani all\u2019estero.<\/li>\n<li><a href=\"https:\/\/euraxess.ec.europa.eu\/\" target=\"_blank\" rel=\"noopener\">Euraxess \u2013 researchers in motion<\/a>\u00a0\u00e8 un\u2019iniziativa della Commissione Europea finalizzata a rendere le carriere scientifiche europee pi\u00f9 attrattive per i ricercatori di tutto il mondo e a facilitare la mobilit\u00e0 dei ricercatori nei Paesi UE.<\/li>\n<li><a href=\"https:\/\/www.euraxess.it\/\" target=\"_blank\" rel=\"noopener\">Euraxess Italy<\/a>\u00a0\u2013 \u00e8 parte dell\u2019iniziativa Euraxess \u2013 Researchers in Motion: offre informazioni mirate e servizi di accoglienza ai ricercatori che trascorrono un periodo in Italia attraverso un portale nazionale e un network di Centri.<\/li>\n<li>Il progetto\u00a0<a href=\"https:\/\/www.facebook.com\/scienzasenzaconfini.comitesoslo\/\" target=\"_blank\" rel=\"noopener\">Scienza senza confini<\/a> ha realizzato la pubblicazione \u201cExperiences and Projects of Italians in Norway and Iceland\u201d, che contiene vari contributi di ricercatori italiani in Norvegia. La pubblicazione pu\u00f2 essere visionata <a href=\"https:\/\/issuu.com\/comitesoslo\/docs\/ssc_pubblicazione\" target=\"_blank\" rel=\"noopener\">qui<\/a>. Per contattare i responsabili del progetto e dare un proprio contributo, scrivete a\u00a0<a href=\"mailto:ssc@comitesoslo.org\">ssc@comitesoslo.org<\/a><\/li>\n<\/ul>\n<h3>Quadro istituzionale<\/h3>\n<p>Le attivit\u00e0 bilaterali devono favorire:<\/p>\n<ul>\n<li>la <span style=\"text-decoration: underline;\">realizzazione di reti europee di ricerca<\/span> in settori d\u2019eccellenza per il nostro Paese;<\/li>\n<li><span style=\"text-decoration: underline;\">l\u2019inserimento di gruppi di ricerca<\/span> ed aziende italiane coinvolti in reti di sviluppo di progetti nati per iniziativa del Paese di accreditamento;<\/li>\n<li><span style=\"text-decoration: underline;\">lo sviluppo di maggiori interazioni<\/span> con i Delegati Nazionali ai Programmi di ricerca dell\u2019Unione Europea;<\/li>\n<li><span style=\"text-decoration: underline;\">l\u2019interazione con le realt\u00e0 del nostro Paese<\/span> impegnate nella <span style=\"text-decoration: underline;\">divulgazione<\/span> dei programmi di ricerca e formazione della Commissione Europea e con gli enti rappresentativi di gruppi di ricercatori quali Associazioni e Societ\u00e0 scientifiche;<\/li>\n<li>il processo di <span style=\"text-decoration: underline;\">mobilit\u00e0 dei ricercatori<\/span> stimolando la realizzazione di reti di formazione o di infrastrutture di ricerca;<\/li>\n<li>la definizione di <span style=\"text-decoration: underline;\">interventi di respiro europeo<\/span> nell\u2019ambito della programmazione annuale;<\/li>\n<li>il potenziamento del <span style=\"text-decoration: underline;\">dialogo<\/span> tra addetti scientifici, anche mettendo a disposizione le rispettive conoscenze in fatto di elaborazione di reti di ricerca;<\/li>\n<li><span style=\"text-decoration: underline;\">l\u2019integrazione di temi del PQ di ricerca dell\u2019UE<\/span> in fase di preparazione di Protocolli Bilaterali.<\/li>\n<\/ul>\n<h3>Settori scientifici di rilievo per l&#8217;Italia<\/h3>\n<p>I settori prioritari strategici per un proficuo scambio di informazioni scientifiche tra l\u2019Italia e la Norvegia sono:<\/p>\n<ul>\n<li>salute<\/li>\n<li>ambiente<\/li>\n<li>energia<\/li>\n<li>tecnologie applicate ai beni culturali<\/li>\n<li>astrofisica<\/li>\n<li>celle a combustibile<\/li>\n<li>genomica funzionale<\/li>\n<li>biotecnologie<\/li>\n<\/ul>\n<h3>L&#8217;Italia e l&#8217;Artico<\/h3>\n<p style=\"padding-left: 40px;\"><em>&#8220;L\u2019attrazione per le regioni polari per chi vi \u00e8 stato una volta \u00e8 irresistibile.<\/em><br \/>\n<em>Quel senso di assoluta libert\u00e0 dello spirito, quell\u2019allontanamento da ogni cura di cose materiali che non siano quelle indispensabili alla sopravvivenza, quel perdere valore di idee, principi, sentimenti, cos\u00ec importanti ed essenziali nel mondo civile.(\u2026)<\/em><br \/>\n<em>La legge umana che pi\u00f9 non esiste e cede il posto a quella della natura.(\u2026)<\/em><br \/>\n<em>Quella solitudine immensa dove ognuno si sente re di se stesso. Tutto questo una volta provato non lo si dimentica pi\u00f9 ed esercita un fascino al quale \u00e8 impossibile resistere.&#8221;<\/em><br \/>\n<em>Umberto Nobile<\/em><\/p>\n<ul>\n<li>La <a href=\"https:\/\/www.esteri.it\/mae\/resource\/doc\/2019\/11\/verso_una_strategia_italiana_per_lartico__linee_guida_nazionali.pdf\" target=\"_blank\" rel=\"noopener\"><strong>strategia italiana sull\u2019Artico<\/strong><\/a> del Ministero degli Affari Esteri;<\/li>\n<li>Il <strong>Consiglio Artico<\/strong> \u00e8 la principale organizzazione intergovernativa che promuove la cooperazione tra gli Stati artici, le comunit\u00e0 indigene e la popolazione dell\u2019Artico sui temi dello sviluppo sostenibile e della tutela ambientale nella regione. Ne sono membri Canada, Danimarca, Finlandia, Islanda, Norvegia, Federazione Russa, Svezia e Stati Uniti d\u2019America e, in qualit\u00e0 di osservatori: Olanda, Polonia, Regno Unito, Francia, Germania, Spagna, Italia e Cina. L\u2019Italia ne \u00e8 entrata a far parte nel 2007 in qualit\u00e0 di osservatore ad hoc e nel 2013, nel corso della riunione ministeriale di Kiruna, in qualit\u00e0 di osservatore permanente;<\/li>\n<li>Ricerca italiana nell&#8217;Artico &#8211; &#8220;<a href=\"https:\/\/articomostra.cnr.it\/\" target=\"_blank\" rel=\"noopener\">Viaggio interattivo al Polo Nord&#8221;<\/a>, dal sito del Consiglio Nazionale delle Ricerche (CNR);<\/li>\n<li>Istituto di Sicenze dell&#8217;atmosfera e del clima, <a href=\"https:\/\/www.isac.cnr.it\/index.php\/it\/node\/13369\" target=\"_blank\" rel=\"noopener\">Osservatorio Artico Dirigibile Italia<\/a> &#8211; Ny Alesund;<\/li>\n<li>Blog sull&#8217;Artide e Antartide e Rubrica &#8220;<a href=\"https:\/\/ingvambiente.com\/category\/artideantartide\/\" target=\"_blank\" rel=\"noopener\">Una finestra sull&#8217;Artide<\/a>&#8221; del sito dell&#8217;Istituto Nazionale di Geofisica e Vulcanologia (INGV);<\/li>\n<li>Studio:\u00a0&#8220;<a href=\"https:\/\/www.parlamento.it\/application\/xmanager\/projects\/parlamento\/file\/repository\/affariinternazionali\/osservatorio\/approfondimenti\/PI0124App.pdf\" target=\"_blank\" rel=\"noopener\">Competizione tra Stati e corsa alle risorse. Geopolitica dell&#8217;Artico<\/a>&#8220;, Osservatorio di Politica Internazionale (a cura del CeSI, Centro Studi Internazionali) n.124 (gennaio 2017)<\/li>\n<\/ul>\n","protected":false},"excerpt":{"rendered":"L\u2019Ambasciata d\u2019Italia ad Oslo \u00e8 attivamente impegnata a sostenere e rafforzare la collaborazione tra Italia e Norvegia nel settore della scienza e della tecnologia. A tal fine l\u2019Ambasciata lavora per promuovere il sistema scientifico e tecnologico italiano e favorire ogni forma di collaborazione possibile. Research Italy: il portale della ricerca italiana. Innovitalia\u00a0\u00e8 la piattaforma per [&hellip;]","protected":false},"author":1,"featured_media":0,"parent":14,"menu_order":4,"comment_status":"closed","ping_status":"closed","template":"","meta":{"footnotes":""},"class_list":["post-45","page","type-page","status-publish","hentry"],"_links":{"self":[{"href":"https:\/\/amboslo.esteri.it\/it\/wp-json\/wp\/v2\/pages\/45","targetHints":{"allow":["GET"]}}],"collection":[{"href":"https:\/\/amboslo.esteri.it\/it\/wp-json\/wp\/v2\/pages"}],"about":[{"href":"https:\/\/amboslo.esteri.it\/it\/wp-json\/wp\/v2\/types\/page"}],"author":[{"embeddable":true,"href":"https:\/\/amboslo.esteri.it\/it\/wp-json\/wp\/v2\/users\/1"}],"replies":[{"embeddable":true,"href":"https:\/\/amboslo.esteri.it\/it\/wp-json\/wp\/v2\/comments?post=45"}],"version-history":[{"count":6,"href":"https:\/\/amboslo.esteri.it\/it\/wp-json\/wp\/v2\/pages\/45\/revisions"}],"predecessor-version":[{"id":5978,"href":"https:\/\/amboslo.esteri.it\/it\/wp-json\/wp\/v2\/pages\/45\/revisions\/5978"}],"up":[{"embeddable":true,"href":"https:\/\/amboslo.esteri.it\/it\/wp-json\/wp\/v2\/pages\/14"}],"wp:attachment":[{"href":"https:\/\/amboslo.esteri.it\/it\/wp-json\/wp\/v2\/media?parent=45"}],"curies":[{"name":"wp","href":"https:\/\/api.w.org\/{rel}","templated":true}]}}