{"id":49,"date":"2023-04-11T18:13:11","date_gmt":"2023-04-11T16:13:11","guid":{"rendered":"https:\/\/ambasciatapraga.esteri.it\/?page_id=49"},"modified":"2026-01-28T09:07:52","modified_gmt":"2026-01-28T08:07:52","slug":"passaporti-e-carte-didentita","status":"publish","type":"page","link":"https:\/\/amboslo.esteri.it\/it\/servizi-consolari-e-visti\/servizi-per-il-cittadino-italiano\/passaporti-e-carte-didentita\/","title":{"rendered":"Documenti di viaggio"},"content":{"rendered":"<p>Per la descrizione delle procedure per il rilascio dei passaporti, delle carte d&#8217;identit\u00e0 o dell&#8217;ETD (documento di viaggio di emergenza), consultare le apposite sezioni di questo sito nel men\u00f9 a destra:<\/p>\n<ul>\n<li data-order=\"1\"><a class=\"list-item\" title=\"Passaporti\" href=\"https:\/\/amboslo.esteri.it\/it\/servizi-consolari-e-visti\/servizi-per-il-cittadino-italiano\/passaporti-e-carte-didentita\/passaporti\/\">Passaporti<\/a><\/li>\n<li data-order=\"2\"><a class=\"list-item\" title=\"Carta d'identit\u00e0 elettronica\" href=\"https:\/\/amboslo.esteri.it\/it\/servizi-consolari-e-visti\/servizi-per-il-cittadino-italiano\/passaporti-e-carte-didentita\/carta-didentita-elettronica\/\">Carta d&#8217;identit\u00e0 elettronica<\/a><\/li>\n<li data-order=\"3\"><a class=\"list-item\" title=\"Emergency Travel Documents (ETD)\" href=\"https:\/\/amboslo.esteri.it\/it\/servizi-consolari-e-visti\/servizi-per-il-cittadino-italiano\/passaporti-e-carte-didentita\/emergency-travel-documents-etd\/\">Emergency Travel Documents (ETD)<\/a><\/li>\n<li data-order=\"4\"><a class=\"list-item\" title=\"Minori in viaggio\" href=\"https:\/\/amboslo.esteri.it\/it\/servizi-consolari-e-visti\/servizi-per-il-cittadino-italiano\/passaporti-e-carte-didentita\/minori-in-viaggio\/\">Minori in viaggio<\/a><\/li>\n<\/ul>\n","protected":false},"excerpt":{"rendered":"Per la descrizione delle procedure per il rilascio dei passaporti, delle carte d&#8217;identit\u00e0 o dell&#8217;ETD (documento di viaggio di emergenza), consultare le apposite sezioni di questo sito nel men\u00f9 a destra: Passaporti Carta d&#8217;identit\u00e0 elettronica Emergency Travel Documents (ETD) Minori in viaggio","protected":false},"author":1,"featured_media":0,"parent":47,"menu_order":3,"comment_status":"closed","ping_status":"closed","template":"","meta":{"footnotes":""},"class_list":["post-49","page","type-page","status-publish","hentry"],"_links":{"self":[{"href":"https:\/\/amboslo.esteri.it\/it\/wp-json\/wp\/v2\/pages\/49","targetHints":{"allow":["GET"]}}],"collection":[{"href":"https:\/\/amboslo.esteri.it\/it\/wp-json\/wp\/v2\/pages"}],"about":[{"href":"https:\/\/amboslo.esteri.it\/it\/wp-json\/wp\/v2\/types\/page"}],"author":[{"embeddable":true,"href":"https:\/\/amboslo.esteri.it\/it\/wp-json\/wp\/v2\/users\/1"}],"replies":[{"embeddable":true,"href":"https:\/\/amboslo.esteri.it\/it\/wp-json\/wp\/v2\/comments?post=49"}],"version-history":[{"count":6,"href":"https:\/\/amboslo.esteri.it\/it\/wp-json\/wp\/v2\/pages\/49\/revisions"}],"predecessor-version":[{"id":890,"href":"https:\/\/amboslo.esteri.it\/it\/wp-json\/wp\/v2\/pages\/49\/revisions\/890"}],"up":[{"embeddable":true,"href":"https:\/\/amboslo.esteri.it\/it\/wp-json\/wp\/v2\/pages\/47"}],"wp:attachment":[{"href":"https:\/\/amboslo.esteri.it\/it\/wp-json\/wp\/v2\/media?parent=49"}],"curies":[{"name":"wp","href":"https:\/\/api.w.org\/{rel}","templated":true}]}}