{"id":531,"date":"2023-09-05T10:10:15","date_gmt":"2023-09-05T08:10:15","guid":{"rendered":"https:\/\/amboslo.esteri.it\/?page_id=531"},"modified":"2025-11-07T09:16:47","modified_gmt":"2025-11-07T08:16:47","slug":"avvocati","status":"publish","type":"page","link":"https:\/\/amboslo.esteri.it\/it\/chi-siamo\/gli-uffici\/avvocati\/","title":{"rendered":"Avvocati"},"content":{"rendered":"<article id=\"articolo_centro\" class=\"col-md-19 col-sm-19 padding_articolo item-page\" role=\"main\" aria-label=\"articolo\"><strong>Avvocati (lawyers)<br \/>\n<\/strong>(in ordine alfabetico)<\/p>\n<ul>\n<li><strong>Avv. Knut BOYE<\/strong><\/li>\n<\/ul>\n<p><em>Advokatfirma Knut Boye<\/em><br \/>\nSede: Bygd\u00f8 All\u00e9 2, 0257 Oslo<br \/>\nInd. Postale: POB 573 Sentrum, 0105 Oslo<br \/>\nCell: (+47) 92 03 07 68<br \/>\nE-mail:\u00a0<a href=\"mailto:kb@knutboye.no\">kb@knutboye.no<\/a><br \/>\nCompetenze: processo e contenzioso civile, diritto commerciale, societario, contratti, costruzione, aviazione.<br \/>\n<a href=\"https:\/\/ba2advokatene.no\/\" target=\"_blank\" rel=\"noopener\">https:\/\/ba2advokatene.no<\/a><\/p>\n<ul>\n<li><strong>Avv. Gian Luca CONGEDDU<\/strong><\/li>\n<\/ul>\n<p><em>ECIT Law Advokater AS<\/em><br \/>\n(<a href=\"https:\/\/www.ecitlaw.no\/\" target=\"_blank\" rel=\"noopener\">https:\/\/www.ecitlaw.no\/<\/a>)<br \/>\nSede: M\u00f8llergata 23, 0179 Oslo<br \/>\nCell. (+47) 92 487 012<br \/>\nE-mail: <a href=\"mailto:glc@arktislaw.no\">glc@arktislaw.no<\/a><br \/>\nCompetenze: diritto commerciale e delle imprese, contratti e obbligazioni, diritto del lavoro, immobili, propriet\u00e0 intellettuale. <a href=\"http:\/\/www.arktislaw.no\/about.html\" target=\"_blank\" rel=\"noopener\">http:\/\/www.arktislaw.no\/about.html<\/a><\/p>\n<ul>\n<li><strong>Avv. Luigi FARINA<\/strong><\/li>\n<\/ul>\n<p><em>Maggesi &amp; Partners Lawyers<\/em><strong><br \/>\n<\/strong>Competenze: specializzato in diritto immobiliare e appalti internazionali, diritto farmaceutico e energia. Parla correttamente italiano, danese e inglese. Presta la sua attivit\u00e0 da Copenhagen. Collabora con lo Studio Legale Maggesi dal 2015.<strong><br \/>\n<\/strong><\/p>\n<p>Tel: (+45) 22 431 711<br \/>\nCell. (+45) 69 166 360<br \/>\nE-mail: <a href=\"mailto:info@meplaw.net\" target=\"_blank\" rel=\"noopener\">info@meplaw.net<\/a><br \/>\n<a href=\"https:\/\/www.studiomaggesi.it\/studio_legale_internazionale.htm\" target=\"_blank\" rel=\"noopener\">https:\/\/www.studiomaggesi.it\/studio_legale_internazionale.htm<\/a><\/p>\n<ul>\n<li><strong>Avv. Caterina GAETA<\/strong><\/li>\n<\/ul>\n<p><em>Advokatfirmaet Steenstrup Stordrange (SANDS)<\/em><br \/>\n(<a href=\"https:\/\/www.sands.no\/nb-NO\" target=\"_blank\" rel=\"noopener\">https:\/\/www.sands.no\/nb-NO<\/a>)<br \/>\nSede: Cort Adelers gate 33, Oslo<br \/>\nInd. postale: POB 1829 Vika,0123 Oslo<br \/>\nCell.+47 480 16 558 &#8211; Tel: +47 22 81 45 58<br \/>\nE-mail:\u00a0<a href=\"mailto:cga@sands.no\">cga@sands.no<\/a><br \/>\nCompetenze: diritto penale, criminalit\u00e0 economica.<br \/>\n<a href=\"https:\/\/www.sands.no\/en-US\/people\/oslo\/caterina-gaeta\" target=\"_blank\" rel=\"noopener\">https:\/\/www.sands.no\/en-US\/people\/oslo\/caterina-gaeta<\/a><\/p>\n<ul>\n<li><strong>Avv. Christopher W. HUSEBYE<\/strong><\/li>\n<\/ul>\n<p><em>Advokatfirmaet Bull &amp; Co<\/em><br \/>\n(<a href=\"https:\/\/www.bull.no\/home\" target=\"_blank\" rel=\"noopener\">https:\/\/www.bull.no\/home<\/a>)<br \/>\nSede: Observatoriegt. 1B, Oslo<br \/>\nInd. postale: PB 2583 Solli, 0203 Oslo<br \/>\nCell. (+47) 924 10 629 &#8211; Tel. (+47) 23 010 101<br \/>\nE-mail:\u00a0<a href=\"mailto:ch@bull.no\">ch@bull.no<\/a><br \/>\nCompetenze: diritto commerciale.<br \/>\n<a href=\"https:\/\/www.bull.no\/mennesker\/christopher-w-husebye-2\/\" target=\"_blank\" rel=\"noopener\">https:\/\/www.bull.no\/mennesker\/christopher-w-husebye-2\/<\/a><\/p>\n<ul>\n<li><strong>Avv. Nina REIERSEN<\/strong><\/li>\n<\/ul>\n<p>Sede: Bygd\u00f8y All\u00e9 2, 0257 Oslo<br \/>\nInd. postale: POB 573 Sentrum, 0105 Oslo<br \/>\nCell. (+47) 91852749 &#8211; Cell.it. (+39) 334 75 82 320<br \/>\nCompetenze: diritto di famiglia, successioni e eredit\u00e0 e immobili.<br \/>\nE-mail:\u00a0<a href=\"mailto:nina@advreiersen.no\">nina@advreiersen.no<\/a><br \/>\n(<a href=\"https:\/\/advreiersen.no\/\" target=\"_blank\" rel=\"noopener\">https:\/\/advreiersen.no\/<\/a>)<\/p>\n<ul>\n<li><strong>Avv. Erik STR\u00d8MME<\/strong><\/li>\n<\/ul>\n<p>Sede: Akershusstranda 21, Oslo<br \/>\nInd. postale: POB 609 Sentrum, 0106 Oslo<br \/>\nCell. (+47) 920 18 510 &#8211; Tel. (+47) 22 551 543<br \/>\nCompetenze: diritto penale e civile.<\/p>\n<ul>\n<li><strong>Avv. Amund Brede SVENDSEN<\/strong><\/li>\n<\/ul>\n<p><em>Advokatfirmaet Gjessing Reimers<\/em><br \/>\n(<a href=\"https:\/\/gjessingreimers.no\/\" target=\"_blank\" rel=\"noopener\">https:\/\/gjessingreimers.no\/<\/a><a href=\"https:\/\/gjessingreimers.no\/\">)<\/a><br \/>\nSede: Grev Wedels Plass 7, Oslo<br \/>\nInd. postale: P.O. Box 678 Sentrum, 0106 Oslo<br \/>\nCell. (+47) 911 73 945 &#8211; Tel. (+47) 22 27 52 22<br \/>\nE-mail:\u00a0<a href=\"mailto:abs@gjessingreimers.no\">abs@gjessingreimers.no<\/a><br \/>\nCompetenze: diritto commerciale, diritto comunitario e contenziosi.<br \/>\n<a href=\"https:\/\/grette.no\/en\/employees\/amund-brede-svendsen-eng\/\" target=\"_blank\" rel=\"noopener\">https:\/\/gjessingreimers.no\/people\/amund-brede-svendsen-2\/<\/a><\/p>\n<ul>\n<li><strong>Avv. Alessia TUORO<\/strong><\/li>\n<\/ul>\n<p>Sede: Explorer HQ,Torggata 15, 0181 Oslo<br \/>\nCell. (+47) 45 09 16 66<br \/>\nItalia: Via degli Scipioni n.235, Roma &#8211; Cell. it. (+39) 391 76 82 951<br \/>\nE-mail:\u00a0<a href=\"mailto:studiolegale.tuoro@gmail.com\">studiolegale.tuoro@gmail.com<\/a><br \/>\nCompetenze: diritto civile e diritto penale.<\/p>\n<\/article>\n<p style=\"padding-left: 40px;\"><strong>\u2022 Avv. Birgit VINNES<\/strong><\/p>\n<p><em>Advokat Birgit VINNES AS<\/em><br \/>\n(<a href=\"https:\/\/advokatforum.no\/\">https:\/\/advokatforum.no\/<\/a>)<br \/>\nSede: C. J. Hambros plass 5, 0164 Oslo<br \/>\nTel: (+47) 22 40 36 50<br \/>\nCell: (+47) 91 52 39 89<br \/>\nE-mail:\u00a0<a href=\"mailto:bv@advokatforum.no\">bv@advokatforum.no<\/a><br \/>\nCompetenze: diritto penale, diritto di famiglia, casi relativi ai servizi di protezione dell\u2019infanzia, sottrazione internazionale di minori.<\/p>\n<article id=\"articolo_centro\" class=\"col-md-19 col-sm-19 padding_articolo item-page\" role=\"main\" aria-label=\"articolo\">\n<div>\n<p style=\"padding-left: 40px;\"><strong>\u2022 Avv. Henriette WILLIX<\/strong><\/p>\n<p><em>Advokatfirma Sulland AS<\/em><br \/>\n(<a href=\"https:\/\/advokatsulland.no\/\" target=\"_blank\" rel=\"noopener\">https:\/\/advokatsulland.no\/<\/a>)<br \/>\nSede: C. J. Hambros plass 5, 0164 Oslo<br \/>\nTel: (+47) 24 14 53 50<br \/>\nCell: (+47) 48 12 70 62<br \/>\nE-mail: <a href=\"mailto:hwi@advsulland.no\" target=\"_blank\" rel=\"noopener\">hwi@advsulland.no<\/a><br \/>\nCompetenze: diritto penale, diritto civile, diritto del lavoro, diritto di famiglia (protezione dell\u2019infanzia, controversie tra genitori).<\/p>\n<\/div>\n<\/article>\n<article id=\"articolo_centro\" class=\"col-md-19 col-sm-19 padding_articolo item-page\" role=\"main\" aria-label=\"articolo\">\n<div>\n<p>__________________________________________________________<\/p>\n<p>L\u2019Ambasciata d\u2019Italia non risponde dell\u2019abilit\u00e0 e dell\u2019operato dei professionisti summenzionati nonch\u00e9 della qualit\u00e0 dei servizi da essi offerti. L\u2019inclusione nell\u2019elenco avviene a richiesta dell\u2019interessato e non implica alcuna raccomandazione da parte dell\u2019Ambasciata.. Altri professionisti interessati ad essere inclusi nell\u2019elenco possono scrivere a:\u00a0<a href=\"mailto:consolato.oslo@esteri.it\">consolato.oslo@esteri.it<\/a>.<\/p>\n<p><em>Den italienske Ambassaden er ikke ansvarlig for de ovennevnte translat\u00f8renes dyktighet og for kvaliteten i deres tjenester. \u00c5 bli oppf\u00f8rt p\u00e5 denne listen, som ikke skal anses som komplett, medf\u00f8rer ingen anbefaling fra Ambassadens side. Andrea advokater som er interessert i \u00e5 bli oppf\u00f8rt her kan kontakte\u00a0<a href=\"mailto:consolato.oslo@esteri.it\">consolato.oslo@esteri.it.<\/a><\/em><\/p>\n<p><em>The Embassy of Italy is not responsible for the professional ability and quality of service provided by the above-mentioned professionals. Inclusion in the list, that should not be considered comprehensive, does not imply any endorsement or recommendation by the Embassy. Other lawyers interested in being included in the list can contact\u00a0<a href=\"mailto:consolato.oslo@esteri.it\">consolato.oslo@esteri.it.<\/a><\/em><\/p>\n<\/div>\n<hr \/>\n<\/article>\n<p>&nbsp;<\/p>\n","protected":false},"excerpt":{"rendered":"Avvocati (lawyers) (in ordine alfabetico) Avv. Knut BOYE Advokatfirma Knut Boye Sede: Bygd\u00f8 All\u00e9 2, 0257 Oslo Ind. Postale: POB 573 Sentrum, 0105 Oslo Cell: (+47) 92 03 07 68 E-mail:\u00a0kb@knutboye.no Competenze: processo e contenzioso civile, diritto commerciale, societario, contratti, costruzione, aviazione. https:\/\/ba2advokatene.no Avv. Gian Luca CONGEDDU ECIT Law Advokater AS (https:\/\/www.ecitlaw.no\/) Sede: M\u00f8llergata 23, [&hellip;]","protected":false},"author":4,"featured_media":0,"parent":40,"menu_order":5,"comment_status":"closed","ping_status":"closed","template":"","meta":{"footnotes":""},"class_list":["post-531","page","type-page","status-publish","hentry"],"_links":{"self":[{"href":"https:\/\/amboslo.esteri.it\/it\/wp-json\/wp\/v2\/pages\/531","targetHints":{"allow":["GET"]}}],"collection":[{"href":"https:\/\/amboslo.esteri.it\/it\/wp-json\/wp\/v2\/pages"}],"about":[{"href":"https:\/\/amboslo.esteri.it\/it\/wp-json\/wp\/v2\/types\/page"}],"author":[{"embeddable":true,"href":"https:\/\/amboslo.esteri.it\/it\/wp-json\/wp\/v2\/users\/4"}],"replies":[{"embeddable":true,"href":"https:\/\/amboslo.esteri.it\/it\/wp-json\/wp\/v2\/comments?post=531"}],"version-history":[{"count":6,"href":"https:\/\/amboslo.esteri.it\/it\/wp-json\/wp\/v2\/pages\/531\/revisions"}],"predecessor-version":[{"id":6670,"href":"https:\/\/amboslo.esteri.it\/it\/wp-json\/wp\/v2\/pages\/531\/revisions\/6670"}],"up":[{"embeddable":true,"href":"https:\/\/amboslo.esteri.it\/it\/wp-json\/wp\/v2\/pages\/40"}],"wp:attachment":[{"href":"https:\/\/amboslo.esteri.it\/it\/wp-json\/wp\/v2\/media?parent=531"}],"curies":[{"name":"wp","href":"https:\/\/api.w.org\/{rel}","templated":true}]}}