{"id":580,"date":"2023-09-06T16:12:22","date_gmt":"2023-09-06T14:12:22","guid":{"rendered":"https:\/\/amboslo.esteri.it\/?page_id=580"},"modified":"2023-09-07T13:17:28","modified_gmt":"2023-09-07T11:17:28","slug":"documenti-oggetto-di-furto-o-smarrimento","status":"publish","type":"page","link":"https:\/\/amboslo.esteri.it\/it\/servizi-consolari-e-visti\/servizi-per-il-cittadino-italiano\/passaporti-e-carte-didentita\/passaporti\/documenti-oggetto-di-furto-o-smarrimento\/","title":{"rendered":"Documenti oggetto di furto o smarrimento"},"content":{"rendered":"<h5>Furto o smarrimento di passaporti e carte d&#8217;identit\u00e0.<\/h5>\n<p>In caso di furto o smarrimento, per chiedere un nuovo passaporto o una nuova carta di identit\u00e0 \u00e8 necessario\u00a0recarsi personalmente presso la Cancelleria Consolare con copia della denuncia presentata presso le autorit\u00e0 di Polizia locali, ove devono essere riportati obbligatoriamente gli estremi del documento smarrito.<\/p>\n<p>Una volta valutato il caso da parte della Cancelleria consolare, sar\u00e0 possibile presentare domanda per l\u2019emissione del nuovo passaporto o di nuova carta di ideentit\u00e0.<\/p>\n<h5>Documenti rinvenuti.<\/h5>\n<p>I documenti italiani (passaporti, carte d&#8217;identit\u00e0, patenti di guida ecc..) oggetto di furto o smarrimento e successivamente rinvenuti da parte delle locali Autorit\u00e0, vengono restituiti a questa Cancelleria consolare.\u00a0 Si invitano pertanto coloro che abbiano subito un furto\/smarrimento nell\u2019ambito di questa Circoscrizione consolare e vogliano verificare se i propri documenti siano stati rinvenuti, a contattare questa Cancelleria consolare per informazioni in merito.<\/p>\n<p>L&#8217;orario normale di apertura dell&#8217;Ambasciata e&#8217; dalle 8:00 alle 17:00. L&#8217;orario di apertura al pubblico e&#8217; dal luned\u00ec al venerd\u00ec dalle 9.30 alle 12.30. E-mail: consolato.oslo@esteri.it<\/p>\n<p>L\u2019eventuale ritiro del documento potr\u00e0 avvenire secondo le seguenti modalit\u00e0<br \/>\n&#8211; ritiro diretto presso la Cancelleria consolare<br \/>\n&#8211; invio per posta, con spese di spedizione a carico del richiedente<\/p>\n<p>Il periodo massimo di giacenza dei documenti presso la Cancelleria consolare \u00e8 di 12 mesi a decorrere dalla data in cui vengono restituiti dalle Autorit\u00e0 locali. Qualora i documenti non siano stati reclamati dai legittimi proprietari entro tale termine, si proceder\u00e0 alla loro distruzione senza ulteriori comunicazioni.<\/p>\n<h5>Patenti di guida.<\/h5>\n<p>Per i possessori di una patente di guida italiana, in caso di smarrimento\/furto, l&#8217;emissione di nuova patente va richiesta direttamente alla Motorizzazione Civile di appartenenza.<\/p>\n","protected":false},"excerpt":{"rendered":"Furto o smarrimento di passaporti e carte d&#8217;identit\u00e0. In caso di furto o smarrimento, per chiedere un nuovo passaporto o una nuova carta di identit\u00e0 \u00e8 necessario\u00a0recarsi personalmente presso la Cancelleria Consolare con copia della denuncia presentata presso le autorit\u00e0 di Polizia locali, ove devono essere riportati obbligatoriamente gli estremi del documento smarrito. Una volta [&hellip;]","protected":false},"author":6,"featured_media":0,"parent":413,"menu_order":0,"comment_status":"closed","ping_status":"closed","template":"","meta":{"footnotes":""},"class_list":["post-580","page","type-page","status-publish","hentry"],"_links":{"self":[{"href":"https:\/\/amboslo.esteri.it\/it\/wp-json\/wp\/v2\/pages\/580","targetHints":{"allow":["GET"]}}],"collection":[{"href":"https:\/\/amboslo.esteri.it\/it\/wp-json\/wp\/v2\/pages"}],"about":[{"href":"https:\/\/amboslo.esteri.it\/it\/wp-json\/wp\/v2\/types\/page"}],"author":[{"embeddable":true,"href":"https:\/\/amboslo.esteri.it\/it\/wp-json\/wp\/v2\/users\/6"}],"replies":[{"embeddable":true,"href":"https:\/\/amboslo.esteri.it\/it\/wp-json\/wp\/v2\/comments?post=580"}],"version-history":[{"count":1,"href":"https:\/\/amboslo.esteri.it\/it\/wp-json\/wp\/v2\/pages\/580\/revisions"}],"predecessor-version":[{"id":581,"href":"https:\/\/amboslo.esteri.it\/it\/wp-json\/wp\/v2\/pages\/580\/revisions\/581"}],"up":[{"embeddable":true,"href":"https:\/\/amboslo.esteri.it\/it\/wp-json\/wp\/v2\/pages\/413"}],"wp:attachment":[{"href":"https:\/\/amboslo.esteri.it\/it\/wp-json\/wp\/v2\/media?parent=580"}],"curies":[{"name":"wp","href":"https:\/\/api.w.org\/{rel}","templated":true}]}}