{"id":665,"date":"2023-09-11T09:39:52","date_gmt":"2023-09-11T07:39:52","guid":{"rendered":"https:\/\/amboslo.esteri.it\/?page_id=665"},"modified":"2025-09-15T10:37:23","modified_gmt":"2025-09-15T08:37:23","slug":"politica-per-la-ricerca-e-lo-sviluppo","status":"publish","type":"page","link":"https:\/\/amboslo.esteri.it\/it\/italia-e-norvegia\/diplomazia-scientifica\/politica-per-la-ricerca-e-lo-sviluppo\/","title":{"rendered":"Politica per la ricerca e lo sviluppo in Norvegia"},"content":{"rendered":"<p>A livello politico, sono il Parlamento norvegese e il Governo a stabilire le condizioni quadro e a identificare i maggiori obbiettivi del settore della ricerca. Ogni ministro \u00e8 responsabile del conseguimento di questi obbiettivi. Il <a href=\"https:\/\/www.regjeringen.no\/en\/dep\/kd\/id586\/\" target=\"_blank\" rel=\"noopener\"><strong>Ministero dell\u2019Educazione e della Ricerca<\/strong><\/a> \u00e8 responsabile del coordinamento delle politiche governative e dispone di circa met\u00e0 del budget totale di investimento nella ricerca. Il <a href=\"https:\/\/www.regjeringen.no\/en\/dep\/nfd\/id709\/\" target=\"_blank\" rel=\"noopener\"><strong>Ministero dell\u2019Industria, del Commercio e della Pesca<\/strong><\/a>\u00a0\u00e8 la seconda fonte pi\u00f9 importante di finanziamento.<\/p>\n<p>A livello strategico, \u00e8 il <strong>Consiglio nazionale per la ricerca<\/strong> (<a href=\"https:\/\/www.forskningsradet.no\/\" target=\"_blank\" rel=\"noopener\"><em>Forskningsr\u00e5det<\/em><\/a>) ad avere una funzione chiave. Questo organismo dispone di quasi un terzo del budget totale per la ricerca e funge inoltre da consigliere per le scelte politiche del governo. La suddetta istituzione, nata in seguito alla fusione di cinque consigli di ricerca, \u00e8 stata fondata nel 1993. Alla base della decisione il desiderio di consentire una concentrazione delle competenze per perseguire gli obbiettivi strategici per la Nazione e un raffrozamento delle sinergie per una diminuzione dei costi. Il Consiglio di ricerca norvegese, che dispone di una certa autonomia nella gestione del budget, nella sua visione strategica per la destinazione delle risorse finanziarie, d\u00e0 la priorit\u00e0 alle seguenti aree strategiche:<\/p>\n<ul>\n<li>ricerca ambientale<\/li>\n<li>ricerca e sviluppo per l\u2019industria<\/li>\n<li>ricerca marina<\/li>\n<li>ricerca di base<\/li>\n<li>formazione di personale scientifico<\/li>\n<li>collaborazioni internazionali per la ricerca<\/li>\n<\/ul>\n<p>A livello operativo, troviamo le industrie, le istituzioni per la ricerca, le universit\u00e0 e le accademie (<em>h\u00f8yskoler<\/em>). Le universit\u00e0 e le accademie operano anche a livello strategico, tanto che circa il 40% dei fondi per la ricerca \u00e8 indirizzato a queste due istituzioni.<\/p>\n<p>Considerando insieme le universit\u00e0 e le istituzioni operanti nel campo della ricerca, le scienze quantitative e naturali ricevono rispettivamente il 25% e il 21% delle risorse. La Norvegia, d\u2019altra parte, \u00e8 all\u2019avanguardia nel campo dell\u2019itticoltura, soprattutto nell\u2019allevamento dei salmoni e in tutte le relative innovazioni scientifiche. Anche le scienze sociali hanno avuto una rapida crescita negli anni scorsi.\u00a0Quasi la met\u00e0 della ricerca norvegese viene per\u00f2 effettuata nelle industrie ed \u00e8 focalizzata soprattutto sui materiali grezzi quali il petrolio (di cui la Norvegia \u00e8 un grande produttore ed esportatore) e il gas. In Norvegia vi sono anche molte industria che investono in R&amp;D in misura molto maggiore rispetto alle loro controparti straniere, soprattutto nel farmaceutico, aerospaziale, elettronico da consumo e professionale. Un terzo della spesa per la ricerca \u00e8\u00a0 destinata al settore dell\u2019information technology.<\/p>\n<p>In Norvegia, la spesa destinata alla ricerca \u00e8 leggermente al di sotto della media UE ed \u00e8 inferiore di mezzo punto percentuale alla media dei paesi OCSE.<\/p>\n<h3><strong>La ricerca scientifica in Norvegia<\/strong><\/h3>\n<p>Il piano per la ricerca e l&#8217;istruzione superiore si prefigge tre obiettivi principali:<\/p>\n<ul>\n<li>innalzare il livello di innovazione e competitivit\u00e0 del paese;<\/li>\n<li>sviluppare comunit\u00e0 e gruppi di ricercatori, in vari settori, di elevata qualit\u00e0 e profilo internazionale;<\/li>\n<li>porre la Norvegia nelle condizioni di far fronte alle sfide ambientali e dello sviluppo tecnologico.<\/li>\n<\/ul>\n<p>Il piano individua cinque aree tematiche principali verso cui destinare la gran parte delle risorse finanziarie per la ricerca. Esse sono:<\/p>\n<ul>\n<li>mari ed oceani;<\/li>\n<li>clima, ambiente, energie pulite e sostenibili;<\/li>\n<li>innovazione del settore pubblico;<\/li>\n<li>protezione civile e coesione sociale;<\/li>\n<li>tecnologie industriali.<\/li>\n<\/ul>\n<p>I settori di ricerca tradizionalmente forti in Norvegia sono:<\/p>\n<ul>\n<li>Artico<\/li>\n<li>cambiamenti climatici<\/li>\n<li>salute pubblica<\/li>\n<li>geologia e scienze della terra<\/li>\n<li>attivit\u00e0 marine e marittime<\/li>\n<li>tecnologie petrolifere<\/li>\n<li>pubblica amministrazione e governance<\/li>\n<li>energie rinnovabili<\/li>\n<\/ul>\n<h3><strong>Il sistema educativo e della ricerca in Norvegia<\/strong><\/h3>\n<p><a href=\"https:\/\/siva.no\/\" target=\"_blank\" rel=\"noopener\"><strong>Siva<\/strong> <\/a>\u00e8 l\u2019ente per il finanziamento dello sviluppo industriale.<\/p>\n<p><a href=\"https:\/\/www.eksfin.no\/en\/\" target=\"_blank\" rel=\"noopener\"><strong>Eksfin<\/strong> <\/a>\u00e8 l\u2019agenzia di credito per l\u2019esportazione.<\/p>\n<p><a href=\"https:\/\/www.enova.no\/\" target=\"_blank\" rel=\"noopener\"><strong>Enova<\/strong> <\/a>\u00e8 l\u2019ente per il finanziamento della transizione verde.<\/p>\n<p><a href=\"https:\/\/www.skattefunn.no\/en\/\" target=\"_blank\" rel=\"noopener\"><strong>SkatteFUNN<\/strong><\/a> \u00e8 un programma per aiutare le imprese a scegliere soluzioni verdi e conveninenti dal punto di vista fiscale.<\/p>\n<p><strong>Il livello di istruzione<\/strong> in Norvegia \u00e8 molto elevato e secondo solo ai Paesi Bassi. Gli istituti di ricerca sono 68, nel paese, una decina dei quali fanno parte di campus universitari.<\/p>\n<p><strong>La spesa in ricerca e sviluppo<\/strong> (R&amp;S) in Norvegia \u00e8 di circa 4 miliardi di euro all&#8217;anno. Circa il 2% del PIL del paese \u00e8 investito in ricerca e sviluppo. I finanziamenti provengono da istituzioni come il Consiglio per la ricerca (<em>Forskningsr\u00e5det<\/em>), l&#8217;Unione Europea, SkatteFUNN, <a href=\"https:\/\/en.innovasjonnorge.no\/\">Innovation Norway<\/a> e Siva.<\/p>\n<p>Il settore industriale \u00e8 quello che investe maggiormente in ricerca in Norvegia (46%), seguito dall&#8217;universit\u00e0 (34%) e dagli istituti di ricerca (20%).<\/p>\n<p>Per quanto riguarda il <strong>numero di ricercatori<\/strong> presenti sul territorio norvegese, sono circa 40.000 gli uomini e 24.000 le donne che prendono parte a progetti di ricerca e sviluppo. Si tratta di ricercatori, personale accademico, tecnici o altro personale di supporto. La percentuale di ricercatrici impegnate nel settore industriale \u00e8 del 23%, del 45% negli istituti di ricerca e del 50% nel settore dell&#8217;istruzione superiore e nel settore sanitario.<\/p>\n<p>Circa il 30-35% dei ricercatori e del personale accademico \u00e8 costituito da <strong>immigrati<\/strong> o discendenti di immigrati. Si tratta di una crescita significativa rispetto al 2007 (18%). Nel campo delle Scienze naturali, dell&#8217;ingegneria e della tecnologia, oltre il 50% dei ricercatori hanno un background da immigrati.<\/p>\n<p>La maggior parte dei ricercatori stranieri presenti in Norvegia \u00e8 costituita da tedeschi. Il numero di <strong>ricercatori italiani<\/strong> \u00e8 di 659 unit\u00e0 (gennaio 2025).<\/p>\n<p>La Norvegia partecipa al programma europeo <strong>Horizon<\/strong> alle stesse condizioni degli stati membri dell&#8217;UE. Horizon \u00e8 una piattaforma per la cooperazione internazionale e l\u2019innovazione. Il Consiglio norvegese della ricerca incoraggia i ricercatori e le aziende a partecipare al programma europeo.<br \/>\nLa Norvegia aveva ricevuto quasi il 2,8% dei fondi, ha partecipato a pi\u00f9 di 1.800 progetti e ha ricevuto finanziamenti pari a 10,6 miliardi di euro. Il totale dei fondi ottenuti dalla Norvegia per ricerca e innovazione tramite Horizon 2020 \u00e8 stato di NOK 16,2 miliardi. Di questi, NOK 4,2 miliardi sono andati al settore privato. Il totale dei fondi ottenuti dalla Norvegia per ricerca e innovazione tramite Horizon 2020 \u00e8 stato di NOK 16,2 miliardi. Di questi, NOK 4,2 miliardi sono andati al settore privato.<\/p>\n<p>Il numero di <strong>brevetti<\/strong> depositati in Norvegia ha un trend negativo se si escludono i brevetti \u201cverdi\u201d, il cui numero \u00e8 cresciuto in modo significativo negli ultimi anni.<\/p>\n<p>Le grandi imprese norvegesi puntano sempre pi\u00f9 sull\u2019<strong>innovazione verde<\/strong>\u00a0al fine di rafforzare la reputazione e il profitto, fattore che incentiva il settore della ricerca e stimola gli investimenti.<\/p>\n<p>Fonti:<br \/>\n&#8211; Istituto norvegese per i programmi di innovazione e la ricerca (<a href=\"https:\/\/www.nifu.no\/\" target=\"_blank\" rel=\"noopener\">NIFU<\/a>)<br \/>\n&#8211; Centro nazionale di statistica norvegese (<a href=\"https:\/\/www.ssb.no\/en\" target=\"_blank\" rel=\"noopener\">SSB<\/a>)<br \/>\n&#8211; Consiglio Nazionale per la ricerca (<a href=\"https:\/\/www.forskningsradet.no\/\" target=\"_blank\" rel=\"noopener\"><em>Forskningsr\u00e5det<\/em><\/a>)<\/p>\n","protected":false},"excerpt":{"rendered":"A livello politico, sono il Parlamento norvegese e il Governo a stabilire le condizioni quadro e a identificare i maggiori obbiettivi del settore della ricerca. Ogni ministro \u00e8 responsabile del conseguimento di questi obbiettivi. Il Ministero dell\u2019Educazione e della Ricerca \u00e8 responsabile del coordinamento delle politiche governative e dispone di circa met\u00e0 del budget totale [&hellip;]","protected":false},"author":4,"featured_media":0,"parent":45,"menu_order":0,"comment_status":"closed","ping_status":"closed","template":"","meta":{"footnotes":""},"class_list":["post-665","page","type-page","status-publish","hentry"],"_links":{"self":[{"href":"https:\/\/amboslo.esteri.it\/it\/wp-json\/wp\/v2\/pages\/665","targetHints":{"allow":["GET"]}}],"collection":[{"href":"https:\/\/amboslo.esteri.it\/it\/wp-json\/wp\/v2\/pages"}],"about":[{"href":"https:\/\/amboslo.esteri.it\/it\/wp-json\/wp\/v2\/types\/page"}],"author":[{"embeddable":true,"href":"https:\/\/amboslo.esteri.it\/it\/wp-json\/wp\/v2\/users\/4"}],"replies":[{"embeddable":true,"href":"https:\/\/amboslo.esteri.it\/it\/wp-json\/wp\/v2\/comments?post=665"}],"version-history":[{"count":7,"href":"https:\/\/amboslo.esteri.it\/it\/wp-json\/wp\/v2\/pages\/665\/revisions"}],"predecessor-version":[{"id":5995,"href":"https:\/\/amboslo.esteri.it\/it\/wp-json\/wp\/v2\/pages\/665\/revisions\/5995"}],"up":[{"embeddable":true,"href":"https:\/\/amboslo.esteri.it\/it\/wp-json\/wp\/v2\/pages\/45"}],"wp:attachment":[{"href":"https:\/\/amboslo.esteri.it\/it\/wp-json\/wp\/v2\/media?parent=665"}],"curies":[{"name":"wp","href":"https:\/\/api.w.org\/{rel}","templated":true}]}}