{"id":67,"date":"2023-04-11T18:17:44","date_gmt":"2023-04-11T16:17:44","guid":{"rendered":"https:\/\/ambasciatapraga.esteri.it\/?page_id=67"},"modified":"2026-01-28T09:22:57","modified_gmt":"2026-01-28T08:22:57","slug":"emergency-travel-documents-etd","status":"publish","type":"page","link":"https:\/\/amboslo.esteri.it\/it\/servizi-consolari-e-visti\/servizi-per-il-cittadino-italiano\/passaporti-e-carte-didentita\/emergency-travel-documents-etd\/","title":{"rendered":"Emergency Travel Document (ETD) \/ Documento provvisorio di viaggio"},"content":{"rendered":"<h3>In Norvegia<\/h3>\n<div class=\"sr-only\">Qualora un cittadino italiano non residente in Norvegia subisca il furto o lo smarrimento del documento d&#8217;identit\u00e0 italiano, <span style=\"text-decoration: underline;\">la Cancelleria Consolare a Oslo pu\u00f2 rilasciare un documento provvisorio di viaggio, denominato <strong>ETD<\/strong> (Emergency Travel Document).<\/span><\/div>\n<div class=\"sr-only\"><span style=\"text-decoration: underline;\"><strong>L\u2019ETD \u00e8 valido per un solo viaggio<\/strong> per rientrare in Italia o nel Paese estero di stabile residenza<\/span> (quest\u2019ultima deve essere provata dall\u2019iscrizione AIRE in quel Paese).<\/div>\n<div>\n<p><span style=\"text-decoration: underline;\">Per il rilascio del documento provvisorio <strong>\u00e8 necessario presentarsi<\/strong> presso la Cancelleria Consolare dell&#8217;Ambasciata d&#8217;Italia a Oslo<\/span> <a href=\"https:\/\/amboslo.esteri.it\/it\/chi-siamo\/contatti\/\" target=\"_blank\" rel=\"noopener\"><span style=\"text-decoration: underline;\">durante gli orari di apertura al pubblico<\/span><\/a>.<\/p>\n<h4><strong>Documentazione da presentare:<\/strong><\/h4>\n<ul>\n<li>Modulo di richiesta ETD, che verr\u00e0 fornito dall&#8217;ufficio e compilato in sede dall\u2019interessato;<\/li>\n<li>Nr. 2 fotografie a colori, formato tessera (35&#215;40 cm);<\/li>\n<li>Denuncia in originale di furto\/smarrimento del passaporto\/carta d&#8217;identit\u00e0 presentata presso le autorit\u00e0 di Polizia norvegesi;<\/li>\n<li>Esibizione di un documento di riconoscimento in originale (es. patente di guida). In alternativa: fotocopia del documento rubato\/smarrito.<\/li>\n<li>Biglietto aereo, o stampa della prenotazione del viaggio, o carta d&#8217;imbarco;<\/li>\n<li>Con l\u2019adozione del nuovo modello di documento di viaggio a partire dal 9 dicembre 2025, <span style=\"text-decoration: underline;\">non \u00e8 attualmente previsto alcun addebito per l\u2019utenza<\/span>.<\/li>\n<\/ul>\n<p>Nel caso di ETD da emettere a favore di\u00a0<strong>minorenni<\/strong>\u00a0\u00e8 necessario un atto d\u2019assenso rilasciato per iscritto da entrambi i genitori. Qualora uno dei genitori non sia cittadino dell&#8217;UE, la firma di questo genitore dovr\u00e0 essere autenticata presso la Cancelleria consolare a Oslo o da un Console onorario italiano in Norvegia.<\/p>\n<h3><strong>In Islanda<\/strong><\/h3>\n<p>Qualora un cittadino italiano non residente in Islanda si trovi sul territorio islandese sprovvisto del documento di identit\u00e0 italiano a seguito di smarrimento o furto, pu\u00f2\u00a0<strong>richiedere un ETD presso l&#8217;Ambasciata di Francia in Islanda<\/strong>.<\/p>\n<p>Contatti:\u00a0<a href=\"http:\/\/www.ambafrance-is.org\/\" target=\"_blank\" rel=\"noopener\">www.ambafrance-is.org<\/a>;\u00a0<a href=\"mailto:ambafrance@ambafrance-is.org\">ambafrance@ambafrance-is.org<\/a><br \/>\n<strong>Ambassade de France en Islande<\/strong> &#8211; T\u00fangata 22 (BP 1750) &#8211; 121 REYKJAVIK<br \/>\ntel: +354 575-9600<\/p>\n<p>Con specifico riferimento all\u2019Islanda, si ricordano i recapiti del\u00a0<strong>Console Generale Onorario d\u2019Italia<\/strong>, che parla italiano e che potr\u00e0 essere contattato per eventuale\u00a0<strong>assistenza<\/strong>:<br \/>\nRosa Bj\u00f6rg J\u00f3nsd\u00f3ttir<br \/>\nSudurlandsbraut 6 (2 piano a sinistra) &#8211; Reykjav\u00edk<br \/>\nInd. postale: P.O. Box 16 \u2013 121 Reykjav\u00edk<br \/>\nTel. (ufficio) +354) 698 1223<br \/>\n<a href=\"mailto:reykjavik.onorario@esteri.it\">reykjavik.onorario@esteri.it<\/a><\/p>\n<\/div>\n","protected":false},"excerpt":{"rendered":"In Norvegia Qualora un cittadino italiano non residente in Norvegia subisca il furto o lo smarrimento del documento d&#8217;identit\u00e0 italiano, la Cancelleria Consolare a Oslo pu\u00f2 rilasciare un documento provvisorio di viaggio, denominato ETD (Emergency Travel Document). L\u2019ETD \u00e8 valido per un solo viaggio per rientrare in Italia o nel Paese estero di stabile residenza [&hellip;]","protected":false},"author":1,"featured_media":0,"parent":49,"menu_order":3,"comment_status":"closed","ping_status":"closed","template":"","meta":{"footnotes":""},"class_list":["post-67","page","type-page","status-publish","hentry"],"_links":{"self":[{"href":"https:\/\/amboslo.esteri.it\/it\/wp-json\/wp\/v2\/pages\/67","targetHints":{"allow":["GET"]}}],"collection":[{"href":"https:\/\/amboslo.esteri.it\/it\/wp-json\/wp\/v2\/pages"}],"about":[{"href":"https:\/\/amboslo.esteri.it\/it\/wp-json\/wp\/v2\/types\/page"}],"author":[{"embeddable":true,"href":"https:\/\/amboslo.esteri.it\/it\/wp-json\/wp\/v2\/users\/1"}],"replies":[{"embeddable":true,"href":"https:\/\/amboslo.esteri.it\/it\/wp-json\/wp\/v2\/comments?post=67"}],"version-history":[{"count":6,"href":"https:\/\/amboslo.esteri.it\/it\/wp-json\/wp\/v2\/pages\/67\/revisions"}],"predecessor-version":[{"id":7142,"href":"https:\/\/amboslo.esteri.it\/it\/wp-json\/wp\/v2\/pages\/67\/revisions\/7142"}],"up":[{"embeddable":true,"href":"https:\/\/amboslo.esteri.it\/it\/wp-json\/wp\/v2\/pages\/49"}],"wp:attachment":[{"href":"https:\/\/amboslo.esteri.it\/it\/wp-json\/wp\/v2\/media?parent=67"}],"curies":[{"name":"wp","href":"https:\/\/api.w.org\/{rel}","templated":true}]}}