{"id":682,"date":"2023-09-11T10:09:38","date_gmt":"2023-09-11T08:09:38","guid":{"rendered":"https:\/\/amboslo.esteri.it\/?page_id=682"},"modified":"2025-09-11T13:23:40","modified_gmt":"2025-09-11T11:23:40","slug":"eventi-scientifici-bilaterali","status":"publish","type":"page","link":"https:\/\/amboslo.esteri.it\/it\/italia-e-norvegia\/diplomazia-scientifica\/eventi-scientifici-bilaterali\/","title":{"rendered":"Eventi scientifici bilaterali"},"content":{"rendered":"<p><strong>2025<\/strong><\/p>\n<ul>\n<li>L\u2019Ambasciatore Nicoletti era presente all&#8217;evento che ha concluso la campagna \u201cHigh North 25\u201d a bordo della nave Alliance, di ritorno a Troms\u00f8 dal nono anno della campagna artica dell\u2019Istituto Idrografico della Marina, che ha lo scopo di effettuare misurazioni dell\u2019ecosistema marino nell&#8217;Artico.<\/li>\n<li>L\u2019Ambasciata d\u2019Italia a Oslo ha celebrato il 30 maggio la Giornata della Ricerca Italiana nel Mondo presso la Metropolitan University di Oslo (OsloMet), con un seminario ibrido dal titolo \u201cAlimentazione e salute: il contributo dei ricercatori italiani per una alimentazione sana e sostenibile nella societ\u00e0 norvegese\u201d.<\/li>\n<\/ul>\n<p><strong>2024<\/strong><\/p>\n<ul>\n<li>L\u2019Ambasciata d\u2019Italia a Oslo ha celebrato il 23 aprile la Giornata della Ricerca Italiana nel Mondo presso l\u2019Universit\u00e0 della Scienza e della Tecnica (NTNU) di Trondheim, con un seminario dal titolo \u201cL\u2019Intelligenza Artificiale nella ricerca italiana in Norvegia \u2013 Panel discussion sulle sfide e sulle opportunit\u00e0 per la nostra ricerca\u201d.<\/li>\n<\/ul>\n<p><strong>2023<\/strong><\/p>\n<ul>\n<li>L\u2019Ambasciatore Nicoletti era presente all\u2019inaugurazione della campagna \u201cHigh North 23\u201d a bordo della nave Alliance. La nave Alliance \u00e8 salpata da Troms\u00f8 dando inizio al settimo anno della campagna artica dell\u2019Istituto Idrografico della Marina che ha lo scopo di effettuare misurazioni dell\u2019ecosistema marino. E&#8217; seguito un incontro all\u2019Arctic Council nell\u2019ambito della campagna \u201cHigh North 23\u201d.<\/li>\n<li>Incontro con il Comune di Torino e Innovation Norway. La delegazione, guidata da Francesco Tresso, Assessore alla Mobilit\u00e0, ha incontrato rappresentanti di Innovation Norway, del Maritime CleanTech, di SAMS e dell\u2019Ambasciata di Norvegia a Roma. Il Comune di Torino sta studiando opportunit\u00e0 in Norvegia nell&#8217;ambito delle tecnologie di navigazione elettrica e delle relative infrastrutture, da prendere eventualmente in considerazione per il programma di ripristino della navigazione urbana sul fiume Po all&#8217;interno di Torino.<\/li>\n<li>Visita del Presidente della Repubblica Sergio Mattarella all\u2019Energy Lab e apertura del seminario \u201cGreening the Future\u201d. La coppia dei Principi Ereditari ha seguito il Presidente Sergio Mattarella e la figlia Laura a Trondheim, dove hanno visitato l\u2019Energy Lab del Politecnico di Trondheim (NTNU) e hanno assistito al seminario &#8220;Greening the future&#8221; nell&#8217;auditorium dell&#8217;universit\u00e0.<\/li>\n<li>Mostra fotografica &#8220;Italian Routes. Montagne, alpinismo, cambiamenti climatici&#8221;. Inaugurazione della mostra itinerante che si propone di comunicare a un pubblico internazionale la grande tradizione italiana legata alla cultura della montagna e all\u2019alpinismo come strumento di conoscenza del territorio montano, i valori di cui questo ambiente \u00e8 portatore, l\u2019importanza della consapevolezza ambientale nelle pratiche di accesso agli habitat naturali e l\u2019attenzione che l\u2019Italia riserva alla difesa degli ecosistemi. L\u2019inaugurazione ha aperto la mostra con interventi dell\u2019Ambasciatore Nicoletti, del curatore della mostra, il fotografo paesaggista italiano Fabiano Ventura e del dott. Andrea Spolaor, ricercatore presso il CNR, che ha presentato le attivit\u00e0 di ricerca glaciologica dell\u2019Istituto di Scienze Polari.<\/li>\n<li>Missione a Troms\u00f8 in occasione della conferenza \u201cArctic Frontiers 2023\u201d. Incontro con l\u2019Istituto Polare e una visita alla nave rompighiaccio per la ricerca polare \u201cKronprins Haakon\u201d di Fincantieri. L\u2019Ambasciatore Nicoletti ha incontrato il Direttore del Consiglio Artico, Mathieu Parker, e il Rettore dell\u2019Universit\u00e0 di Troms\u00f8 &#8211; UiT, Dag Rune Olsen, con lo scopo di parlare della presenza di studenti, accademici e ricercatori italiani presso la UiT.<\/li>\n<li>Workshop bilaterale Italia-Norvegia sulla cooperazione scientifica nell&#8217;Artico. L\u2019Ambasciatore Stefano Nicoletti ha incontrato la Presidente del consiglio di amministrazione dell&#8217;UiT, Marianne Johnsen. La UiT, l&#8217;Universit\u00e0 Artica della Norvegia, conta di quattro campus principali e sei sedi di studio, tra cui l&#8217;UNIS alle Svalbard. Gli studenti internazionali provenienti da pi\u00f9 di 100 paesi rappresentano il 9% del totale di circa 17.000 studenti. L&#8217;ambizione di UiT \u00e8 quella di essere all&#8217;avanguardia nella ricerca artica, grazie a programmi digitali e a una scommessa sulla scienza aperta. Sono circa 40 gli studenti italiani che frequentano i loro corsi.<\/li>\n<\/ul>\n<p><strong>2022<\/strong><\/p>\n<ul>\n<li>Visita alla sede del CEPI (Coalition for Pandemic Preparation), un\u2019organizzazione internazionale fondata nel 2017 a Davos con lo scopo di accelerare lo sviluppo e l\u2019investimento in vaccini contro i patogeni prioritari come Ebola, MERS ecc. Il CEPI ha ricevuto un finanziamento di 20 milioni di euro dalla Cooperazione Italiana allo Sviluppo del Ministero per gli Affari Esteri da investire nello sviluppo di 30 vaccini. L\u2019Ambasciatore Nicoletti ha incontrato il Vice Direttore del CEPI, Frederik Kristensen, e il suo staff.<\/li>\n<li>Missione imprenditori CCS. Al fine di condividere l&#8217;esperienza maturata nel campo della tecnologia della cattura e lo stoccaggio della CO2 (CCS) e del il progetto Northern Lights, si \u00e8 svolta una missione a Oslo e Bergen di una delegazione composta da pi\u00f9 di 20 rappresentanti di imprese, atenei e municipalit\u00e0 italiane. Il viaggio-studio ha preso avvio con la visita al termovalorizzatore di Celsio a Oslo, al cementificio di Norcem a Brevik e al sito di stoccaggio della CO2 di \u00d8ygarden, presso Bergen.<\/li>\n<li>Missione alle Isole Svalbard organizzata dal Ministero degli Affari Esteri norvegese con gli Ambasciatori accreditati ad Oslo. A Longyearbyen opera l&#8217;Universit\u00e0 delle Svalbard (UNIS), la pi\u00f9 a nord del mondo, dove si preparano gli esperti artici del futuro in quattro dipartimenti (biologia, geologia, geofisica e tecnologia artica). La UNIS ospita brillanti ricercatori ed accademici impegnati a comprendere i segreti che ancora nascondono le aurore boreali, fenomeno studiato al Kjell Henriksen Northern Lights Observatory (KHO).<\/li>\n<\/ul>\n<p><strong>2021<\/strong><\/p>\n<ul>\n<li>Webinar sull&#8217;aerospazio con la partecipazione di numerose eccellenze italiane e norvegesi del settore e di ricercatori e startup.<\/li>\n<li>Campagna High North 2021 della Marina Militare Italiana, lanciato nel 2017. Si tratta di un programma di ricerca pluriennale per approfondire la conoscenza dell\u2019Artico, consolidando e sviluppare la ricerca scientifica. Lo scopo della crociera scientifica\u00a0 \u00e8 anche quello di eseguire una mappatura satellitare (in collaborazione con e-Geos) del fondale marino.<\/li>\n<li>Campagna scientifica della rompighiaccio italiana \u201cLaura Bassi\u201d con partenza dal porto di Bergen. La nave \u00e8 gestita congiuntamente dall&#8217;Istituto Nazionale di Oceanografia e Geofisica Applicata &#8211; OGS, dal Consiglio Nazionale delle Ricerche e dall&#8217;ENEA attraverso un Comitato tecnico-operativo e un Comitato scientifico. La Laura Bassi \u00e8 stata acquisita da OGS nel 2019 per aumentare ed estendere le capacit\u00e0 di ricerca nazionali nelle aree polari e per supportare il Programma Nazionale di Ricerca in Antartide (PNRA). Le prime due spedizioni sono state in Antartide nel 2019-20 e nel 2020-21.<\/li>\n<\/ul>\n<p><strong>2020<\/strong><\/p>\n<ul>\n<li>Visita il Ministro dell\u2019Ambiente Sergio Costa.<\/li>\n<li>Seminario &#8220;Italiani in Norvegia in prima linea contro il Covid-19&#8221; con Dir. del Dip. di Statistica medica e machine learning dell&#8217;Universit\u00e0 di Oslo, Dott. Arnoldo Frigessi.<\/li>\n<\/ul>\n<p><strong>2019<\/strong><\/p>\n<ul>\n<li>Visita il Ministro dell\u2019Ambiente Sergio Costa.<\/li>\n<li>Visita il Ministro dell\u2019Istruzione, dell\u2019Universit\u00e0 e della Ricerca, Marco Bussetti, a Oslo e alle Svalbard, accompagnato dal Presidente del CNR Massimo Inguscio.<\/li>\n<li>Accordo di cooperazione per la ricerca nei settori della bioeconomia e dell\u2019agroalimentare tra il Consiglio Nazionale delle Ricerche (CNR) e il Norwegian Institute of Bioeconomy Research (NIBIO).<\/li>\n<li>Accordo di collaborazione tra l\u2019Universit\u00e0 per stranieri di Siena e l\u2019Universit\u00e0 di Bergen. Firma di una Convenzione quadro nell&#8217;ambito dell&#8217;accordo Erasmus+ per favorire la mobilit\u00e0 internazionale degli studenti dei rispettivi Atenei.<\/li>\n<\/ul>\n<p><strong>2018<\/strong><\/p>\n<ul>\n<li>Inaugurazione della nave rompighiaccio per la ricerca polare &#8220;Crown Prince Haakon&#8221;, realizzata in Italia da Fincantieri.<\/li>\n<li>Marina Militare italiana e nave Alliance: campagna di ricerca artica High North 18.<\/li>\n<li>L&#8217;astronauta Paolo Nespoli in Norvegia.<\/li>\n<li>Prima edizione della Giornata della Ricerca Italiana nel Mondo.<\/li>\n<li>Missione del Presidente del CNR Prof. Massimo Inguscio in Norvegia.<\/li>\n<\/ul>\n<p><strong>2017<\/strong><\/p>\n<ul>\n<li>Seminario &#8220;Advanced research promoted by the European Union \u2013 Results from European funded projects involving Italy and Norway&#8221;\u00a0in occasione del 60\u00b0 anniversario del Trattato di Roma.<\/li>\n<\/ul>\n<p><strong>2016<\/strong><\/p>\n<ul>\n<li>Nel contesto dell&#8217;evento &#8220;Under the sign of excellence&#8221; dedicato all&#8217;Italia e alle relazioni tra Italia e Norvegia sono stati organizzati alcuni seminari: &#8220;Risk and management of earthquakes&#8221;, &#8220;Coping with climate change \u2013 from research to policies in a changing world\u201d, &#8220;Al Polo a piedi cento anni dopo Amundsen&#8221; presso l\u2019Istituto Polare norvegese, &#8220;Celebrazione di due grandi donne che hanno fatto la storia dell\u2019Universita\u2019: Elena Lucrezia Cornaro Piscopia, laureata in filosofia presso l\u2019Universita di Padova nel 1678, e Cecilie Thoresen, prima donna norvegese ad essere immatricolata all\u2019ateneo di Oslo&#8221;, seminario all&#8217;Universit\u00e0 Artica di Troms\u00f8 \u201cTwo Mediterranean Seas: contrasts and similarities\u201d e &#8220;La scienza giuridica di fronte alla pena di morte&#8221;.<\/li>\n<li>Riunione dei vertici europei della meteorologia Euramet a Oslo per rafforzare il ruolo della ricerca italiana in Artico.<\/li>\n<li>Commemorazione delle spedizioni polari dei Dirigibili \u201cNorge \u201c e \u201cItalia\u201d a Troms\u00f8.<\/li>\n<li>Commemorazione del novantesimo anniversario dell\u2019arrivo ad Oslo del Dirigibile \u201cNorge\u201d.<\/li>\n<\/ul>\n<p><strong>2015<\/strong><\/p>\n<ul>\n<li>\u201cDall\u2019energia alle infrastrutture: l\u2019Artico parla italiano\u201d: focus sulla Norvegia nella newsletter \u201cDiplomazia economica\u201d.<\/li>\n<li>\u201cArctic Circle 2015&#8243; &#8211; break-out session italiana dedicata alla meteorologia.<\/li>\n<li>Seminario \u201cThe EU as global actor in the Arctic\u201d presso l&#8217;Universit\u00e0 Artica di Troms\u00f8.<\/li>\n<li>\u201cArctic Circle 2015&#8243;. Break-out session italiana dedicata alla metrologia.<\/li>\n<li>Il Presidente del Consiglio Nazionale delle Ricerche, prof. Luigi Nicolais, visita l&#8217;arcipelago delle Svalbard. Tappa ad Oslo.<\/li>\n<li>&#8220;Arctic Frontiers&#8221;. L\u2019Italia presente con elevato profilo anche all\u2019edizione 2015, Troms\u00f8.<\/li>\n<\/ul>\n<p><strong>2014<\/strong><\/p>\n<ul>\n<li>\u201cClimate change and future scenarios in the Arctic Region\u201d. Simposio presso la Venezia International University.<\/li>\n<\/ul>\n","protected":false},"excerpt":{"rendered":"2025 L\u2019Ambasciatore Nicoletti era presente all&#8217;evento che ha concluso la campagna \u201cHigh North 25\u201d a bordo della nave Alliance, di ritorno a Troms\u00f8 dal nono anno della campagna artica dell\u2019Istituto Idrografico della Marina, che ha lo scopo di effettuare misurazioni dell\u2019ecosistema marino nell&#8217;Artico. L\u2019Ambasciata d\u2019Italia a Oslo ha celebrato il 30 maggio la Giornata della [&hellip;]","protected":false},"author":4,"featured_media":0,"parent":45,"menu_order":5,"comment_status":"closed","ping_status":"closed","template":"","meta":{"footnotes":""},"class_list":["post-682","page","type-page","status-publish","hentry"],"_links":{"self":[{"href":"https:\/\/amboslo.esteri.it\/it\/wp-json\/wp\/v2\/pages\/682","targetHints":{"allow":["GET"]}}],"collection":[{"href":"https:\/\/amboslo.esteri.it\/it\/wp-json\/wp\/v2\/pages"}],"about":[{"href":"https:\/\/amboslo.esteri.it\/it\/wp-json\/wp\/v2\/types\/page"}],"author":[{"embeddable":true,"href":"https:\/\/amboslo.esteri.it\/it\/wp-json\/wp\/v2\/users\/4"}],"replies":[{"embeddable":true,"href":"https:\/\/amboslo.esteri.it\/it\/wp-json\/wp\/v2\/comments?post=682"}],"version-history":[{"count":7,"href":"https:\/\/amboslo.esteri.it\/it\/wp-json\/wp\/v2\/pages\/682\/revisions"}],"predecessor-version":[{"id":6011,"href":"https:\/\/amboslo.esteri.it\/it\/wp-json\/wp\/v2\/pages\/682\/revisions\/6011"}],"up":[{"embeddable":true,"href":"https:\/\/amboslo.esteri.it\/it\/wp-json\/wp\/v2\/pages\/45"}],"wp:attachment":[{"href":"https:\/\/amboslo.esteri.it\/it\/wp-json\/wp\/v2\/media?parent=682"}],"curies":[{"name":"wp","href":"https:\/\/api.w.org\/{rel}","templated":true}]}}