{"id":71,"date":"2023-04-11T18:19:16","date_gmt":"2023-04-11T16:19:16","guid":{"rendered":"https:\/\/ambasciatapraga.esteri.it\/?page_id=71"},"modified":"2026-01-28T09:08:22","modified_gmt":"2026-01-28T08:08:22","slug":"servizi-notarili","status":"publish","type":"page","link":"https:\/\/amboslo.esteri.it\/it\/servizi-consolari-e-visti\/servizi-per-il-cittadino-italiano\/servizi-notarili\/","title":{"rendered":"Servizi notarili"},"content":{"rendered":"<ul>\n<li><span style=\"text-decoration: underline;\">I servizi notarili sono riservati ai soli cittadini italiani<\/span>.<\/li>\n<li>Il <span style=\"text-decoration: underline;\">cittadino straniero<\/span> che vuole far valere una procura o un atto notarile in Italia dovr\u00e0 prendere contatto con un Notarius Publicus norvegese, che proceder\u00e0 alla stesura di un atto in lingua norvegese. Per essere fatto valere in Italia l\u2019atto dovr\u00e0 successivamente essere apostillato e tradotto in italiano. Si consiglia comunque di prendere contatto anche con uno studio notarile in Italia per definire la procedura e i dettagli, poich\u00e9 di fatto sar\u00e0 il notaio italiano che dovr\u00e0 eseguire la volont\u00e0 attestata nella Procura.<\/li>\n<\/ul>\n<p>Maggiori informazioni sono disponibili sul sito del\u00a0<a href=\"https:\/\/www.esteri.it\/mae\/it\/servizi\/italiani-all-estero\/attinotarili\" target=\"_blank\" rel=\"noopener\"><strong>Ministero degli Affari Esteri<\/strong><\/a>.<\/p>\n<p>Questa sezione contiene le procedure per l&#8217;ottenimento di (vedere anche menu&#8217; a destra):<\/p>\n<ul>\n<li><a class=\"list-item\" title=\"Procure generali, speciali e revoche\" href=\"https:\/\/amboslo.esteri.it\/it\/servizi-consolari-e-visti\/servizi-per-il-cittadino-italiano\/servizi-notarili\/procure\/\" target=\"_blank\" rel=\"noopener\">Procure generali, speciali e revoche<\/a><\/li>\n<li><a class=\"list-item\" title=\"Atti di rinuncia all\u2019eredit\u00e0\" href=\"https:\/\/amboslo.esteri.it\/it\/servizi-consolari-e-visti\/servizi-per-il-cittadino-italiano\/servizi-notarili\/atti-di-rinuncia-alleredita\/\" target=\"_blank\" rel=\"noopener\">Atti di rinuncia all\u2019eredit\u00e0<\/a><\/li>\n<li><a class=\"list-item\" title=\"Autentiche di firma e di fotografia\" href=\"https:\/\/amboslo.esteri.it\/it\/servizi-consolari-e-visti\/servizi-per-il-cittadino-italiano\/servizi-notarili\/autentiche-di-firma-e-di-fotografia\/\" target=\"_blank\" rel=\"noopener\">Autentiche di firma e di fotografia<\/a><\/li>\n<\/ul>\n<h4>Tariffe consolari<\/h4>\n<p>Nel rispondere alla richiesta di appuntamento l\u2019ufficio consolare specificher\u00e0 l\u2019importo previsto per il servizio consolare. I costi dei servizi consolari aggiornati sono comunque sempre disponibili nella sezione<strong>\u00a0<a href=\"https:\/\/amboslo.esteri.it\/it\/servizi-consolari-e-visti\/servizi-per-il-cittadino-italiano\/albo-consolare-e-altri-servizi\/tariffe-consolari-e-pagamenti-online\/\" target=\"_blank\" rel=\"noopener\">Tariffe consolari e pagamenti online<\/a><\/strong>.<\/p>\n","protected":false},"excerpt":{"rendered":"I servizi notarili sono riservati ai soli cittadini italiani. Il cittadino straniero che vuole far valere una procura o un atto notarile in Italia dovr\u00e0 prendere contatto con un Notarius Publicus norvegese, che proceder\u00e0 alla stesura di un atto in lingua norvegese. Per essere fatto valere in Italia l\u2019atto dovr\u00e0 successivamente essere apostillato e tradotto [&hellip;]","protected":false},"author":1,"featured_media":0,"parent":47,"menu_order":4,"comment_status":"closed","ping_status":"closed","template":"","meta":{"footnotes":""},"class_list":["post-71","page","type-page","status-publish","hentry"],"_links":{"self":[{"href":"https:\/\/amboslo.esteri.it\/it\/wp-json\/wp\/v2\/pages\/71","targetHints":{"allow":["GET"]}}],"collection":[{"href":"https:\/\/amboslo.esteri.it\/it\/wp-json\/wp\/v2\/pages"}],"about":[{"href":"https:\/\/amboslo.esteri.it\/it\/wp-json\/wp\/v2\/types\/page"}],"author":[{"embeddable":true,"href":"https:\/\/amboslo.esteri.it\/it\/wp-json\/wp\/v2\/users\/1"}],"replies":[{"embeddable":true,"href":"https:\/\/amboslo.esteri.it\/it\/wp-json\/wp\/v2\/comments?post=71"}],"version-history":[{"count":6,"href":"https:\/\/amboslo.esteri.it\/it\/wp-json\/wp\/v2\/pages\/71\/revisions"}],"predecessor-version":[{"id":1156,"href":"https:\/\/amboslo.esteri.it\/it\/wp-json\/wp\/v2\/pages\/71\/revisions\/1156"}],"up":[{"embeddable":true,"href":"https:\/\/amboslo.esteri.it\/it\/wp-json\/wp\/v2\/pages\/47"}],"wp:attachment":[{"href":"https:\/\/amboslo.esteri.it\/it\/wp-json\/wp\/v2\/media?parent=71"}],"curies":[{"name":"wp","href":"https:\/\/api.w.org\/{rel}","templated":true}]}}