{"id":736,"date":"2023-09-12T10:01:56","date_gmt":"2023-09-12T08:01:56","guid":{"rendered":"https:\/\/amboslo.esteri.it\/?page_id=736"},"modified":"2024-01-05T10:26:49","modified_gmt":"2024-01-05T09:26:49","slug":"le-principali-aziende-italiane-presenti-in-norvegia","status":"publish","type":"page","link":"https:\/\/amboslo.esteri.it\/it\/italia-e-norvegia\/diplomazia-economica\/le-principali-aziende-italiane-presenti-in-norvegia\/","title":{"rendered":"Le principali aziende italiane presenti in Norvegia"},"content":{"rendered":"<p>In ordine alfabetico:<\/p>\n<p><strong>Cimberio<\/strong><\/p>\n<p>Il gruppo Cimberio gestisce un innovativo impianto di climatizzazione e riscaldamento, denominato SMARTCIM, presso il Centro Spaziale di And\u00f8ya, nel nord della Norvegia, oltre il circolo polare.<\/p>\n<p><strong>Dolomiti Rocce<\/strong><\/p>\n<p>Dolomiti Rocce opera nel settore geotecnico e si occupa di geofondazioni, eseguendo quindi lavori di perforazione, rivettature, impermeabilizzazioni, consolidamenti e difesa contro la caduta massi, tra cui operazioni di \u201crock scaling\u201d, una tecnica utilizzata per mettere rapidamente in sicurezza una parete rocciosa, un pendio tendente al franamento o il fronte di cava di una galleria, qualora vi siano parti o frammenti soggetti al rischio di distacco e caduta. Dolomiti Rocce utilizza squadre di tecnici, formate anche da esperti alpinisti e rocciatori, e opera anche in alta quota. Dolomiti Rocce ha instaurato una partnership col Seabrokers Group assicurandosi una presenza sempre pi\u00f9 stabile nel mercato norvegese.<\/p>\n<p><strong>Duci<\/strong><\/p>\n<p>Duci Norge \u00e8 una societ\u00e0 di costruzioni con sede a Dr\u00f8bak. L\u2019azienda \u00e8 specializzata nel settore delle fondamenta per linee di trasmissione ad alta tensione, infrastrutture e impianti idroelettrici e idraulici, edifici industriali ed aree di lavoro specialistiche. Duci ha realizzato le fondazioni per la linea di trasmissione da 420 kV Balsfjord-Reisadalen per conto di Statnett, per una lunghezza tot. di 123 km.<\/p>\n<p><strong>e-GEOS<\/strong><\/p>\n<p>e-GEOS collabora da anni con Kongsberg Satellite Services (KSAT). KSAT \u00e8 posseduta da Space Norway AS, Agenzia di Stato dell\u2019Agenzia Spaziale Norvegese e da Kongsberg Defence &amp; Aerospace. KSAT riceve i dati satellitari radar della Costellazione COSMO-SkyMed attraverso una delle sue antenne localizzate a Longyearbyen, Svalbard. Nel 2021, il consorzio guidato da e-GEOS ha vinto un appalto emesso dall\u2019Agenzia Europea dell\u2019Ambiente (EEA) nell\u2019ambito del programma Copernicus del valore pari a 6 milioni di euro. e-GEOS ha anche fatto parte del progetto di ricerca dell\u2019Unione Europea \u201cArctic and North Atlantic Security and Emergency Preparedness Network\u201d, in cui collabora con il Joint Rescue Coordination Centre of Northern Norway. Infine, e-GEOS collabora anche con Det Norske Veritas (DNV), una fondazione internazionale indipendente con sede ad Oslo; DNV ha vinto un appalto ESA, \u201cBest Practices Arctic Shipping\u201d, per l\u2019osservazione della Terra per le buone pratiche di navigazione nell\u2019Artico.<\/p>\n<p><strong>Ferrero<\/strong><\/p>\n<p>La Ferrero opera in Norvegia attraverso Ferrero Scandinavia. Ferrero \u00e8 attualmente il terzo produttore di prodotti dolciari in Norvegia con volumi di vendite che sfiorano i 30 milioni di euro all\u2019anno.<\/p>\n<p><strong>Ghella<\/strong><\/p>\n<p>La Ghella si \u00e8 impegnata in joint-venture con la spagnola Acciona nella realizzazione dei tunnel sotterranei necessari alla costruzione della linea ferroviaria Oslo-Ski nell\u2019ambito del progetto denominato \u201cFollobanen\u201d. La porzione di lavori affidata a Ghella\/Acciona (AGJV) ha implicato la realizzazione di circa 36 km di tunnel con la posa dei binari e lo scavo delle gallerie di evacuazione con un contratto del valore di circa 1 miliardo di euro, vale a dire il pi\u00f9 grande contratto civile mai eseguito in Norvegia. Nel 2021 Ghella ha stipulato un contratto del valore di 8 miliardi di NOK attraverso una partnership con il gruppo norvegese AF Gruppen per la costruzione di un tunnel di 20 km che porter\u00e0 acqua potabile alla citt\u00e0 di Oslo.<\/p>\n<p><strong>Impresa Pizzarotti<\/strong><\/p>\n<p>Nel 2019, Impresa Pizzarotti &amp; C., assegnataria insieme a Webuild dell\u2019appalto da ca. 360 milioni di euro per il raddoppio del tratto ferroviario Nykirke-Barakaker, ha firmato il contratto per la realizzazione del nuovo doppio binario sulla tratta facente parte della linea Vestfold.<\/p>\n<p><strong>Iveco<\/strong><\/p>\n<p>La societ\u00e0 Iveco Defence Vehicles ha completato nel corso del 2018 la consegna all\u2019agenzia del Ministero della Difesa incaricata di modernizzare le Forze Armate di 62 veicoli blindati leggeri (light armoured vehicles-LAV).<\/p>\n<p><strong>Leonardo <\/strong><\/p>\n<p>Nel campo dell\u2019alta tecnologia e dei sistemi di difesa e sicurezza, \u00e8 importante la presenza di Leonardo Helicopters \u2013 societ\u00e0 del gruppo Finmeccanica \u2013 che si era aggiudicata nel 2013 una fornitura di 14 elicotteri per operazioni di ricerca e soccorso in un consorzio con la franco-tedesca Airbus e l&#8217;olandese GNK Fokker. Nel 2017 \u00e8 stato inaugurato a Stavanger il centro di addestramento e simulazione voli per i piloti norvegesi per l\u2019utilizzo di tali elicotteri. Tuttavia il contratto \u00e8 stato rescisso dal Governo norvegese nel 2022 (con la richiesta anche di restituzione di 500 milioni di euro gi\u00e0 corrisposti). Leonardo Helicopters si \u00e8 inoltre aggiudicata nel 2017 una commessa per la fornitura alla Polizia norvegese di tre elicotteri del tipo AW 169. La societ\u00e0 italiana tra l&#8217;altro beneficia di una fornitura alla guardia costiera norvegese, con 16 elicotteri AW101 per attivit\u00e0 di ricerca e soccorso.<\/p>\n<p><strong>Maipei<\/strong><\/p>\n<p>La Mapei opera da circa venti anni in Norvegia tramite uno stabilimento di sua propriet\u00e0 situato nella localit\u00e0 di Segstua vicino al confine con la Svezia. Grazie ad un fatturato annuo di circa 93 milioni di euro, la Mapei \u00e8 uno dei principali operatori nel mercato nordico grazie a variegate linee di produzione che spaziano dall\u2019edilizia alle pavimentazioni in resina e cementizie, agli impermeabilizzanti ed agli additivi per calcestruzzo. A settembre 2019 \u00e8 stato inaugurato, alla presenza del Primo Ministro, un nuovo padiglione adiacente all\u2019originario sito produttivo, che ha ulteriormente allargato la capacit\u00e0 produttiva dell\u2019impianto.<\/p>\n<p><strong>Mermec<\/strong><\/p>\n<p>La Mermec \u00e8 una multinazionale italiana fondata nel 1970 ed \u00e8 oggi una societ\u00e0 membro del Gruppo ANGEL, la pi\u00f9 grande holding privata italiana di alta tecnologia che comprende alcune delle aziende pi\u00f9 innovative nei settori dei trasporti, aerospaziale e meccatronica digitale. L\u2019azienda si occupa di tecnologie avanzate per il trasporto ferroviario e mobilit\u00e0 elettrica urbana ed industriale.<\/p>\n<p><strong>Novamont<\/strong><\/p>\n<p>L&#8217;italiana Novamont, una delle aziende leader mondiali nello sviluppo e nella produzione di prodotti biochimici e bioplastica, ha acquisito il gruppo norvegese BioBag a gennaio 2021. BioBag \u00e8 un fornitore leader di sacchetti e pellicole ecocompatibili per la raccolta e l&#8217;imballaggio dei rifiuti.\u00a0Insieme, le due societ\u00e0 sono in grado di offrire al mercato soluzioni complete e innovative per la raccolta e il riciclaggio dei rifiuti organici e il compostaggio.<\/p>\n<p><strong>Officine Maccaferri<\/strong><\/p>\n<p>Nel settore ittico, Officine Maccaferri, leader internazionale nel settore dell\u2019ingegneria civile e ambientale, ha annunciato la partecipazione ai lavori di potenziamento della Ocean Farm 1, la prima e pi\u00f9 grande gabbia al mondo semi-sommergibile per l\u2019acquacoltura offshore a un paio di chilometri al largo di Frohavet. Il progetto \u00e8 gestito da SalMar Aker Ocean (SAO), compagnia globale che opera nel settore ittico offshore.<\/p>\n<p><strong>Prysmian<\/strong><\/p>\n<p>A Drammen si trova uno stabilimento della Prysmian Norge, filiale locale della Prysmian, gruppo multinazionale italiano con sede a Milano specializzato nella produzione di cavi per applicazioni nel settore dell&#8217;energia, delle telecomunicazioni e di fibre ottiche. \u00c8 il leader mondiale nella produzione di cavi (fatturato: 10 miliardi di euro), ed \u00e8 quotata alla Borsa di Milano. Nell\u2019agosto 2021, la Prysmian ha varato un&#8217;avanzatissima nave posacavi, la &#8220;Leonardo da Vinci&#8221;, e costruita dalla VARD (Fincantieri) in Norvegia.<\/p>\n<p><strong>Rebaioli<\/strong><\/p>\n<p>La societ\u00e0 Rebaioli \u00e8 stata a lungo impegnata nella realizzazione di un progetto commissionato da Stattnet di costruzione della linea elettrica \u201cOrskog-Fardal\u201d a 420 Kv, oltre il circolo polare artico. Il progetto \u00e8 consistito nel montaggio di sostegni a traliccio, tesatura conduttori e funi di guardia per un tracciato di circa 51 km, per un valore di alcune decine di milioni di euro. La Rebaioli \u00e8 attualmente impegnata nella costruzione della linea 420 \u00d8rskog-Fardal per il montaggio di sostegni a traliccio.<\/p>\n<p><strong>Renantis<\/strong><\/p>\n<p>Renantis <em>(ex Falck Renewables) <\/em>\u00e8 fra i principali attori europei nelle energie rinnovabili e gestisce numerose centrali elettriche e una vasta rete di distribuzione tramite la holding Svelgen Kraft AS.\u00a0Nel dicembre 2019 \u00e8 stato inaugurato il parco eolico di Henn\u00f8y con 12 turbine. A fine 2021, Renantis ha annunciato l\u2019inizio delle operazioni commerciali per il parco eolico da 21 MW a Okla, sulla costa occidentale della Norvegia. L\u2019impianto a cinque turbine si trova sulla penisola di Stadlandet, vicino a Selije e si stima che tale impianto generi ca. 75 GWh di energia all\u2019anno.<\/p>\n<p><strong>Saipem<\/strong><\/p>\n<p>La Saipem, presente in Norvegia dal 1990, ha decisamente rafforzato negli ultimi anni la propria presenza sul mercato norvegese, ove opera attraverso tre societ\u00e0: Saipem Norge, Saipem Drilling Norway e Saipem Offshore Norway). La Saipem e&#8217; impegnata da anni in numerosi progetti di esplorazione e trivellazione di pozzi nel Mar di Barents e nel Mar del Nord. Saipem controlla inoltre la societ\u00e0 Moss Maritime, impegnata nella costruzione piattaforme di perforazione e nella realizzazione di strutture per la conservazione del gas liquido naturale.\u00a0A febbraio 2023, Saipem ha annunciato la stipula di un accordo con Seaway7 per eseguire progetti congiunti nel settore dell\u2019eolico offshore fisso.<\/p>\n<p><strong>Trevi\u00a0<\/strong><\/p>\n<p>Trevi si \u00e8 aggiudicata la vincita della gara d\u2019appalto per il consolidamento, rafforzamento e miglioramento del tunnel ferroviario di Drammen, un binario di 10 km, di cui 7 km in galleria. Veidekke Entrepren\u00f8r, la pi\u00f9 grande societ\u00e0 di costruzioni norvegese ed uno dei principali appaltatori di costruzioni in Scandinavia, ha affidato a Trevi il risanamento del suolo del tunnel di Drammen.<\/p>\n<p><strong>Troyer<\/strong><\/p>\n<p>\u00c8 presente nel paese una rappresentanza della societ\u00e0 altoatesina Troyer specializzata nella produzione di impianti idroelettrici. La Troyer si \u00e8 aggiudicata un contratto per la fornitura al committente norvegese Nordkraft di due turbine per la produzione di energia idroelettrica. La caratteristica principale delle turbine consiste nell\u2019assenza di impatto ambientale dato che l\u2019acqua utilizzata per la produzione di energia verr\u00e0 in buona parte immessa in mare.<\/p>\n<p><strong>Vard (Fincantieri)<\/strong><\/p>\n<p>Il gruppo Fincantieri ha acquisito nel 2013 il controllo della societ\u00e0 di cantieristica navale norvegese Vard, uno dei maggiori progettisti e costruttori di navi al mondo. Tramite le sue consociate specializzate Vard sviluppa sistemi di alimentazione e automazione, attrezzature per la movimentazione di piattaforme e fornisce servizi di progettazione e ingegneria per l&#8217;industria marittima globale. Il fatturato dell\u2019impresa si aggira sul miliardo di euro con un portafoglio ordini \u00e8 in crescita a 1,32 miliardi di euro grazie a contratti per 48 nuove navi. La Vard si \u00e8 aggiudicata nel corso del 2018 una commessa del valore di 5 miliardi di NOK per la fornitura di tre navi per la Guardia Costiera norvegese. L\u2019Istituto per la ricerca marina di Bergen ha ricevuto in consegna da Fincantieri, nel 2018, la &#8220;Crown Prince Haakon&#8221;, nave rompighiaccio per la ricerca polare. Infine, ad inizio marzo 2023, Vard ha annunciato la firma di un contratto da 250 milioni di euro, per la realizzazione di quattro navi operative di servizio per l\u2019industria eolica offshore (CSOV) per conto di Edda Wind.<\/p>\n<p><strong>V\u00e5r Energi-ENI<\/strong><\/p>\n<p>Giunta in Norvegia negli anni &#8217;60, l&#8217;ENI ha consolidato la sua presenza, prima come Norsk Agip, a partire dal 2003 come ENI Norge AS e poi oggi come V\u00e5r Energi-ENI. Nel luglio 2018 \u00e8 nata V\u00e5r Energi, societ\u00e0 indipendente con in portafoglio 17 giacimenti di petrolio e gas nel Mare di Barents e il Mare del Nord. La nuova societ\u00e0 \u2013 oggi controllata al 70% da Eni ed al 30% da HitecVision &#8211; ha acquisito nel 2019 le attivit\u00e0 produttive detenute dall\u2019americana ExxonMobil, raggiungendo una capacita&#8217; produttiva di 350.000 barili suddivisi in 35 aree di sfruttamento. Nel 2022 V\u00e5r Energi ASA ha formato una partnership strategica con Aker Solutions, Havfram e Saipem per la fabbricazione, la consegna e l&#8217;installazione di apparecchiature di produzione sottomarine. A gennaio 2023 V\u00e5r Energi si \u00e8 aggiudicata 12 nuove licenze di produzione, di cui cinque come operatore, mentre a febbraio ha confermato una nuova scoperta nel Mare di Barents.<\/p>\n<p><strong>V\u00e5r Gr\u00f8nn<\/strong><\/p>\n<p>Costituita nel 2021 da Eni Plenitude e dal fondo di investimento Hysense, V\u00e5r Gr\u00f8nn opera nello sviluppo e nella gestione di progetti di produzione di elettricit\u00e0 da fonti rinnovabili in tutto il Nord Europa. Basata a Oslo, la societ\u00e0 \u00e8 gi\u00e0 partner nella gestione di un&#8217;area di produzione di energia nell&#8217;eolico offshore nel Regno Unito, Dogger Bank. L&#8217;obiettivo strategico \u00e8 di poter di poter giungere a progettare e gestire campi di energia eolica offshore in Norvegia, in consorzio con partner norvegesi (Utsira Nord e di Sorlige Nordsjio II).<\/p>\n<p><strong>Webuild<\/strong><\/p>\n<p>Presente in Norvegia anche la societ\u00e0 Webuild (<em>ex-Salini-Impregilo<\/em>), impegnata da tempo in progetti infrastrutturali nel settore stradale e ferroviario per la societ\u00e0 pubblica BaneNor (Ferrovie dello Stato norvegesi). Webuild ha visto coronati da successo i suoi sforzi grazie all\u2019aggiudicazione, nell\u2019ottobre 2019, insieme alla Pizzarotti &amp; C., di un appalto dal valore di circa 380 milioni di euro per la costruzione di un doppio binario ferroviario nella tratta Nykirke-Barkaker.\u00a0Webuild, come parte del consorzio Sotra Link, si \u00e8 inoltre aggiudicata nel 2021 il contratto da oltre un miliardo di euro per la costruzione e la gestione del\u00a0sistema viario e di ponti definito \u201cRV.555 Sotra Connection PPP Project\u201d nella contea occidentale di Vestland.<\/p>\n","protected":false},"excerpt":{"rendered":"In ordine alfabetico: Cimberio Il gruppo Cimberio gestisce un innovativo impianto di climatizzazione e riscaldamento, denominato SMARTCIM, presso il Centro Spaziale di And\u00f8ya, nel nord della Norvegia, oltre il circolo polare. Dolomiti Rocce Dolomiti Rocce opera nel settore geotecnico e si occupa di geofondazioni, eseguendo quindi lavori di perforazione, rivettature, impermeabilizzazioni, consolidamenti e difesa contro [&hellip;]","protected":false},"author":4,"featured_media":0,"parent":43,"menu_order":10,"comment_status":"closed","ping_status":"closed","template":"","meta":{"footnotes":""},"class_list":["post-736","page","type-page","status-publish","hentry"],"_links":{"self":[{"href":"https:\/\/amboslo.esteri.it\/it\/wp-json\/wp\/v2\/pages\/736","targetHints":{"allow":["GET"]}}],"collection":[{"href":"https:\/\/amboslo.esteri.it\/it\/wp-json\/wp\/v2\/pages"}],"about":[{"href":"https:\/\/amboslo.esteri.it\/it\/wp-json\/wp\/v2\/types\/page"}],"author":[{"embeddable":true,"href":"https:\/\/amboslo.esteri.it\/it\/wp-json\/wp\/v2\/users\/4"}],"replies":[{"embeddable":true,"href":"https:\/\/amboslo.esteri.it\/it\/wp-json\/wp\/v2\/comments?post=736"}],"version-history":[{"count":6,"href":"https:\/\/amboslo.esteri.it\/it\/wp-json\/wp\/v2\/pages\/736\/revisions"}],"predecessor-version":[{"id":1030,"href":"https:\/\/amboslo.esteri.it\/it\/wp-json\/wp\/v2\/pages\/736\/revisions\/1030"}],"up":[{"embeddable":true,"href":"https:\/\/amboslo.esteri.it\/it\/wp-json\/wp\/v2\/pages\/43"}],"wp:attachment":[{"href":"https:\/\/amboslo.esteri.it\/it\/wp-json\/wp\/v2\/media?parent=736"}],"curies":[{"name":"wp","href":"https:\/\/api.w.org\/{rel}","templated":true}]}}