{"id":74,"date":"2023-04-11T18:20:09","date_gmt":"2023-04-11T16:20:09","guid":{"rendered":"https:\/\/ambasciatapraga.esteri.it\/?page_id=74"},"modified":"2023-09-29T13:19:25","modified_gmt":"2023-09-29T11:19:25","slug":"autoveicoli-e-patenti-di-guida","status":"publish","type":"page","link":"https:\/\/amboslo.esteri.it\/it\/servizi-consolari-e-visti\/servizi-per-il-cittadino-italiano\/albo-consolare-e-altri-servizi\/autoveicoli-e-patenti-di-guida\/","title":{"rendered":"Autoveicoli e Patenti di guida"},"content":{"rendered":"<h4>Rilascio\/rinnovo e conversione della patente di guida italiana<\/h4>\n<ul>\n<li><strong>in Norvegia<\/strong><\/li>\n<\/ul>\n<p>La Cancelleria Consolare dell\u2019Ambasciata d\u2019Italia a Oslo non rilascia n\u00e9 rinnova patenti di guida.<\/p>\n<p>Un cittadino italiano che stabilisce la propria residenza in Norvegia deve richiedere all\u2019Autorit\u00e0 norvegese competente, <strong>Statens Vegvesen, la conversione della propria patente di guida italiana in corso di validit\u00e0, in virt\u00f9 dei reciproci accordi tra Italia e Norvegia in materia di patenti<\/strong>.<br \/>\nPer conversione della patente si intende il rilascio, senza l&#8217;obbligo del superamento di esami teorici e pratici, di una patente norvegese corrispondente a quella italiana.<br \/>\nPer informazioni sulla guida in Norvegia con una patente italiana e su come convertirla vedasi il sito web del competente ente norvegese <a href=\"https:\/\/www.vegvesen.no\/\">Statens Vegvesen<\/a>.<\/p>\n<p>Le autorit\u00e0 norvegesi provvederanno a comunicare, una volta rilasciata la nuova patente, l&#8217;avvenuta conversione alle autorit\u00e0 italiane (all\u2019ACI \u2013 Automobile Club Italiano).<br \/>\nUna volta ottenuta la nuova patente estera, quella italiana viene revocata.<\/p>\n<p><span style=\"text-decoration: underline;\">Nel caso invece di rientro definitivo in Italia, \u00e8 possibile guidare in Italia con la patente norvegese fino ad un anno massimo dalla data di rientro, dopodich\u00e9 occorrer\u00e0 richiedere la sostituzione della patente estera ottenuta in sede di conversione. Sar\u00e0 pertanto rilasciata una nuova patente italiana di categoria non superiore a quella originaria<\/span>.<br \/>\nUlteriori informazioni al sito del <a href=\"https:\/\/www.mit.gov.it\/come-fare-per\/patenti-mezzi-e-abilitazioni\" target=\"_blank\" rel=\"noopener\">Ministero delle infrastrutture e dei trasporti<\/a>.<\/p>\n<p>La Cancelleria consolare non rilascia duplicati in caso di furto o smarrimento. Il duplicato deve essere richiesto in Italia alla MCTC che ha rilasciato la patente rubata o smarrita.<br \/>\nSe la patente \u00e8 rubata o smarrita prima della sua conversione in una patente norvegese, su richiesta dell&#8217;interessato l&#8217;MCTC pu\u00f2 accordare il rilascio di una Dichiarazione di conferma di validit\u00e0 della patente rubata o smarrita, che pu\u00f2 essere presentata alle autorit\u00e0 norvegesi per ottenere la conversione della patente.<\/p>\n<ul>\n<li><strong>in Islanda<\/strong><\/li>\n<\/ul>\n<p>In Islanda \u00e8 possibile convertire la propria patente di guida presso la Prefettura territorialmente competente: <a href=\"https:\/\/island.is\/en\" target=\"_blank\" rel=\"noopener\">\u00d6kur\u00e9ttindi &#8211; \u00f6kusk\u00edrteini | \u00d6kusk\u00edrteini<\/a><\/p>\n<p>Per maggiori informazioni si ricordano i recapiti del <strong>Console Generale Onorario d\u2019Italia<\/strong>:<\/p>\n<p>Rosa Bj\u00f6rg J\u00f3nsd\u00f3ttir<br \/>\nSudurlandsbraut 6 (2 piano a sinistra) &#8211; Reykjav\u00edk<br \/>\nInd. postale: P.O. Box 16 \u2013 121 Reykjav\u00edk<br \/>\nTel. (+354) 698 1223<br \/>\n<a href=\"mailto:reykjavik.onorario@esteri.it\">reykjavik.onorario@esteri.it<\/a><\/p>\n<h4>Proroga dei termini della validit\u00e0 delle patenti<\/h4>\n<p>A causa della pandemia, la validit\u00e0 delle patenti rilasciate in Italia \u00e8 prorogata a seconda della data di scadenza, alla luce della disposizione normativa pi\u00f9 favorevole applicabile (decreto legge n. 18\/2020 o Reg. UE 2020\/698):<br \/>\nLe patenti rilasciate in Italia:<\/p>\n<ul>\n<li>con data di scadenza compresa tra il 1\/2\/2020 e il 31\/5\/2020 fruiscono della proroga di validit\u00e0 di sette mesi dalla scadenza per la sola circolazione negli altri Paesi UE, mentre per il solo territorio italiano mantengono la loro validit\u00e0 fino al 31\/12\/2020 (ai sensi del d.l. 18\/2020);<\/li>\n<li>con data di scadenza compresa tra il 1\/6\/2020 e il 31\/8\/2020 saranno prorogate di sette mesi dalla data di scadenza (ai sensi dell&#8217;art. 3 del Reg. UE 2020\/698);<\/li>\n<li>con data di scadenza al 31\/1\/2020 oppure compresa tra il 1\/9\/2020 e il 30\/12\/2020 mantengono la loro validit\u00e0 per il solo territorio italiano fino al 31\/12\/2020.<\/li>\n<\/ul>\n","protected":false},"excerpt":{"rendered":"Rilascio\/rinnovo e conversione della patente di guida italiana in Norvegia La Cancelleria Consolare dell\u2019Ambasciata d\u2019Italia a Oslo non rilascia n\u00e9 rinnova patenti di guida. Un cittadino italiano che stabilisce la propria residenza in Norvegia deve richiedere all\u2019Autorit\u00e0 norvegese competente, Statens Vegvesen, la conversione della propria patente di guida italiana in corso di validit\u00e0, in virt\u00f9 [&hellip;]","protected":false},"author":1,"featured_media":0,"parent":76,"menu_order":20,"comment_status":"closed","ping_status":"closed","template":"","meta":{"footnotes":""},"class_list":["post-74","page","type-page","status-publish","hentry"],"_links":{"self":[{"href":"https:\/\/amboslo.esteri.it\/it\/wp-json\/wp\/v2\/pages\/74","targetHints":{"allow":["GET"]}}],"collection":[{"href":"https:\/\/amboslo.esteri.it\/it\/wp-json\/wp\/v2\/pages"}],"about":[{"href":"https:\/\/amboslo.esteri.it\/it\/wp-json\/wp\/v2\/types\/page"}],"author":[{"embeddable":true,"href":"https:\/\/amboslo.esteri.it\/it\/wp-json\/wp\/v2\/users\/1"}],"replies":[{"embeddable":true,"href":"https:\/\/amboslo.esteri.it\/it\/wp-json\/wp\/v2\/comments?post=74"}],"version-history":[{"count":4,"href":"https:\/\/amboslo.esteri.it\/it\/wp-json\/wp\/v2\/pages\/74\/revisions"}],"predecessor-version":[{"id":1162,"href":"https:\/\/amboslo.esteri.it\/it\/wp-json\/wp\/v2\/pages\/74\/revisions\/1162"}],"up":[{"embeddable":true,"href":"https:\/\/amboslo.esteri.it\/it\/wp-json\/wp\/v2\/pages\/76"}],"wp:attachment":[{"href":"https:\/\/amboslo.esteri.it\/it\/wp-json\/wp\/v2\/media?parent=74"}],"curies":[{"name":"wp","href":"https:\/\/api.w.org\/{rel}","templated":true}]}}