{"id":877,"date":"2023-09-18T09:40:52","date_gmt":"2023-09-18T07:40:52","guid":{"rendered":"https:\/\/amboslo.esteri.it\/?page_id=877"},"modified":"2026-01-28T09:14:12","modified_gmt":"2026-01-28T08:14:12","slug":"registrazione-nascite","status":"publish","type":"page","link":"https:\/\/amboslo.esteri.it\/it\/servizi-consolari-e-visti\/servizi-per-il-cittadino-italiano\/stato-civile\/registrazione-nascite\/","title":{"rendered":"Registrazione nascite"},"content":{"rendered":"<p>Il decreto-legge 36\/2025 e la sua successiva legge di conversione n. 74 del 23 maggio 2025 hanno introdotto significative limitazioni all\u2019attribuzione della cittadinanza italiana.<\/p>\n<p>La nuova normativa si applica anche alle trascrizioni degli atti di nascita dei minorenni, figli di genitore\/i italiano\/i, anche se nati prima del 24 maggio 2025, data di entrata in vigore della legge di conversione 74\/2025.<\/p>\n<p>Ai sensi dell\u2019art. 3-bis,\u00a0<strong>chi nasce all\u2019estero da genitore\/i italiano\/i non acquista pi\u00f9 automaticamente la cittadinanza italiana, qualora sia in possesso di un\u2019altra cittadinanza o abbia anche solo il diritto di acquistarla<\/strong>. Tuttavia, sono previste delle eccezioni che consentono l\u2019acquisto della cittadinanza italiana, di seguito elencate.<\/p>\n<p>Il minore nato all\u2019estero da genitore\/i italiano\/i acquista la cittadinanza italiana qualora ricorra\u00a0<strong>una delle seguenti condizioni<\/strong>:<\/p>\n<ol>\n<li>il minore non ha e non pu\u00f2 avere alla data di nascita nessun\u2019altra cittadinanza (ad esempio iure sanguinis, iure soli, per opzione, ecc.)<br \/>\nOltre alla richiesta di trascrizione e alla documentazione prevista, dovranno essere prodotti documenti idonei a comprovare che il minore, al momento della nascita, non abbia e non possa acquisire nessun\u2019altra cittadinanza.<\/li>\n<li>un genitore (anche adottivo) o un nonno\/nonna possiede al momento della nascita del minore \u2013 o possedeva al momento della sua morte \u2013 esclusivamente la cittadinanza italiana.<\/li>\n<li>Il genitore cittadino italiano \u00e8 stato residente in Italia per almeno due anni continuativi successivamente all\u2019acquisto della cittadinanza italiana e prima della data di nascita o di adozione del figlio.<\/li>\n<\/ol>\n<p><strong>IMPORTANTE<\/strong>:\u00a0<strong><u>la normativa previgente continua a regolare SOLO le richieste di trascrizione degli atti di nascita corredate dalla documentazione prevista, pervenute entro le 23.59 del 27 marzo 2025<\/u><\/strong>, per le quali non trovano applicazione i limiti introdotti dalla nuova normativa all\u2019acquisto automatico della cittadinanza italiana.<\/p>\n<p>&nbsp;<\/p>\n<h4><strong>Modalit\u00e0 di richiesta di trascrizione dell\u2019atto di nascita<\/strong><\/h4>\n<h3><strong>NORVEGIA<\/strong><\/h3>\n<p>Gli interessati potranno presentare direttamente in Ambasciata, previo appuntamento, oppure inviare per posta a Embassy of the Italian Republic P.O. Box 4021 AMB 0244 OSLO la seguente documentazione:<\/p>\n<ol>\n<li><strong><a href=\"https:\/\/amboslo.esteri.it\/wp-content\/uploads\/2025\/06\/Modulo-richiesta-trascrizione_nascita_aggiornato.docx\" target=\"_blank\" rel=\"noopener\">Modulo richiesta trascrizione nascita<\/a> <\/strong>debitamente compilato in tutte le sue parti e firmato da entrambi i genitori con firma autografa<strong>;<\/strong><\/li>\n<li><strong>Copia del passaporto di entrambi i genitori<\/strong> (o documenti di identit\u00e0 equivalenti che riportano anche l\u2019indicazione della cittadinanza);<\/li>\n<li><strong>Certificato di nascita<\/strong> <strong>originale<\/strong> rilasciato dal Folkeregister\/Skatteetaten <strong>munito di apostille<\/strong> (per informazioni sulle Autorit\u00e0 che rilasciano appongono l\u2019apostille e le modalit\u00e0 di ottenerla clicca\u00a0<a href=\"https:\/\/amboslo.esteri.it\/it\/servizi-consolari-e-visti\/servizi-per-il-cittadino-italiano\/traduzione-e-legalizzazione-dei-documenti\/\" target=\"_blank\" rel=\"noopener\"><strong>qui<\/strong><\/a>).<\/li>\n<li><strong>Certificato dell\u2019anagrafe norvegese (PER USO ESTERO che reca firma e timbro) <\/strong>&#8211; <em>per tutti i componenti del nucleo familiare<\/em> &#8211; denominato\u00a0Utskrift av registrerte\u00a0opplysninger i Folkeregisteret\/Printout of information registered in the Norwegian Population Register, che pu\u00f2 essere scaricato al seguente\u00a0<a href=\"https:\/\/www.skatteetaten.no\/person\/folkeregister\/attester-og-opplysninger\/bestille-attester\/oversikt-over-attester\/utskrift-av-registrerte-opplysninger\/\" target=\"_blank\" rel=\"noopener\">link<\/a>.<\/li>\n<li><strong>Certificato storico di residenza norvegese<\/strong> &#8211; <em>per tutti i componenti del nucleo familiare<\/em> &#8211; \u201cUtskrift av adressehistorikk i folkeregisteret\/Address history\u201d, da scaricare al seguente\u00a0<a href=\"https:\/\/www.skatteetaten.no\/person\/folkeregister\/attester-og-opplysninger\/bestille-attester\/oversikt-over-attester\/adressehistorikk\/\" target=\"_blank\" rel=\"noopener\">link<\/a>.<\/li>\n<\/ol>\n<ol start=\"6\">\n<li><strong>Per le coppie non coniugate<\/strong>, occorre presentare anche il <strong>riconoscimento di paternit\u00e0<\/strong> (\u201cErkjennelse om farskap\u201c) rilasciato dal NAV al seguente <a href=\"https:\/\/www.nav.no\/erklaer-farskap\">link<\/a> in <strong>originale<\/strong>, munito di apostille. Prima di far apporre l&#8217;apostille sul riconoscimento di paternit\u00e0 dovrete rivolgervi al Notary Public presso il Tingrett per una notarialbekreftelse: <a href=\"https:\/\/www.domstol.no\/no\/notarialbekreftelse\/\" target=\"_blank\" rel=\"noopener\">https:\/\/www.domstol.no\/no\/notarialbekreftelse\/<\/a>.<\/li>\n<\/ol>\n<p>L\u2019apostille \u00e8 da da richiedersi presso Statsforvalteren: <a href=\"https:\/\/www.statsforvalteren.no\/nb\/ostfold-buskerud-oslo-og-akershus\/folk-og-samfunn\/apostillestempel-pa-dokumenter\/\" target=\"_blank\" rel=\"noopener\">Apostillestempel p\u00e5 dokumenter | Statsforvalteren i \u00d8stfold, Buskerud, Oslo og Akershus<\/a><\/p>\n<p><u>Solo in caso di comprovata impossibilit\u00e0 ad ottenere tale documento<\/u>, si potr\u00e0 richiedere un atto di riconoscimento presso l\u2019Ambasciata d\u2019Italia a Oslo.<\/p>\n<p>A seconda dei casi, l\u2019Ambasciata si riserva di chiedere agli interessati ulteriore documentazione idonea a comprovare una delle condizioni necessarie alla trasmissione della cittadinanza italiana in capo al minore, di cui ai punti 1. 2. e 3 sopra elencati.<\/p>\n<p>Si raccomanda di inviare la richiesta di trascrizione dell\u2019atto di nascita preferibilmente solo se in possesso di tutta la\u00a0<strong>documentazione richiesta per verificare il diritto alla cittadinanza italiana.\u00a0<\/strong><\/p>\n<p>&nbsp;<\/p>\n<h4><strong>Tempistiche ed avanzamento della pratica<\/strong><\/h4>\n<p>Le istanze di trascrizione dell\u2019atto di nascita vengono elaborate dall\u2019Ufficio consolare dell\u2019Ambasciata in ordine di arrivo, la trattazione delle quali<strong> dipender\u00e0 anche dai tempi di risposta\u00a0da parte dei Comuni e\/o dalle eventuali richieste di integrazioni documentali, ove ritenute necessarie. <\/strong><\/p>\n<p><strong>\u00a0<\/strong><\/p>\n<h3><strong>ISLANDA<\/strong><\/h3>\n<p>Gli interessati potranno presentare direttamente in Ambasciata, previo appuntamento, oppure inviare per posta a Embassy of the Italian Republic, PO Box 4021 AMB, 0244 Oslo la seguente documentazione:<\/p>\n<ol>\n<li><a href=\"https:\/\/amboslo.esteri.it\/wp-content\/uploads\/2025\/07\/Modulo-richiesta-trascrizione_nascita_aggiornato-10.07.2025.docx\" target=\"_blank\" rel=\"noopener\"><strong>Modulo di richiesta di trascrizione dell\u2019atto di nascita<\/strong><\/a> debitamente compilato in tutte le sue parti e firmato da entrambi i genitori;<\/li>\n<li><strong>Copia del passaporto di entrambi i genitori<\/strong> (o documenti di identit\u00e0 equivalenti che riportano anche l\u2019indicazione della cittadinanza);<\/li>\n<li><strong>Certificato di nascita originale<\/strong> rilasciato da \u00dej\u00f3\u00f0skr\u00e1 (National Register), <strong>munito di apostille<\/strong> (per informazioni sulle Autorit\u00e0 che rilasciano appongono l\u2019apostille e le modalit\u00e0 di ottenerla clicca\u00a0<a href=\"https:\/\/amboslo.esteri.it\/it\/servizi-consolari-e-visti\/servizi-per-il-cittadino-italiano\/traduzione-e-legalizzazione-dei-documenti\/\" target=\"_blank\" rel=\"noopener\"><strong>qui<\/strong><\/a>).<\/li>\n<li><strong>Certificato di cittadinanza <\/strong>&#8211; <em>per tutti i componenti del nucleo familiare<\/em> -, scaricabile al seguente <a href=\"https:\/\/www.skra.is\/english\/forms\/single-product\/?productid=df3dee68-1389-11e6-943e-005056851dd2\" target=\"_blank\" rel=\"noopener\">link<\/a><\/li>\n<li><strong>Certificato storico della registrazione legale <\/strong>&#8211; <em>per tutti i componenti del nucleo familiare<\/em> &#8211; disponibile al seguente <a href=\"https:\/\/www.skra.is\/english\/people\/certificates\/i-am-a-person\/domicile\/confirmation-of-legal-registration-history\/\" target=\"_blank\" rel=\"noopener\">link<\/a><\/li>\n<li><strong>Per le coppie non coniugate<\/strong>, occorre presentare anche il <strong>riconoscimento di paternit\u00e0<\/strong> <strong>con apostille<\/strong>. Rivolgersi al \u00dej\u00f3\u00f0skr\u00e1 (National Register) per il riconoscimento e richiedere il documento che viene emesso per i cittadini italiani. In caso di problematiche, si prega di contattare la Console Generale onoraria a Reykjavik.<\/li>\n<\/ol>\n<p>A seconda dei casi, l\u2019Ambasciata si riserva di chiedere agli interessati ulteriore documentazione idonea a comprovare una delle condizioni necessarie alla trasmissione della cittadinanza italiana in capo al minore, di cui ai punti 1. 2. e 3 sopra elencati.<\/p>\n<p>Si raccomanda di inviare la richiesta di trascrizione dell\u2019atto di nascita preferibilmente solo se in possesso di tutta la\u00a0<strong>documentazione richiesta per verificare il diritto alla cittadinanza italiana.\u00a0<\/strong><\/p>\n<p>&nbsp;<\/p>\n<h4><strong>Tempistiche ed avanzamento della pratica<\/strong><\/h4>\n<p>Le istanze di trascrizione dell\u2019atto di nascita vengono elaborate dall\u2019Ufficio consolare dell\u2019Ambasciata in ordine di arrivo, la trattazione delle quali<strong> dipender\u00e0 anche dai tempi di risposta\u00a0da parte dei Comuni e\/o dalle eventuali richieste di integrazioni documentali, ove ritenute necessarie.<\/strong><\/p>\n<p>&nbsp;<\/p>\n<hr \/>\n<p>&nbsp;<\/p>\n<h3><strong>Acquisto della Cittadinanza per \u201cbeneficio di legge\u201d<\/strong><\/h3>\n<p><strong>(per i figli minori nati all\u2019estero da cittadini italiani <span style=\"text-decoration: underline;\">che non trasmettono automaticamente<\/span> la cittadinanza italiana)<\/strong><\/p>\n<p>Qualora la fattispecie non rientri in nessuna delle ipotesi di cui ai punti 1, 2 e 3 sopra elencati, il minore ha la possibilit\u00e0 di acquistare la cittadinanza italiana per beneficio di legge nei due casi previsti dal comma 1-bis dell\u2019articolo 4 della legge n. 91\/1992 e dall\u2019articolo 1, comma 1-ter del decreto-legge n. 36\/2025.<\/p>\n<p>Si fa presente che in caso di acquisto della cittadinanza per beneficio di legge, il minore non sar\u00e0 cittadino per nascita o iure sanguinis, in quanto l\u2019acquisto della cittadinanza italiana decorrer\u00e0, ai sensi dell\u2019art. 15 della legge 91\/1992, dal giorno successivo a quello in cui i genitori hanno reso la dichiarazione di volont\u00e0 presso l\u2019Ambasciata.<\/p>\n<p>Con Legge 30 dicembre 2025, n. 199 (legge di bilancio 2026), sono state apportate modifiche all\u2019articolo 4, comma 1-bis, lettera b) della Legge 5 febbraio 1992, n. 91. La novella legislativa prevede che le <strong>dichiarazioni rese dai genitori<\/strong> \u2013 di cui almeno uno cittadino per nascita \u2013 previste dall\u2019art. 4, comma 1-bis, lettera b) della legge 91\/1992, volte a ottenere <strong>l\u2019acquisto della cittadinanza italiana per beneficio di legge<\/strong> in favore dei propri figli minori nati all\u2019estero \u2013 nei casi in cui questi ultimi non la possano acquistare automaticamente \u2013 <strong>potranno essere presentate entro tre anni<\/strong> (<u>e non pi\u00f9 entro un anno<\/u>) dalla nascita o dalla data successiva in cui \u00e8 stabilita la filiazione anche adottiva da cittadino.<\/p>\n<p>Contestualmente, \u00e8 stata prevista anche la gratuit\u00e0 per le dichiarazioni in parola, rese ai sensi del sopra menzionato art. 4, comma 1-bis, lettera b) della Legge 5 febbraio 1992, n. 91.<\/p>\n<p>Tale gratuit\u00e0 si applica anche alle dichiarazioni che devono essere rese dai genitori (di cui almeno uno cittadino per nascita) entro il 31 maggio 2026 \u2013 ai sensi della norma transitoria di cui all\u2019art. 1, comma 1-ter del decreto legge n. 36\/2025, ai fini dell\u2019acquisto della cittadinanza italiana in favore dei figli che erano ancora minorenni alla data del 24 maggio 2025.<\/p>\n<p>Le modifiche legislative su esposte non hanno efficacia retroattiva. La gratuit\u00e0, pertanto, si applica solo alle istanze presentate <strong>a partire dal 1\u00b0 gennaio 2026<\/strong>.<\/p>\n<p>&nbsp;<\/p>\n<p><strong>Caso n. 1 (art. 4, comma 1-bis, legge 91\/1992).<\/strong><\/p>\n<p>A tal fine, devono essere soddisfatte congiuntamente le due seguenti condizioni:<\/p>\n<ul>\n<li><strong>Uno dei genitori \u00e8 cittadino per nascita<\/strong>. Si escludono quindi i casi di cittadini per naturalizzazione ai sensi dell\u2019articolo 9 della legge n. 91\/1992 o \u201cper beneficio di legge\u201d ai sensi dell\u2019articolo 4 della legge n. 91\/1992 ovvero per matrimonio ai sensi dell\u2019articolo 5 della legge n. 91\/1992 o dell\u2019articolo 10 della legge n. 555\/1912 oppure per riacquisto ai sensi degli articoli 13 o 17 della legge n. 91\/1992 ovvero iuris communicatione (art. 14 della legge n. 91\/1992).<\/li>\n<li>Entrambi\u00a0<u>i genitori del minore dovranno presentare una dichiarazione di volont\u00e0 di acquisto della cittadinanza<\/u>\u00a0<strong>entro tre anni dalla nascita<\/strong>\u00a0(o dalla data successiva in cui \u00e8 stabilita la filiazione da cittadino italiano o in cui \u00e8 decisa l\u2019adozione da parte di cittadino italiano durante la minore et\u00e0 del figlio).<\/li>\n<\/ul>\n<p>&nbsp;<\/p>\n<p><strong>Caso n. 2 (comma 1-ter dell\u2019articolo 1 del decreto-legge n. 36\/2025)<\/strong><\/p>\n<p>In virt\u00f9 di questa norma transitoria, si configura la possibilit\u00e0 di rendere la dichiarazione di volont\u00e0 di acquisto della cittadinanza italiana in favore del minore che non acquista automaticamente la cittadinanza da genitore italiano, se ricorrono tutte le seguenti condizioni:<\/p>\n<ul>\n<li><strong><u>Minore et\u00e0 del figlio\/a\u00a0alla data di entrata in vigore della legge di conversione<\/u><\/strong>\u00a0(in altre parole, non aveva ancora compiuto il 18\u00b0 anno di et\u00e0 al\u00a0<strong>24 maggio 2025<\/strong>);<\/li>\n<li><strong>Il minore deve essere figli\/a di cittadini\u00a0<u>per nascita <\/u><\/strong>riconosciuti tali sulla base di domanda amministrativa o giudiziale presentata entro le 23:59 (ora di Roma) del 27 marzo 2025 o sulla base di domanda presentata sulla base di appuntamento comunicato dall\u2019Ufficio consolare o dal Comune entro la medesima data;<\/li>\n<li>La dichiarazione dei genitori o del tutore deve essere presentata all\u2019Ufficio consolare\u00a0<strong><u>entro il 31 maggio 2026<\/u><\/strong>. Se l\u2019interessato, minorenne alla data del 24 maggio 2025, diviene nel frattempo maggiorenne, la dichiarazione dovr\u00e0 essere presentata da lui personalmente entro il medesimo termine.<\/li>\n<\/ul>\n<p><em><u>La dichiarazione di volont\u00e0 di acquisto della cittadinanza deve essere formale e avvenire di persona, alla presenza di dipendente delegato all\u2019esercizio delle funzioni di stato civile<\/u><\/em>, previo appuntamento da richiedere per email a:\u00a0<a href=\"mailto:consolato.oslo@esteri.it\" target=\"_blank\" rel=\"noopener\">consolato.oslo@esteri.it<\/a>. Se i genitori non rendono la dichiarazione contestualmente, il requisito di legge si considera soddisfatto alla data in cui \u00e8 presentata la dichiarazione del secondo genitore. Se la filiazione (anche adottiva) \u00e8 stabilita nei confronti di una sola persona (o se l\u2019altro genitore \u00e8 deceduto), sar\u00e0 sufficiente la dichiarazione di un solo genitore.<\/p>\n<p>La dichiarazione deve essere corredata dalla seguente documentazione:<\/p>\n<ul>\n<li>Certificato di nascita del minore debitamente legalizzato e accompagnato da traduzione dichiarata conforme (per i minori nati in Norvegia e Islanda clicca\u00a0<a href=\"https:\/\/amboslo.esteri.it\/it\/servizi-consolari-e-visti\/servizi-per-il-cittadino-italiano\/traduzione-e-legalizzazione-dei-documenti\/\">qui<\/a><u>.<br \/>\n<\/u>Per le formalit\u00e0 degli atti di nascita non rilasciati in Norvegia e Islanda, si prega di fare riferimento ai siti web delle rappresentanze diplomatico-consolari italiane competenti per i Paesi in cui \u00e8 stato rilasciato l\u2019atto;<\/li>\n<li>Documentazione comprovante la cittadinanza straniera del minore (certificato di cittadinanza o attestazione equivalente, debitamente legalizzata e munita di traduzione dichiarata conforme (vedi punto A sopra);<\/li>\n<li>Fotocopia del passaporto di entrambi i genitori (o documenti di identit\u00e0 equivalenti che riportino anche l\u2019indicazione della cittadinanza);<\/li>\n<li><strong>Per le coppie non coniugate<\/strong>, occorre presentare anche il riconoscimento di paternit\u00e0. In Norvegia si chiama\u00a0<strong>\u201cErkjennelse om farskap\u201c<\/strong>, munito di apostille.\u00a0<u>Solo in caso di comprovata impossibilit\u00e0 ad ottenere tale documento<\/u>, si potr\u00e0 richiedere un atto di riconoscimento presso l\u2019Ambasciata d\u2019Italia a Oslo.<\/li>\n<\/ul>\n<p>In Islanda, rivolgersi al \u00dej\u00f3\u00f0skr\u00e1 (National Register) per il riconoscimento e richiedere il documento che viene emesso per i cittadini italiani. In caso di problematiche, si prega di contattare la Console Generale onoraria a Reykjavik.<\/p>\n<p>&nbsp;<\/p>\n<p>&nbsp;<\/p>\n<p>&nbsp;<\/p>\n","protected":false},"excerpt":{"rendered":"Il decreto-legge 36\/2025 e la sua successiva legge di conversione n. 74 del 23 maggio 2025 hanno introdotto significative limitazioni all\u2019attribuzione della cittadinanza italiana. La nuova normativa si applica anche alle trascrizioni degli atti di nascita dei minorenni, figli di genitore\/i italiano\/i, anche se nati prima del 24 maggio 2025, data di entrata in vigore [&hellip;]","protected":false},"author":4,"featured_media":0,"parent":68,"menu_order":0,"comment_status":"closed","ping_status":"closed","template":"","meta":{"footnotes":""},"class_list":["post-877","page","type-page","status-publish","hentry"],"_links":{"self":[{"href":"https:\/\/amboslo.esteri.it\/it\/wp-json\/wp\/v2\/pages\/877","targetHints":{"allow":["GET"]}}],"collection":[{"href":"https:\/\/amboslo.esteri.it\/it\/wp-json\/wp\/v2\/pages"}],"about":[{"href":"https:\/\/amboslo.esteri.it\/it\/wp-json\/wp\/v2\/types\/page"}],"author":[{"embeddable":true,"href":"https:\/\/amboslo.esteri.it\/it\/wp-json\/wp\/v2\/users\/4"}],"replies":[{"embeddable":true,"href":"https:\/\/amboslo.esteri.it\/it\/wp-json\/wp\/v2\/comments?post=877"}],"version-history":[{"count":7,"href":"https:\/\/amboslo.esteri.it\/it\/wp-json\/wp\/v2\/pages\/877\/revisions"}],"predecessor-version":[{"id":7123,"href":"https:\/\/amboslo.esteri.it\/it\/wp-json\/wp\/v2\/pages\/877\/revisions\/7123"}],"up":[{"embeddable":true,"href":"https:\/\/amboslo.esteri.it\/it\/wp-json\/wp\/v2\/pages\/68"}],"wp:attachment":[{"href":"https:\/\/amboslo.esteri.it\/it\/wp-json\/wp\/v2\/media?parent=877"}],"curies":[{"name":"wp","href":"https:\/\/api.w.org\/{rel}","templated":true}]}}