{"id":893,"date":"2023-09-18T09:51:53","date_gmt":"2023-09-18T07:51:53","guid":{"rendered":"https:\/\/amboslo.esteri.it\/?page_id=893"},"modified":"2026-01-28T09:29:01","modified_gmt":"2026-01-28T08:29:01","slug":"atti-di-rinuncia-alleredita","status":"publish","type":"page","link":"https:\/\/amboslo.esteri.it\/it\/servizi-consolari-e-visti\/servizi-per-il-cittadino-italiano\/servizi-notarili\/atti-di-rinuncia-alleredita\/","title":{"rendered":"Atti di rinuncia all\u2019eredit\u00e0"},"content":{"rendered":"<p>Per richiedere un <strong>Atto di rinuncia all\u2019eredit\u00e0<\/strong>\u00a0l\u2019interessato dovr\u00e0 inviare a <strong><a href=\"mailto:consolato.oslo@esteri.it\">consolato.oslo@esteri.it:<\/a><\/strong><\/p>\n<ul>\n<li><span style=\"text-decoration: underline;\">Copia del passaporto italiano<\/span><\/li>\n<li>la <span style=\"text-decoration: underline;\">bozza dello stesso in formato word<\/span> (predisposta da uno studio notarile in Italia)\n<ul>\n<li>La bozza dovr\u00e0 contenere le <span style=\"text-decoration: underline;\">generalit\u00e0 complete<\/span> (cognome, nome, data e luogo di nascita, indirizzo di residenza, codice fiscale) del rinunciatario, nonch\u00e9 i dati relativi al de cuius (persona che \u00e8 deceduta e per la quale si \u00e8 aperta in Italia in successione\/eredit\u00e0) e alla successione.<\/li>\n<li>Si prega di verificare con lo studio notarile se occorre la presenza di due <span style=\"text-decoration: underline;\">testimoni<\/span> alla sottoscrizione dell\u2019atto.<\/li>\n<li><span style=\"text-decoration: underline;\">Se il richiedente \u00e8 coniugato e il regime patrimoniale prescelto \u00e8 la comunione dei beni e\/o se ha figli minori<\/span> si prega di verificare con lo studio notarile di riferimento anche la sottoscrizione dell\u2019Atto da parte del coniuge.<\/li>\n<li>In presenza di <span style=\"text-decoration: underline;\">figli minori<\/span> residenti presso la circoscrizione consolare (i.e. in Norvegia e Islanda), l\u2019Ufficio Consolare \u00e8 tenuto ad accertare che rinunciare all\u2019eredit\u00e0 sia anche nell\u2019interesse dei minori. \u00c8 dunque necessario emettere anche un <strong>Decreto consolare<\/strong> che accompagner\u00e0 l\u2019Atto di rinuncia all\u2019eredit\u00e0. In questo specifico caso, informazioni e tempistiche verranno comunicate via email in fase di definizione dell\u2019appuntamento.<\/li>\n<\/ul>\n<\/li>\n<\/ul>\n","protected":false},"excerpt":{"rendered":"Per richiedere un Atto di rinuncia all\u2019eredit\u00e0\u00a0l\u2019interessato dovr\u00e0 inviare a consolato.oslo@esteri.it: Copia del passaporto italiano la bozza dello stesso in formato word (predisposta da uno studio notarile in Italia) La bozza dovr\u00e0 contenere le generalit\u00e0 complete (cognome, nome, data e luogo di nascita, indirizzo di residenza, codice fiscale) del rinunciatario, nonch\u00e9 i dati relativi al [&hellip;]","protected":false},"author":4,"featured_media":0,"parent":71,"menu_order":2,"comment_status":"closed","ping_status":"closed","template":"","meta":{"footnotes":""},"class_list":["post-893","page","type-page","status-publish","hentry"],"_links":{"self":[{"href":"https:\/\/amboslo.esteri.it\/it\/wp-json\/wp\/v2\/pages\/893","targetHints":{"allow":["GET"]}}],"collection":[{"href":"https:\/\/amboslo.esteri.it\/it\/wp-json\/wp\/v2\/pages"}],"about":[{"href":"https:\/\/amboslo.esteri.it\/it\/wp-json\/wp\/v2\/types\/page"}],"author":[{"embeddable":true,"href":"https:\/\/amboslo.esteri.it\/it\/wp-json\/wp\/v2\/users\/4"}],"replies":[{"embeddable":true,"href":"https:\/\/amboslo.esteri.it\/it\/wp-json\/wp\/v2\/comments?post=893"}],"version-history":[{"count":3,"href":"https:\/\/amboslo.esteri.it\/it\/wp-json\/wp\/v2\/pages\/893\/revisions"}],"predecessor-version":[{"id":7153,"href":"https:\/\/amboslo.esteri.it\/it\/wp-json\/wp\/v2\/pages\/893\/revisions\/7153"}],"up":[{"embeddable":true,"href":"https:\/\/amboslo.esteri.it\/it\/wp-json\/wp\/v2\/pages\/71"}],"wp:attachment":[{"href":"https:\/\/amboslo.esteri.it\/it\/wp-json\/wp\/v2\/media?parent=893"}],"curies":[{"name":"wp","href":"https:\/\/api.w.org\/{rel}","templated":true}]}}