{"id":899,"date":"2023-09-18T10:02:42","date_gmt":"2023-09-18T08:02:42","guid":{"rendered":"https:\/\/amboslo.esteri.it\/?page_id=899"},"modified":"2026-01-28T09:30:14","modified_gmt":"2026-01-28T08:30:14","slug":"autentiche-di-firma-e-di-fotografia","status":"publish","type":"page","link":"https:\/\/amboslo.esteri.it\/it\/servizi-consolari-e-visti\/servizi-per-il-cittadino-italiano\/servizi-notarili\/autentiche-di-firma-e-di-fotografia\/","title":{"rendered":"Autentiche di firma e di fotografia"},"content":{"rendered":"<p>L\u2019autentica di firma \u00e8 diversa dalla procura perch\u00e9 non \u00e8 un atto notarile. <span style=\"text-decoration: underline;\">Si tratta di firmare in presenza di un funzionario consolare un documento in proprio possesso<\/span>, la cui firma \u00e8 richiesta da un ufficio\/ente, etc. in Italia o in Norvegia.<\/p>\n<p><span style=\"text-decoration: underline;\">Un cittadino italiano o europeo pu\u00f2 effettuare un&#8217;<strong>autocertificazione<\/strong> da presentare alle autorit\u00e0 e alla pubblica amministrazione italiana<\/span>, secondo il DPR 445\/2000 agli artt. 46 e 47), inviando una email a <strong><a href=\"mailto:consolato.oslo@esteri.it\">consolato.oslo@esteri.it<\/a>\u00a0<\/strong>per prenotare un appuntamento.<\/p>\n<p>Il giorno dell\u2019appuntamento occorrer\u00e0 portare con s\u00e9:<\/p>\n<ul>\n<li>Il modulo compilato e firmato <strong><a href=\"https:\/\/amboslo.esteri.it\/wp-content\/uploads\/2023\/09\/Dichiarazione-sostitutiva-dellatto-di-notorieta.doc\" target=\"_blank\" rel=\"noopener\">Dichiarazione sostitutiva dell&#8217;atto di notoriet\u00e0<\/a><\/strong>;<\/li>\n<li><span style=\"text-decoration: underline;\">Copia di passaporto o altro documento di riconoscimento in corso di validit\u00e0<\/span>.<\/li>\n<\/ul>\n","protected":false},"excerpt":{"rendered":"L\u2019autentica di firma \u00e8 diversa dalla procura perch\u00e9 non \u00e8 un atto notarile. Si tratta di firmare in presenza di un funzionario consolare un documento in proprio possesso, la cui firma \u00e8 richiesta da un ufficio\/ente, etc. in Italia o in Norvegia. Un cittadino italiano o europeo pu\u00f2 effettuare un&#8217;autocertificazione da presentare alle autorit\u00e0 e [&hellip;]","protected":false},"author":4,"featured_media":0,"parent":71,"menu_order":5,"comment_status":"closed","ping_status":"closed","template":"","meta":{"footnotes":""},"class_list":["post-899","page","type-page","status-publish","hentry"],"_links":{"self":[{"href":"https:\/\/amboslo.esteri.it\/it\/wp-json\/wp\/v2\/pages\/899","targetHints":{"allow":["GET"]}}],"collection":[{"href":"https:\/\/amboslo.esteri.it\/it\/wp-json\/wp\/v2\/pages"}],"about":[{"href":"https:\/\/amboslo.esteri.it\/it\/wp-json\/wp\/v2\/types\/page"}],"author":[{"embeddable":true,"href":"https:\/\/amboslo.esteri.it\/it\/wp-json\/wp\/v2\/users\/4"}],"replies":[{"embeddable":true,"href":"https:\/\/amboslo.esteri.it\/it\/wp-json\/wp\/v2\/comments?post=899"}],"version-history":[{"count":6,"href":"https:\/\/amboslo.esteri.it\/it\/wp-json\/wp\/v2\/pages\/899\/revisions"}],"predecessor-version":[{"id":7154,"href":"https:\/\/amboslo.esteri.it\/it\/wp-json\/wp\/v2\/pages\/899\/revisions\/7154"}],"up":[{"embeddable":true,"href":"https:\/\/amboslo.esteri.it\/it\/wp-json\/wp\/v2\/pages\/71"}],"wp:attachment":[{"href":"https:\/\/amboslo.esteri.it\/it\/wp-json\/wp\/v2\/media?parent=899"}],"curies":[{"name":"wp","href":"https:\/\/api.w.org\/{rel}","templated":true}]}}