{"id":925,"date":"2023-09-18T16:23:05","date_gmt":"2023-09-18T14:23:05","guid":{"rendered":"https:\/\/amboslo.esteri.it\/?page_id=925"},"modified":"2023-09-28T10:22:04","modified_gmt":"2023-09-28T08:22:04","slug":"studiare-in-norvegia","status":"publish","type":"page","link":"https:\/\/amboslo.esteri.it\/it\/italia-e-norvegia\/diplomazia-culturale\/studiare-in-norvegia\/","title":{"rendered":"Studiare in Norvegia"},"content":{"rendered":"<p>Chi desideri intraprendere una formazione scolastica universitaria in Norvegia, puo&#8217; trovare una lista competa delle universit\u00e0 norvegesi e dei rispettivi corsi di studio su questo sito: <a href=\"https:\/\/www.studyinnorway.no\/\" target=\"_blank\" rel=\"noopener\">https:\/\/www.studyinnorway.no\/<\/a>, oppure <a href=\"https:\/\/www.studentum.no\/utdanning\/\" target=\"_blank\" rel=\"noopener\">https:\/\/www.studentum.no\/utdanning\/<\/a><\/p>\n<p>Per trovare quali qualifiche sono richieste per l\u2019iscrizione: <a href=\"https:\/\/www.studyinnorway.no\/entry-requirements-bachelor-and-master-programmes\" target=\"_blank\" rel=\"noopener\">https:\/\/www.studyinnorway.no\/entry-requirements-bachelor-and-master-programmes<\/a>, <a href=\"https:\/\/www.samordnaopptak.no\/info\/english\/general-requirements\/\" target=\"_blank\" rel=\"noopener\">https:\/\/www.samordnaopptak.no\/info\/english\/general-requirements\/<\/a> e\u00a0<a href=\"https:\/\/www.samordnaopptak.no\/info\/english\/language-requirements\/\" target=\"_blank\" rel=\"noopener\">https:\/\/www.samordnaopptak.no\/info\/english\/language-requirements\/<\/a><\/p>\n<p>I corsi universitari si svolgono sia in norvegese che inglese, e per il primo triennio (bachelor) viene richiesta una discreta conoscenza del norvegese e dell&#8217;inglese. La maggior parte dei corsi nel biennio successivo (master) sono in lingua inglese.<\/p>\n<p>Le universit\u00e0 statali sono poco costose per gli studenti dell\u2019UE, ma il costo della vita nelle grandi citt\u00e0 \u00e8 molto alto, soprattutto a Oslo, Bergen, Stavanger, Trondheim e Troms\u00f8, ed \u00e8 difficile trovare un alloggio.<\/p>\n<p>I corsi universitari possono avere il numero chiuso. Si consiglia pertanto di prendere contatto con i singoli atenei e chiedere se hanno posti riservati agli studenti stranieri.<\/p>\n","protected":false},"excerpt":{"rendered":"Chi desideri intraprendere una formazione scolastica universitaria in Norvegia, puo&#8217; trovare una lista competa delle universit\u00e0 norvegesi e dei rispettivi corsi di studio su questo sito: https:\/\/www.studyinnorway.no\/, oppure https:\/\/www.studentum.no\/utdanning\/ Per trovare quali qualifiche sono richieste per l\u2019iscrizione: https:\/\/www.studyinnorway.no\/entry-requirements-bachelor-and-master-programmes, https:\/\/www.samordnaopptak.no\/info\/english\/general-requirements\/ e\u00a0https:\/\/www.samordnaopptak.no\/info\/english\/language-requirements\/ I corsi universitari si svolgono sia in norvegese che inglese, e per il primo triennio [&hellip;]","protected":false},"author":4,"featured_media":0,"parent":44,"menu_order":2,"comment_status":"closed","ping_status":"closed","template":"","meta":{"footnotes":""},"class_list":["post-925","page","type-page","status-publish","hentry"],"_links":{"self":[{"href":"https:\/\/amboslo.esteri.it\/it\/wp-json\/wp\/v2\/pages\/925","targetHints":{"allow":["GET"]}}],"collection":[{"href":"https:\/\/amboslo.esteri.it\/it\/wp-json\/wp\/v2\/pages"}],"about":[{"href":"https:\/\/amboslo.esteri.it\/it\/wp-json\/wp\/v2\/types\/page"}],"author":[{"embeddable":true,"href":"https:\/\/amboslo.esteri.it\/it\/wp-json\/wp\/v2\/users\/4"}],"replies":[{"embeddable":true,"href":"https:\/\/amboslo.esteri.it\/it\/wp-json\/wp\/v2\/comments?post=925"}],"version-history":[{"count":5,"href":"https:\/\/amboslo.esteri.it\/it\/wp-json\/wp\/v2\/pages\/925\/revisions"}],"predecessor-version":[{"id":1118,"href":"https:\/\/amboslo.esteri.it\/it\/wp-json\/wp\/v2\/pages\/925\/revisions\/1118"}],"up":[{"embeddable":true,"href":"https:\/\/amboslo.esteri.it\/it\/wp-json\/wp\/v2\/pages\/44"}],"wp:attachment":[{"href":"https:\/\/amboslo.esteri.it\/it\/wp-json\/wp\/v2\/media?parent=925"}],"curies":[{"name":"wp","href":"https:\/\/api.w.org\/{rel}","templated":true}]}}